{"id":662,"date":"2025-01-02T23:41:41","date_gmt":"2025-01-02T23:41:41","guid":{"rendered":"https:\/\/shirleydazacorp.com\/?page_id=662"},"modified":"2025-06-09T21:29:00","modified_gmt":"2025-06-09T21:29:00","slug":"refund_returns","status":"publish","type":"page","link":"https:\/\/shirleydazacorp.com\/en\/refund_returns\/","title":{"rendered":"Refund and Returns Policy"},"content":{"rendered":"<div data-elementor-type=\"wp-page\" data-elementor-id=\"662\" class=\"elementor elementor-662\" data-elementor-post-type=\"page\">\n\t\t\t\t<div class=\"elementor-element elementor-element-7e8c1f1a e-flex e-con-boxed e-con e-parent\" data-id=\"7e8c1f1a\" data-element_type=\"container\" data-e-type=\"container\">\n\t\t\t\t\t<div class=\"e-con-inner\">\n\t\t\t\t\t<\/div>\n\t\t\t\t<\/div>\n\t\t<div class=\"elementor-element elementor-element-4499f4e e-flex e-con-boxed e-con e-parent\" data-id=\"4499f4e\" data-element_type=\"container\" data-e-type=\"container\">\n\t\t\t\t\t<div class=\"e-con-inner\">\n\t\t\t\t<div class=\"elementor-element elementor-element-fceca2e elementor-widget elementor-widget-text-editor\" data-id=\"fceca2e\" data-element_type=\"widget\" data-e-type=\"widget\" data-widget_type=\"text-editor.default\">\n\t\t\t\t<div class=\"elementor-widget-container\">\n\t\t\t\t\t\t\t\t\t<h3 data-start=\"310\" data-end=\"362\">Pol\u00edtica de Reembolsos, Cancelaciones y Reservas<\/h3><p data-start=\"364\" data-end=\"552\">En Shirley Daza Aesthetic Center valoramos tu tiempo y el nuestro. Por eso, establecemos pol\u00edticas claras para garantizar una atenci\u00f3n organizada y respetuosa para todos nuestros clientes.<\/p><h4 data-start=\"554\" data-end=\"579\">\ud83e\uddf4 Productos f\u00edsicos<\/h4><ul data-start=\"581\" data-end=\"1024\"><li data-start=\"581\" data-end=\"665\"><p data-start=\"583\" data-end=\"665\">Aceptamos devoluciones de productos <strong data-start=\"619\" data-end=\"640\">sin abrir ni usar<\/strong>, en su empaque original.<\/p><\/li><li data-start=\"666\" data-end=\"750\"><p data-start=\"668\" data-end=\"750\">El plazo m\u00e1ximo para solicitar una devoluci\u00f3n es de <strong data-start=\"720\" data-end=\"730\">7 d\u00edas<\/strong> desde la recepci\u00f3n.<\/p><\/li><li data-start=\"751\" data-end=\"852\"><p data-start=\"753\" data-end=\"852\">El reembolso ser\u00e1 parcial o total dependiendo de los productos devueltos en condiciones aceptables.<\/p><\/li><li data-start=\"853\" data-end=\"921\"><p data-start=\"855\" data-end=\"921\"><strong data-start=\"855\" data-end=\"921\">El costo del env\u00edo de devoluci\u00f3n corre por cuenta del cliente.<\/strong><\/p><\/li><li data-start=\"922\" data-end=\"1024\"><p data-start=\"924\" data-end=\"1024\">Para gestionar una devoluci\u00f3n, escribe a <strong data-start=\"965\" data-end=\"993\"><a class=\"cursor-pointer\" rel=\"noopener\" data-start=\"967\" data-end=\"991\">info@shirleydazacorp.com<\/a><\/strong> indicando tu n\u00famero de pedido.<\/p><\/li><\/ul><p data-start=\"1026\" data-end=\"1130\">Los reembolsos ser\u00e1n procesados dentro de los <strong data-start=\"1072\" data-end=\"1090\">7 d\u00edas h\u00e1biles<\/strong> siguientes a la recepci\u00f3n del producto.<\/p><hr data-start=\"1132\" data-end=\"1135\" \/><h4 data-start=\"1137\" data-end=\"1172\">\ud83d\udc86\u200d\u2640\ufe0f Procedimientos est\u00e9ticos<\/h4><h5 data-start=\"1174\" data-end=\"1231\">\u25aa Servicios individuales (no pertenecen a paquetes)<\/h5><ul data-start=\"1232\" data-end=\"1506\"><li data-start=\"1232\" data-end=\"1292\"><p data-start=\"1234\" data-end=\"1292\">Se requiere un <strong data-start=\"1249\" data-end=\"1269\">dep\u00f3sito del 20%<\/strong> para reservar la cita.<\/p><\/li><li data-start=\"1293\" data-end=\"1369\"><p data-start=\"1295\" data-end=\"1369\">Si el cliente <strong data-start=\"1309\" data-end=\"1344\">no se presenta sin previo aviso<\/strong>, <strong data-start=\"1346\" data-end=\"1368\">pierde el dep\u00f3sito<\/strong>.<\/p><\/li><li data-start=\"1370\" data-end=\"1506\"><p data-start=\"1372\" data-end=\"1506\">Si cancela o reprograma <strong data-start=\"1396\" data-end=\"1437\">con al menos 24 horas de anticipaci\u00f3n<\/strong>, puede reprogramar la cita, pero <strong data-start=\"1471\" data-end=\"1505\">el dep\u00f3sito no es reembolsable<\/strong>.<\/p><\/li><\/ul><h5 data-start=\"1508\" data-end=\"1547\">\u25aa Paquetes de sesiones prepagadas<\/h5><ul data-start=\"1548\" data-end=\"1918\"><li data-start=\"1548\" data-end=\"1671\"><p data-start=\"1550\" data-end=\"1671\">Si el cliente <strong data-start=\"1564\" data-end=\"1598\">no avisa con tiempo suficiente<\/strong> para cancelar o reprogramar, la sesi\u00f3n ser\u00e1 <strong data-start=\"1643\" data-end=\"1670\">marcada como \u201catendida\u201d<\/strong>.<\/p><\/li><li data-start=\"1672\" data-end=\"1829\"><p data-start=\"1674\" data-end=\"1829\">Se aceptan reprogramaciones si el aviso se realiza <strong data-start=\"1725\" data-end=\"1765\">con al menos 2 horas de anticipaci\u00f3n<\/strong>, salvo <strong data-start=\"1773\" data-end=\"1828\">excepciones que quedar\u00e1n a nuestro criterio interno<\/strong>.<\/p><\/li><li data-start=\"1830\" data-end=\"1918\"><p data-start=\"1832\" data-end=\"1918\">No se realizan reembolsos por sesiones no utilizadas dentro de un paquete ya iniciado.<\/p><\/li><\/ul><hr data-start=\"1920\" data-end=\"1923\" \/><p data-start=\"1925\" data-end=\"2046\">Si tienes dudas o necesitas asistencia, cont\u00e1ctanos a trav\u00e9s de:<br \/>\ud83d\udce7 <strong data-start=\"1993\" data-end=\"2021\"><a class=\"cursor-pointer\" rel=\"noopener\" data-start=\"1995\" data-end=\"2019\">info@shirleydazacorp.com<\/a><\/strong><br data-start=\"2021\" data-end=\"2024\" \/>\ud83d\udcde <strong data-start=\"2027\" data-end=\"2046\">+1 786 915 9501<\/strong><\/p>\t\t\t\t\t\t\t\t<\/div>\n\t\t\t\t<\/div>\n\t\t\t\t\t<\/div>\n\t\t\t\t<\/div>\n\t\t\t\t<\/div>","protected":false},"excerpt":{"rendered":"<p>Pol\u00edtica de Reembolsos, Cancelaciones y Reservas En Shirley Daza Aesthetic Center valoramos tu tiempo y el nuestro. Por eso, establecemos pol\u00edticas claras para garantizar una atenci\u00f3n organizada y respetuosa para todos nuestros clientes. \ud83e\uddf4 Productos f\u00edsicos Aceptamos devoluciones de productos sin abrir ni usar, en su empaque original. El plazo m\u00e1ximo para solicitar una devoluci\u00f3n [&hellip;]<\/p>\n","protected":false},"author":3,"featured_media":0,"parent":0,"menu_order":0,"comment_status":"closed","ping_status":"closed","template":"","meta":{"nf_dc_page":"","om_disable_all_campaigns":false,"site-container-style":"default","site-container-layout":"default","site-sidebar-layout":"default","site-transparent-header":"default","disable-article-header":"default","disable-site-header":"default","disable-site-footer":"default","disable-content-area-spacing":"default","footnotes":""},"class_list":["post-662","page","type-page","status-publish","hentry"],"yoast_head":"<!-- This site is optimized with the Yoast SEO plugin v27.4 - https:\/\/yoast.com\/product\/yoast-seo-wordpress\/ -->\n<title>Refund and Returns Policy - Shirley Daza Aesthetic Center<\/title>\n<meta name=\"description\" content=\"Conoce nuestra pol\u00edtica de reembolsos y devoluciones. Procesos claros y justos para tu tranquilidad y confianza.\" \/>\n<meta name=\"robots\" content=\"noindex, nofollow\" \/>\n<meta property=\"og:locale\" content=\"en_US\" \/>\n<meta property=\"og:type\" content=\"article\" \/>\n<meta property=\"og:title\" content=\"Refund and Returns Policy - Shirley Daza Aesthetic Center\" \/>\n<meta property=\"og:description\" content=\"Conoce nuestra pol\u00edtica de reembolsos y devoluciones. Procesos claros y justos para tu tranquilidad y confianza.\" \/>\n<meta property=\"og:url\" content=\"https:\/\/shirleydazacorp.com\/en\/refund_returns\/\" \/>\n<meta property=\"og:site_name\" content=\"Shirley Daza Aesthetic Center\" \/>\n<meta property=\"article:publisher\" content=\"https:\/\/www.facebook.com\/profile.php?id=100088348346496\" \/>\n<meta property=\"article:modified_time\" content=\"2025-06-09T21:29:00+00:00\" \/>\n<meta property=\"og:image\" content=\"https:\/\/i0.wp.com\/shirleydazacorp.com\/wp-content\/uploads\/2025\/01\/cropped-shirley-daza-aesthetic-center-h1.png?fit=400%2C400&ssl=1\" \/>\n\t<meta property=\"og:image:width\" content=\"400\" \/>\n\t<meta property=\"og:image:height\" content=\"400\" \/>\n\t<meta property=\"og:image:type\" content=\"image\/png\" \/>\n<meta name=\"twitter:card\" content=\"summary_large_image\" \/>\n<meta name=\"twitter:label1\" content=\"Est. reading time\" \/>\n\t<meta name=\"twitter:data1\" content=\"2 minutes\" \/>\n<script type=\"application\/ld+json\" class=\"yoast-schema-graph\">{\"@context\":\"https:\\\/\\\/schema.org\",\"@graph\":[{\"@type\":\"WebPage\",\"@id\":\"https:\\\/\\\/shirleydazacorp.com\\\/refund_returns\\\/\",\"url\":\"https:\\\/\\\/shirleydazacorp.com\\\/refund_returns\\\/\",\"name\":\"Refund and Returns Policy - Shirley Daza Aesthetic Center\",\"isPartOf\":{\"@id\":\"https:\\\/\\\/shirleydazacorp.com\\\/#website\"},\"datePublished\":\"2025-01-02T23:41:41+00:00\",\"dateModified\":\"2025-06-09T21:29:00+00:00\",\"description\":\"Conoce nuestra pol\u00edtica de reembolsos y devoluciones. Procesos claros y justos para tu tranquilidad y confianza.\",\"breadcrumb\":{\"@id\":\"https:\\\/\\\/shirleydazacorp.com\\\/refund_returns\\\/#breadcrumb\"},\"inLanguage\":\"en-US\",\"potentialAction\":[{\"@type\":\"ReadAction\",\"target\":[\"https:\\\/\\\/shirleydazacorp.com\\\/refund_returns\\\/\"]}]},{\"@type\":\"BreadcrumbList\",\"@id\":\"https:\\\/\\\/shirleydazacorp.com\\\/refund_returns\\\/#breadcrumb\",\"itemListElement\":[{\"@type\":\"ListItem\",\"position\":1,\"name\":\"Home\",\"item\":\"https:\\\/\\\/shirleydazacorp.com\\\/\"},{\"@type\":\"ListItem\",\"position\":2,\"name\":\"Refund and Returns Policy\"}]},{\"@type\":\"WebSite\",\"@id\":\"https:\\\/\\\/shirleydazacorp.com\\\/#website\",\"url\":\"https:\\\/\\\/shirleydazacorp.com\\\/\",\"name\":\"Shirley Daza Aesthetic Center\",\"description\":\"Your beauty and wellness in expert hands.\",\"publisher\":{\"@id\":\"https:\\\/\\\/shirleydazacorp.com\\\/#organization\"},\"potentialAction\":[{\"@type\":\"SearchAction\",\"target\":{\"@type\":\"EntryPoint\",\"urlTemplate\":\"https:\\\/\\\/shirleydazacorp.com\\\/?s={search_term_string}\"},\"query-input\":{\"@type\":\"PropertyValueSpecification\",\"valueRequired\":true,\"valueName\":\"search_term_string\"}}],\"inLanguage\":\"en-US\"},{\"@type\":\"Organization\",\"@id\":\"https:\\\/\\\/shirleydazacorp.com\\\/#organization\",\"name\":\"Shirley Daza Aesthetic Center\",\"url\":\"https:\\\/\\\/shirleydazacorp.com\\\/\",\"logo\":{\"@type\":\"ImageObject\",\"inLanguage\":\"en-US\",\"@id\":\"https:\\\/\\\/shirleydazacorp.com\\\/#\\\/schema\\\/logo\\\/image\\\/\",\"url\":\"https:\\\/\\\/i0.wp.com\\\/shirleydazacorp.com\\\/wp-content\\\/uploads\\\/2024\\\/12\\\/cropped-logo-shirley-daza.png?fit=401%2C250&ssl=1\",\"contentUrl\":\"https:\\\/\\\/i0.wp.com\\\/shirleydazacorp.com\\\/wp-content\\\/uploads\\\/2024\\\/12\\\/cropped-logo-shirley-daza.png?fit=401%2C250&ssl=1\",\"width\":401,\"height\":250,\"caption\":\"Shirley Daza Aesthetic Center\"},\"image\":{\"@id\":\"https:\\\/\\\/shirleydazacorp.com\\\/#\\\/schema\\\/logo\\\/image\\\/\"},\"sameAs\":[\"https:\\\/\\\/www.facebook.com\\\/profile.php?id=100088348346496\",\"https:\\\/\\\/www.instagram.com\\\/shirleydazacorp\\\/\",\"https:\\\/\\\/www.tiktok.com\\\/@sd_aesthetic\"]}]}<\/script>\n<!-- \/ Yoast SEO plugin. -->","yoast_head_json":{"title":"Refund and Returns Policy - Shirley Daza Aesthetic Center","description":"Conoce nuestra pol\u00edtica de reembolsos y devoluciones. Procesos claros y justos para tu tranquilidad y confianza.","robots":{"index":"noindex","follow":"nofollow"},"og_locale":"en_US","og_type":"article","og_title":"Refund and Returns Policy - Shirley Daza Aesthetic Center","og_description":"Conoce nuestra pol\u00edtica de reembolsos y devoluciones. Procesos claros y justos para tu tranquilidad y confianza.","og_url":"https:\/\/shirleydazacorp.com\/en\/refund_returns\/","og_site_name":"Shirley Daza Aesthetic Center","article_publisher":"https:\/\/www.facebook.com\/profile.php?id=100088348346496","article_modified_time":"2025-06-09T21:29:00+00:00","og_image":[{"width":400,"height":400,"url":"https:\/\/i0.wp.com\/shirleydazacorp.com\/wp-content\/uploads\/2025\/01\/cropped-shirley-daza-aesthetic-center-h1.png?fit=400%2C400&ssl=1","type":"image\/png"}],"twitter_card":"summary_large_image","twitter_misc":{"Est. reading time":"2 minutes"},"schema":{"@context":"https:\/\/schema.org","@graph":[{"@type":"WebPage","@id":"https:\/\/shirleydazacorp.com\/refund_returns\/","url":"https:\/\/shirleydazacorp.com\/refund_returns\/","name":"Refund and Returns Policy - Shirley Daza Aesthetic Center","isPartOf":{"@id":"https:\/\/shirleydazacorp.com\/#website"},"datePublished":"2025-01-02T23:41:41+00:00","dateModified":"2025-06-09T21:29:00+00:00","description":"Conoce nuestra pol\u00edtica de reembolsos y devoluciones. Procesos claros y justos para tu tranquilidad y confianza.","breadcrumb":{"@id":"https:\/\/shirleydazacorp.com\/refund_returns\/#breadcrumb"},"inLanguage":"en-US","potentialAction":[{"@type":"ReadAction","target":["https:\/\/shirleydazacorp.com\/refund_returns\/"]}]},{"@type":"BreadcrumbList","@id":"https:\/\/shirleydazacorp.com\/refund_returns\/#breadcrumb","itemListElement":[{"@type":"ListItem","position":1,"name":"Home","item":"https:\/\/shirleydazacorp.com\/"},{"@type":"ListItem","position":2,"name":"Refund and Returns Policy"}]},{"@type":"WebSite","@id":"https:\/\/shirleydazacorp.com\/#website","url":"https:\/\/shirleydazacorp.com\/","name":"Shirley Daza Aesthetic Center","description":"Your beauty and wellness in expert hands.","publisher":{"@id":"https:\/\/shirleydazacorp.com\/#organization"},"potentialAction":[{"@type":"SearchAction","target":{"@type":"EntryPoint","urlTemplate":"https:\/\/shirleydazacorp.com\/?s={search_term_string}"},"query-input":{"@type":"PropertyValueSpecification","valueRequired":true,"valueName":"search_term_string"}}],"inLanguage":"en-US"},{"@type":"Organization","@id":"https:\/\/shirleydazacorp.com\/#organization","name":"Shirley Daza Aesthetic Center","url":"https:\/\/shirleydazacorp.com\/","logo":{"@type":"ImageObject","inLanguage":"en-US","@id":"https:\/\/shirleydazacorp.com\/#\/schema\/logo\/image\/","url":"https:\/\/i0.wp.com\/shirleydazacorp.com\/wp-content\/uploads\/2024\/12\/cropped-logo-shirley-daza.png?fit=401%2C250&ssl=1","contentUrl":"https:\/\/i0.wp.com\/shirleydazacorp.com\/wp-content\/uploads\/2024\/12\/cropped-logo-shirley-daza.png?fit=401%2C250&ssl=1","width":401,"height":250,"caption":"Shirley Daza Aesthetic Center"},"image":{"@id":"https:\/\/shirleydazacorp.com\/#\/schema\/logo\/image\/"},"sameAs":["https:\/\/www.facebook.com\/profile.php?id=100088348346496","https:\/\/www.instagram.com\/shirleydazacorp\/","https:\/\/www.tiktok.com\/@sd_aesthetic"]}]}},"jetpack_sharing_enabled":true,"_links":{"self":[{"href":"https:\/\/shirleydazacorp.com\/en\/wp-json\/wp\/v2\/pages\/662","targetHints":{"allow":["GET"]}}],"collection":[{"href":"https:\/\/shirleydazacorp.com\/en\/wp-json\/wp\/v2\/pages"}],"about":[{"href":"https:\/\/shirleydazacorp.com\/en\/wp-json\/wp\/v2\/types\/page"}],"author":[{"embeddable":true,"href":"https:\/\/shirleydazacorp.com\/en\/wp-json\/wp\/v2\/users\/3"}],"replies":[{"embeddable":true,"href":"https:\/\/shirleydazacorp.com\/en\/wp-json\/wp\/v2\/comments?post=662"}],"version-history":[{"count":5,"href":"https:\/\/shirleydazacorp.com\/en\/wp-json\/wp\/v2\/pages\/662\/revisions"}],"predecessor-version":[{"id":4101,"href":"https:\/\/shirleydazacorp.com\/en\/wp-json\/wp\/v2\/pages\/662\/revisions\/4101"}],"wp:attachment":[{"href":"https:\/\/shirleydazacorp.com\/en\/wp-json\/wp\/v2\/media?parent=662"}],"curies":[{"name":"wp","href":"https:\/\/api.w.org\/{rel}","templated":true}]}}