{"id":3515,"date":"2025-04-21T15:07:49","date_gmt":"2025-04-21T15:07:49","guid":{"rendered":"https:\/\/shirleydazacorp.com\/?post_type=product&#038;p=3515"},"modified":"2025-05-08T18:22:55","modified_gmt":"2025-05-08T18:22:55","slug":"arum-life-suplemento-con-peptidos-de-colageno","status":"publish","type":"product","link":"https:\/\/shirleydazacorp.com\/en\/product\/arum-life-suplemento-con-peptidos-de-colageno\/","title":{"rendered":"Arum Life \u2013 Collagen Peptides Supplement"},"content":{"rendered":"<h3 class=\"\" data-start=\"614\" data-end=\"649\"><strong data-start=\"621\" data-end=\"649\">Benefits of Arum Life:<\/strong><\/h3>\n<ul data-start=\"650\" data-end=\"1155\">\n<li class=\"\" data-start=\"650\" data-end=\"773\">\n<p class=\"\" data-start=\"652\" data-end=\"773\">Reduces wrinkles and fine lines by up to 30% after 1 to 2 months of use, backed by scientific studies<\/p>\n<\/li>\n<li class=\"\" data-start=\"774\" data-end=\"824\">\n<p class=\"\" data-start=\"776\" data-end=\"824\">Enhances skin strength, firmness, and flexibility<\/p>\n<\/li>\n<li class=\"\" data-start=\"825\" data-end=\"865\">\n<p class=\"\" data-start=\"827\" data-end=\"865\">Accelerates healing processes<\/p>\n<\/li>\n<li class=\"\" data-start=\"866\" data-end=\"905\">\n<p class=\"\" data-start=\"868\" data-end=\"905\">Nourishes skin, hair, and nails<\/p>\n<\/li>\n<li class=\"\" data-start=\"906\" data-end=\"992\">\n<p class=\"\" data-start=\"908\" data-end=\"992\">Supports collagen production in anti-aging and anti-cellulite therapies<\/p>\n<\/li>\n<li class=\"\" data-start=\"993\" data-end=\"1085\">\n<p class=\"\" data-start=\"995\" data-end=\"1085\">Boosts the effectiveness of any aesthetic treatment, whether body or facial<\/p>\n<\/li>\n<li class=\"\" data-start=\"1086\" data-end=\"1119\">\n<p class=\"\" data-start=\"1088\" data-end=\"1119\">Important source of essential vitamins<\/p>\n<\/li>\n<li class=\"\" data-start=\"1120\" data-end=\"1155\">\n<p class=\"\" data-start=\"1122\" data-end=\"1155\">Strengthens the immune system<\/p>\n<\/li>\n<\/ul>\n<hr class=\"\" data-start=\"1157\" data-end=\"1160\" \/>\n<h3 class=\"\" data-start=\"1162\" data-end=\"1193\"><strong data-start=\"1169\" data-end=\"1193\">How to use Arum Life:<\/strong><\/h3>\n<p class=\"\" data-start=\"1194\" data-end=\"1349\">Dissolve the contents of 1 sachet per day in 200 to 600 ml of water or preferred beverage.\nBest consumed on an empty stomach or before a main meal. <strong data-start=\"1219\" data-end=\"1280\">1 sobre al d\u00eda en 200 a 600 ml de agua o bebida preferida<\/strong>. Consumir preferiblemente en ayunas o antes de una comida principal.<\/p>\n<hr class=\"\" data-start=\"1351\" data-end=\"1354\" \/>\n<h3 class=\"\" data-start=\"1356\" data-end=\"1393\"><strong data-start=\"1363\" data-end=\"1393\">Ingredients of Arum Life:<\/strong><\/h3>\n<ul data-start=\"1394\" data-end=\"1528\">\n<li class=\"\" data-start=\"1394\" data-end=\"1427\">\n<p class=\"\" data-start=\"1396\" data-end=\"1427\">Bioactive collagen peptides<\/p>\n<\/li>\n<li class=\"\" data-start=\"1428\" data-end=\"1460\">\n<p class=\"\" data-start=\"1430\" data-end=\"1460\">Vitamins: A, C, D, E, B6, B12<\/p>\n<\/li>\n<li class=\"\" data-start=\"1461\" data-end=\"1475\">\n<p class=\"\" data-start=\"1463\" data-end=\"1475\">Folic acid<\/p>\n<\/li>\n<li class=\"\" data-start=\"1476\" data-end=\"1485\">\n<p class=\"\" data-start=\"1478\" data-end=\"1485\">Folic acid<\/p>\n<\/li>\n<li class=\"\" data-start=\"1486\" data-end=\"1528\">\n<p class=\"\" data-start=\"1488\" data-end=\"1528\">Minerals: iron, calcium, phosphorus, zinc<\/p>\n<\/li>\n<\/ul>","protected":false},"excerpt":{"rendered":"<p class=\"\" data-start=\"263\" data-end=\"607\">Arum Life is a functional supplement in sachets that combines bioactive collagen peptides with a vitamin and mineral complex. Its formula is designed to regenerate the dermal matrix, strengthen hair and nails, and improve skin elasticity and firmness. Ideal for those seeking a comprehensive solution to beauty from within.<\/p>","protected":false},"featured_media":3516,"comment_status":"open","ping_status":"closed","template":"","meta":{"nf_dc_page":"","om_disable_all_campaigns":false,"site-container-style":"default","site-container-layout":"default","site-sidebar-layout":"default","site-transparent-header":"default","disable-article-header":"default","disable-site-header":"default","disable-site-footer":"default","disable-content-area-spacing":"default"},"product_brand":[25],"product_cat":[24],"product_tag":[],"class_list":{"0":"post-3515","1":"product","2":"type-product","3":"status-publish","4":"has-post-thumbnail","6":"product_brand-arum","7":"product_cat-suplementos","9":"first","10":"instock","11":"taxable","12":"shipping-taxable","13":"purchasable","14":"product-type-simple"},"yoast_head":"<!-- This site is optimized with the Yoast SEO plugin v27.4 - https:\/\/yoast.com\/product\/yoast-seo-wordpress\/ -->\n<title>Arum Life \u2013 Suplemento con p\u00e9ptidos de col\u00e1geno - Shirley Daza Aesthetic Center<\/title>\n<meta name=\"description\" content=\"Regenera tu piel, cabello y u\u00f1as con Arum Life. Suplemento con p\u00e9ptidos de col\u00e1geno y vitaminas esenciales. Disponible en Miami.\" \/>\n<meta name=\"robots\" content=\"index, follow, max-snippet:-1, max-image-preview:large, max-video-preview:-1\" \/>\n<link rel=\"canonical\" href=\"https:\/\/shirleydazacorp.com\/en\/product\/arum-life-suplemento-con-peptidos-de-colageno\/\" \/>\n<meta property=\"og:locale\" content=\"en_US\" \/>\n<meta property=\"og:type\" content=\"article\" \/>\n<meta property=\"og:title\" content=\"Arum Life \u2013 Suplemento con p\u00e9ptidos de col\u00e1geno - Shirley Daza Aesthetic Center\" \/>\n<meta property=\"og:description\" content=\"Regenera tu piel, cabello y u\u00f1as con Arum Life. Suplemento con p\u00e9ptidos de col\u00e1geno y vitaminas esenciales. Disponible en Miami.\" \/>\n<meta property=\"og:url\" content=\"https:\/\/shirleydazacorp.com\/en\/product\/arum-life-suplemento-con-peptidos-de-colageno\/\" \/>\n<meta property=\"og:site_name\" content=\"Shirley Daza Aesthetic Center\" \/>\n<meta property=\"article:publisher\" content=\"https:\/\/www.facebook.com\/profile.php?id=100088348346496\" \/>\n<meta property=\"article:modified_time\" content=\"2025-05-08T18:22:55+00:00\" \/>\n<meta property=\"og:image\" content=\"https:\/\/shirleydazacorp.com\/wp-content\/uploads\/2025\/04\/arum-life.png\" \/>\n\t<meta property=\"og:image:width\" content=\"506\" \/>\n\t<meta property=\"og:image:height\" content=\"445\" \/>\n\t<meta property=\"og:image:type\" content=\"image\/png\" \/>\n<meta name=\"twitter:card\" content=\"summary_large_image\" \/>\n<meta name=\"twitter:label1\" content=\"Est. reading time\" \/>\n\t<meta name=\"twitter:data1\" content=\"1 minute\" \/>\n<script type=\"application\/ld+json\" class=\"yoast-schema-graph\">{\"@context\":\"https:\\\/\\\/schema.org\",\"@graph\":[{\"@type\":\"WebPage\",\"@id\":\"https:\\\/\\\/shirleydazacorp.com\\\/product\\\/arum-life-suplemento-con-peptidos-de-colageno\\\/\",\"url\":\"https:\\\/\\\/shirleydazacorp.com\\\/product\\\/arum-life-suplemento-con-peptidos-de-colageno\\\/\",\"name\":\"Arum Life \u2013 Suplemento con p\u00e9ptidos de col\u00e1geno - Shirley Daza Aesthetic Center\",\"isPartOf\":{\"@id\":\"https:\\\/\\\/shirleydazacorp.com\\\/#website\"},\"primaryImageOfPage\":{\"@id\":\"https:\\\/\\\/shirleydazacorp.com\\\/product\\\/arum-life-suplemento-con-peptidos-de-colageno\\\/#primaryimage\"},\"image\":{\"@id\":\"https:\\\/\\\/shirleydazacorp.com\\\/product\\\/arum-life-suplemento-con-peptidos-de-colageno\\\/#primaryimage\"},\"thumbnailUrl\":\"https:\\\/\\\/i0.wp.com\\\/shirleydazacorp.com\\\/wp-content\\\/uploads\\\/2025\\\/04\\\/arum-life.png?fit=506%2C445&ssl=1\",\"datePublished\":\"2025-04-21T15:07:49+00:00\",\"dateModified\":\"2025-05-08T18:22:55+00:00\",\"description\":\"Regenera tu piel, cabello y u\u00f1as con Arum Life. Suplemento con p\u00e9ptidos de col\u00e1geno y vitaminas esenciales. Disponible en Miami.\",\"breadcrumb\":{\"@id\":\"https:\\\/\\\/shirleydazacorp.com\\\/product\\\/arum-life-suplemento-con-peptidos-de-colageno\\\/#breadcrumb\"},\"inLanguage\":\"en-US\",\"potentialAction\":[{\"@type\":\"ReadAction\",\"target\":[\"https:\\\/\\\/shirleydazacorp.com\\\/product\\\/arum-life-suplemento-con-peptidos-de-colageno\\\/\"]}]},{\"@type\":\"ImageObject\",\"inLanguage\":\"en-US\",\"@id\":\"https:\\\/\\\/shirleydazacorp.com\\\/product\\\/arum-life-suplemento-con-peptidos-de-colageno\\\/#primaryimage\",\"url\":\"https:\\\/\\\/i0.wp.com\\\/shirleydazacorp.com\\\/wp-content\\\/uploads\\\/2025\\\/04\\\/arum-life.png?fit=506%2C445&ssl=1\",\"contentUrl\":\"https:\\\/\\\/i0.wp.com\\\/shirleydazacorp.com\\\/wp-content\\\/uploads\\\/2025\\\/04\\\/arum-life.png?fit=506%2C445&ssl=1\",\"width\":506,\"height\":445,\"caption\":\"arum life\"},{\"@type\":\"BreadcrumbList\",\"@id\":\"https:\\\/\\\/shirleydazacorp.com\\\/product\\\/arum-life-suplemento-con-peptidos-de-colageno\\\/#breadcrumb\",\"itemListElement\":[{\"@type\":\"ListItem\",\"position\":1,\"name\":\"Home\",\"item\":\"https:\\\/\\\/shirleydazacorp.com\\\/\"},{\"@type\":\"ListItem\",\"position\":2,\"name\":\"Products\",\"item\":\"https:\\\/\\\/shirleydazacorp.com\\\/shop\\\/\"},{\"@type\":\"ListItem\",\"position\":3,\"name\":\"Arum Life \u2013 Suplemento con p\u00e9ptidos de col\u00e1geno\"}]},{\"@type\":\"WebSite\",\"@id\":\"https:\\\/\\\/shirleydazacorp.com\\\/#website\",\"url\":\"https:\\\/\\\/shirleydazacorp.com\\\/\",\"name\":\"Shirley Daza Aesthetic Center\",\"description\":\"Your beauty and wellness in expert hands.\",\"publisher\":{\"@id\":\"https:\\\/\\\/shirleydazacorp.com\\\/#organization\"},\"potentialAction\":[{\"@type\":\"SearchAction\",\"target\":{\"@type\":\"EntryPoint\",\"urlTemplate\":\"https:\\\/\\\/shirleydazacorp.com\\\/?s={search_term_string}\"},\"query-input\":{\"@type\":\"PropertyValueSpecification\",\"valueRequired\":true,\"valueName\":\"search_term_string\"}}],\"inLanguage\":\"en-US\"},{\"@type\":\"Organization\",\"@id\":\"https:\\\/\\\/shirleydazacorp.com\\\/#organization\",\"name\":\"Shirley Daza Aesthetic Center\",\"url\":\"https:\\\/\\\/shirleydazacorp.com\\\/\",\"logo\":{\"@type\":\"ImageObject\",\"inLanguage\":\"en-US\",\"@id\":\"https:\\\/\\\/shirleydazacorp.com\\\/#\\\/schema\\\/logo\\\/image\\\/\",\"url\":\"https:\\\/\\\/i0.wp.com\\\/shirleydazacorp.com\\\/wp-content\\\/uploads\\\/2024\\\/12\\\/cropped-logo-shirley-daza.png?fit=401%2C250&ssl=1\",\"contentUrl\":\"https:\\\/\\\/i0.wp.com\\\/shirleydazacorp.com\\\/wp-content\\\/uploads\\\/2024\\\/12\\\/cropped-logo-shirley-daza.png?fit=401%2C250&ssl=1\",\"width\":401,\"height\":250,\"caption\":\"Shirley Daza Aesthetic Center\"},\"image\":{\"@id\":\"https:\\\/\\\/shirleydazacorp.com\\\/#\\\/schema\\\/logo\\\/image\\\/\"},\"sameAs\":[\"https:\\\/\\\/www.facebook.com\\\/profile.php?id=100088348346496\",\"https:\\\/\\\/www.instagram.com\\\/shirleydazacorp\\\/\",\"https:\\\/\\\/www.tiktok.com\\\/@sd_aesthetic\"]}]}<\/script>\n<!-- \/ Yoast SEO plugin. -->","yoast_head_json":{"title":"Arum Life \u2013 Suplemento con p\u00e9ptidos de col\u00e1geno - Shirley Daza Aesthetic Center","description":"Regenera tu piel, cabello y u\u00f1as con Arum Life. Suplemento con p\u00e9ptidos de col\u00e1geno y vitaminas esenciales. Disponible en Miami.","robots":{"index":"index","follow":"follow","max-snippet":"max-snippet:-1","max-image-preview":"max-image-preview:large","max-video-preview":"max-video-preview:-1"},"canonical":"https:\/\/shirleydazacorp.com\/en\/product\/arum-life-suplemento-con-peptidos-de-colageno\/","og_locale":"en_US","og_type":"article","og_title":"Arum Life \u2013 Suplemento con p\u00e9ptidos de col\u00e1geno - Shirley Daza Aesthetic Center","og_description":"Regenera tu piel, cabello y u\u00f1as con Arum Life. Suplemento con p\u00e9ptidos de col\u00e1geno y vitaminas esenciales. Disponible en Miami.","og_url":"https:\/\/shirleydazacorp.com\/en\/product\/arum-life-suplemento-con-peptidos-de-colageno\/","og_site_name":"Shirley Daza Aesthetic Center","article_publisher":"https:\/\/www.facebook.com\/profile.php?id=100088348346496","article_modified_time":"2025-05-08T18:22:55+00:00","og_image":[{"width":506,"height":445,"url":"https:\/\/shirleydazacorp.com\/wp-content\/uploads\/2025\/04\/arum-life.png","type":"image\/png"}],"twitter_card":"summary_large_image","twitter_misc":{"Est. reading time":"1 minute"},"schema":{"@context":"https:\/\/schema.org","@graph":[{"@type":"WebPage","@id":"https:\/\/shirleydazacorp.com\/product\/arum-life-suplemento-con-peptidos-de-colageno\/","url":"https:\/\/shirleydazacorp.com\/product\/arum-life-suplemento-con-peptidos-de-colageno\/","name":"Arum Life \u2013 Suplemento con p\u00e9ptidos de col\u00e1geno - Shirley Daza Aesthetic Center","isPartOf":{"@id":"https:\/\/shirleydazacorp.com\/#website"},"primaryImageOfPage":{"@id":"https:\/\/shirleydazacorp.com\/product\/arum-life-suplemento-con-peptidos-de-colageno\/#primaryimage"},"image":{"@id":"https:\/\/shirleydazacorp.com\/product\/arum-life-suplemento-con-peptidos-de-colageno\/#primaryimage"},"thumbnailUrl":"https:\/\/i0.wp.com\/shirleydazacorp.com\/wp-content\/uploads\/2025\/04\/arum-life.png?fit=506%2C445&ssl=1","datePublished":"2025-04-21T15:07:49+00:00","dateModified":"2025-05-08T18:22:55+00:00","description":"Regenera tu piel, cabello y u\u00f1as con Arum Life. Suplemento con p\u00e9ptidos de col\u00e1geno y vitaminas esenciales. Disponible en Miami.","breadcrumb":{"@id":"https:\/\/shirleydazacorp.com\/product\/arum-life-suplemento-con-peptidos-de-colageno\/#breadcrumb"},"inLanguage":"en-US","potentialAction":[{"@type":"ReadAction","target":["https:\/\/shirleydazacorp.com\/product\/arum-life-suplemento-con-peptidos-de-colageno\/"]}]},{"@type":"ImageObject","inLanguage":"en-US","@id":"https:\/\/shirleydazacorp.com\/product\/arum-life-suplemento-con-peptidos-de-colageno\/#primaryimage","url":"https:\/\/i0.wp.com\/shirleydazacorp.com\/wp-content\/uploads\/2025\/04\/arum-life.png?fit=506%2C445&ssl=1","contentUrl":"https:\/\/i0.wp.com\/shirleydazacorp.com\/wp-content\/uploads\/2025\/04\/arum-life.png?fit=506%2C445&ssl=1","width":506,"height":445,"caption":"arum life"},{"@type":"BreadcrumbList","@id":"https:\/\/shirleydazacorp.com\/product\/arum-life-suplemento-con-peptidos-de-colageno\/#breadcrumb","itemListElement":[{"@type":"ListItem","position":1,"name":"Home","item":"https:\/\/shirleydazacorp.com\/"},{"@type":"ListItem","position":2,"name":"Products","item":"https:\/\/shirleydazacorp.com\/shop\/"},{"@type":"ListItem","position":3,"name":"Arum Life \u2013 Suplemento con p\u00e9ptidos de col\u00e1geno"}]},{"@type":"WebSite","@id":"https:\/\/shirleydazacorp.com\/#website","url":"https:\/\/shirleydazacorp.com\/","name":"Shirley Daza Aesthetic Center","description":"Your beauty and wellness in expert hands.","publisher":{"@id":"https:\/\/shirleydazacorp.com\/#organization"},"potentialAction":[{"@type":"SearchAction","target":{"@type":"EntryPoint","urlTemplate":"https:\/\/shirleydazacorp.com\/?s={search_term_string}"},"query-input":{"@type":"PropertyValueSpecification","valueRequired":true,"valueName":"search_term_string"}}],"inLanguage":"en-US"},{"@type":"Organization","@id":"https:\/\/shirleydazacorp.com\/#organization","name":"Shirley Daza Aesthetic Center","url":"https:\/\/shirleydazacorp.com\/","logo":{"@type":"ImageObject","inLanguage":"en-US","@id":"https:\/\/shirleydazacorp.com\/#\/schema\/logo\/image\/","url":"https:\/\/i0.wp.com\/shirleydazacorp.com\/wp-content\/uploads\/2024\/12\/cropped-logo-shirley-daza.png?fit=401%2C250&ssl=1","contentUrl":"https:\/\/i0.wp.com\/shirleydazacorp.com\/wp-content\/uploads\/2024\/12\/cropped-logo-shirley-daza.png?fit=401%2C250&ssl=1","width":401,"height":250,"caption":"Shirley Daza Aesthetic Center"},"image":{"@id":"https:\/\/shirleydazacorp.com\/#\/schema\/logo\/image\/"},"sameAs":["https:\/\/www.facebook.com\/profile.php?id=100088348346496","https:\/\/www.instagram.com\/shirleydazacorp\/","https:\/\/www.tiktok.com\/@sd_aesthetic"]}]}},"jetpack_sharing_enabled":true,"_links":{"self":[{"href":"https:\/\/shirleydazacorp.com\/en\/wp-json\/wp\/v2\/product\/3515","targetHints":{"allow":["GET"]}}],"collection":[{"href":"https:\/\/shirleydazacorp.com\/en\/wp-json\/wp\/v2\/product"}],"about":[{"href":"https:\/\/shirleydazacorp.com\/en\/wp-json\/wp\/v2\/types\/product"}],"replies":[{"embeddable":true,"href":"https:\/\/shirleydazacorp.com\/en\/wp-json\/wp\/v2\/comments?post=3515"}],"wp:featuredmedia":[{"embeddable":true,"href":"https:\/\/shirleydazacorp.com\/en\/wp-json\/wp\/v2\/media\/3516"}],"wp:attachment":[{"href":"https:\/\/shirleydazacorp.com\/en\/wp-json\/wp\/v2\/media?parent=3515"}],"wp:term":[{"taxonomy":"product_brand","embeddable":true,"href":"https:\/\/shirleydazacorp.com\/en\/wp-json\/wp\/v2\/product_brand?post=3515"},{"taxonomy":"product_cat","embeddable":true,"href":"https:\/\/shirleydazacorp.com\/en\/wp-json\/wp\/v2\/product_cat?post=3515"},{"taxonomy":"product_tag","embeddable":true,"href":"https:\/\/shirleydazacorp.com\/en\/wp-json\/wp\/v2\/product_tag?post=3515"}],"curies":[{"name":"wp","href":"https:\/\/api.w.org\/{rel}","templated":true}]}}