{"id":3519,"date":"2025-04-21T15:38:06","date_gmt":"2025-04-21T15:38:06","guid":{"rendered":"https:\/\/shirleydazacorp.com\/?post_type=product&#038;p=3519"},"modified":"2025-05-08T18:16:47","modified_gmt":"2025-05-08T18:16:47","slug":"clear-me-up-kit","status":"publish","type":"product","link":"https:\/\/shirleydazacorp.com\/en\/product\/clear-me-up-kit\/","title":{"rendered":"Clear Me Up Kit"},"content":{"rendered":"<h3 class=\"\" data-start=\"430\" data-end=\"472\"><strong data-start=\"437\" data-end=\"472\">Beneficios del Clear Me Up Kit:<\/strong><\/h3>\n<ul data-start=\"473\" data-end=\"716\">\n<li class=\"\" data-start=\"473\" data-end=\"512\">\n<p class=\"\" data-start=\"475\" data-end=\"512\"><span class=\"relative -mx-px my-[-0.2rem] rounded px-px py-[0.2rem] transition-colors duration-100 ease-in-out\">Regula la producci\u00f3n de sebo.<\/span><\/p>\n<\/li>\n<li class=\"\" data-start=\"513\" data-end=\"552\">\n<p class=\"\" data-start=\"515\" data-end=\"552\"><span class=\"relative -mx-px my-[-0.2rem] rounded px-px py-[0.2rem] transition-colors duration-100 ease-in-out\">Reduce la inflamaci\u00f3n y el enrojecimiento.<\/span><\/p>\n<\/li>\n<li class=\"\" data-start=\"553\" data-end=\"592\">\n<p class=\"\" data-start=\"555\" data-end=\"592\"><span class=\"relative -mx-px my-[-0.2rem] rounded px-px py-[0.2rem] transition-colors duration-100 ease-in-out\">Previene la proliferaci\u00f3n de bacterias causantes del acn\u00e9.<\/span><\/p>\n<\/li>\n<li class=\"\" data-start=\"593\" data-end=\"632\">\n<p class=\"\" data-start=\"595\" data-end=\"632\"><span class=\"relative -mx-px my-[-0.2rem] rounded px-px py-[0.2rem] transition-colors duration-100 ease-in-out\">Ayuda a controlar y prevenir brotes de acn\u00e9.<\/span><\/p>\n<\/li>\n<li class=\"\" data-start=\"633\" data-end=\"716\">\n<p class=\"\" data-start=\"635\" data-end=\"716\"><span class=\"relative -mx-px my-[-0.2rem] rounded px-px py-[0.2rem] transition-colors duration-100 ease-in-out\">Mantiene la piel hidratada sin obstruir los poros.<\/span>\u200b<\/p>\n<\/li>\n<\/ul>\n<hr class=\"\" data-start=\"718\" data-end=\"721\" \/>\n<h3 class=\"\" data-start=\"723\" data-end=\"763\"><strong data-start=\"730\" data-end=\"763\">C\u00f3mo usar el Clear Me Up Kit:<\/strong><\/h3>\n<ol data-start=\"764\" data-end=\"1013\">\n<li class=\"\" data-start=\"764\" data-end=\"835\">\n<p class=\"\" data-start=\"767\" data-end=\"835\"><strong data-start=\"767\" data-end=\"795\">Purifying Cleansing Gel:<\/strong> <span class=\"relative -mx-px my-[-0.2rem] rounded px-px py-[0.2rem] transition-colors duration-100 ease-in-out\">Aplicar sobre el rostro h\u00famedo, masajear suavemente y enjuagar con agua tibia.<\/span><\/p>\n<\/li>\n<li class=\"\" data-start=\"836\" data-end=\"900\">\n<p class=\"\" data-start=\"839\" data-end=\"900\"><strong data-start=\"839\" data-end=\"860\">Clarifying Serum:<\/strong> <span class=\"relative -mx-px my-[-0.2rem] rounded px-px py-[0.2rem] transition-colors duration-100 ease-in-out\">Aplicar una peque\u00f1a cantidad sobre la piel limpia y seca, enfoc\u00e1ndose en las \u00e1reas propensas al acn\u00e9.<\/span><\/p>\n<\/li>\n<li class=\"\" data-start=\"901\" data-end=\"1013\">\n<p class=\"\" data-start=\"904\" data-end=\"1013\"><strong data-start=\"904\" data-end=\"927\">Normalizing Lotion:<\/strong> <span class=\"relative -mx-px my-[-0.2rem] rounded px-px py-[0.2rem] transition-colors duration-100 ease-in-out\">Aplicar sobre todo el rostro para hidratar y equilibrar la piel.<\/span>\u200b<\/p>\n<\/li>\n<\/ol>\n<p class=\"\" data-start=\"1015\" data-end=\"1100\"><span class=\"relative -mx-px my-[-0.2rem] rounded px-px py-[0.2rem] transition-colors duration-100 ease-in-out\">Utilizar los productos en el orden mencionado, tanto en la ma\u00f1ana como en la noche, para obtener mejores resultados.<\/span>\u200b<\/p>\n<hr class=\"\" data-start=\"1102\" data-end=\"1105\" \/>\n<h3 class=\"\" data-start=\"1107\" data-end=\"1163\"><strong data-start=\"1114\" data-end=\"1163\">Ingredientes principales del Clear Me Up Kit:<\/strong><\/h3>\n<ul data-start=\"1164\" data-end=\"1335\">\n<li class=\"\" data-start=\"1164\" data-end=\"1205\">\n<p class=\"\" data-start=\"1166\" data-end=\"1205\"><span class=\"relative -mx-px my-[-0.2rem] rounded px-px py-[0.2rem] transition-colors duration-100 ease-in-out\">\u00c1cido azelaico.<\/span><\/p>\n<\/li>\n<li class=\"\" data-start=\"1206\" data-end=\"1247\">\n<p class=\"\" data-start=\"1208\" data-end=\"1247\"><span class=\"relative -mx-px my-[-0.2rem] rounded px-px py-[0.2rem] transition-colors duration-100 ease-in-out\">Extracto de regaliz.<\/span><\/p>\n<\/li>\n<li class=\"\" data-start=\"1248\" data-end=\"1335\">\n<p class=\"\" data-start=\"1250\" data-end=\"1335\"><span class=\"relative -mx-px my-[-0.2rem] rounded px-px py-[0.2rem] transition-colors duration-100 ease-in-out\">Prebi\u00f3ticos.<\/span>\u200b<\/p>\n<\/li>\n<\/ul>\n<hr class=\"\" data-start=\"1337\" data-end=\"1340\" \/>\n<h3 class=\"\" data-start=\"1342\" data-end=\"1375\"><strong data-start=\"1349\" data-end=\"1375\">Informaci\u00f3n adicional:<\/strong><\/h3>\n<ul data-start=\"1376\" data-end=\"1715\">\n<li class=\"\" data-start=\"1376\" data-end=\"1532\">\n<p class=\"\" data-start=\"1378\" data-end=\"1400\"><strong data-start=\"1378\" data-end=\"1400\">Contenido del kit:<\/strong><\/p>\n<ul data-start=\"1403\" data-end=\"1532\">\n<li class=\"\" data-start=\"1403\" data-end=\"1444\">\n<p class=\"\" data-start=\"1405\" data-end=\"1444\"><span class=\"relative -mx-px my-[-0.2rem] rounded px-px py-[0.2rem] transition-colors duration-100 ease-in-out\">Purifying Cleansing Gel: 6 fl oz (180 ml)<\/span><\/p>\n<\/li>\n<li class=\"\" data-start=\"1447\" data-end=\"1488\">\n<p class=\"\" data-start=\"1449\" data-end=\"1488\"><span class=\"relative -mx-px my-[-0.2rem] rounded px-px py-[0.2rem] transition-colors duration-100 ease-in-out\">Clarifying Serum: 1 fl oz (30 ml)<\/span><\/p>\n<\/li>\n<li class=\"\" data-start=\"1491\" data-end=\"1532\">\n<p class=\"\" data-start=\"1493\" data-end=\"1532\"><span class=\"relative -mx-px my-[-0.2rem] rounded px-px py-[0.2rem] transition-colors duration-100 ease-in-out\">Normalizing Lotion: 6 fl oz (180 ml)<\/span><\/p>\n<\/li>\n<\/ul>\n<\/li>\n<\/ul>\n","protected":false},"excerpt":{"rendered":"<p><span class=\"relative -mx-px my-[-0.2rem] rounded px-px py-[0.2rem] transition-colors duration-100 ease-in-out\">El <strong data-start=\"3\" data-end=\"22\">Clear Me Up Kit<\/strong> es un tratamiento dise\u00f1ado espec\u00edficamente para pieles mixtas, grasas y propensas al acn\u00e9.<\/span> <span class=\"relative -mx-px my-[-0.2rem] rounded px-px py-[0.2rem] transition-colors duration-100 ease-in-out\">Formulado con ingredientes como \u00e1cido azelaico, regaliz y prebioticos, este kit ayuda a regular la producci\u00f3n de sebo, reducir la inflamaci\u00f3n y prevenir la proliferaci\u00f3n de bacterias causantes del acn\u00e9, sin resecar la piel.<\/span> <span class=\"relative -mx-px my-[-0.2rem] rounded px-px py-[0.2rem] transition-colors duration-100 ease-in-out\">Ideal para quienes buscan controlar brotes actuales y prevenir futuros, manteniendo una piel equilibrada y saludable.<\/span>\u200b<\/p>\n","protected":false},"featured_media":3520,"comment_status":"open","ping_status":"closed","template":"","meta":{"nf_dc_page":"","om_disable_all_campaigns":false,"site-container-style":"default","site-container-layout":"default","site-sidebar-layout":"default","site-transparent-header":"default","disable-article-header":"default","disable-site-header":"default","disable-site-footer":"default","disable-content-area-spacing":"default"},"product_brand":[30],"product_cat":[29],"product_tag":[],"class_list":{"0":"post-3519","1":"product","2":"type-product","3":"status-publish","4":"has-post-thumbnail","6":"product_brand-derma-swiss","7":"product_cat-kits-de-cuidado-facial","9":"first","10":"instock","11":"taxable","12":"shipping-taxable","13":"purchasable","14":"product-type-simple"},"yoast_head":"<!-- This site is optimized with the Yoast SEO plugin v27.4 - https:\/\/yoast.com\/product\/yoast-seo-wordpress\/ -->\n<title>Clear Me Up Kit - Shirley Daza Aesthetic Center<\/title>\n<meta name=\"description\" content=\"Controla el acn\u00e9 y equilibra tu piel grasa con el Clear Me Up Kit. Tratamiento integral con \u00e1cido azelaico, regaliz y prebi\u00f3ticos.\u200b\" \/>\n<meta name=\"robots\" content=\"index, follow, max-snippet:-1, max-image-preview:large, max-video-preview:-1\" \/>\n<link rel=\"canonical\" href=\"https:\/\/shirleydazacorp.com\/en\/product\/clear-me-up-kit\/\" \/>\n<meta property=\"og:locale\" content=\"en_US\" \/>\n<meta property=\"og:type\" content=\"article\" \/>\n<meta property=\"og:title\" content=\"Clear Me Up Kit - Shirley Daza Aesthetic Center\" \/>\n<meta property=\"og:description\" content=\"Controla el acn\u00e9 y equilibra tu piel grasa con el Clear Me Up Kit. Tratamiento integral con \u00e1cido azelaico, regaliz y prebi\u00f3ticos.\u200b\" \/>\n<meta property=\"og:url\" content=\"https:\/\/shirleydazacorp.com\/en\/product\/clear-me-up-kit\/\" \/>\n<meta property=\"og:site_name\" content=\"Shirley Daza Aesthetic Center\" \/>\n<meta property=\"article:publisher\" content=\"https:\/\/www.facebook.com\/profile.php?id=100088348346496\" \/>\n<meta property=\"article:modified_time\" content=\"2025-05-08T18:16:47+00:00\" \/>\n<meta property=\"og:image\" content=\"https:\/\/shirleydazacorp.com\/wp-content\/uploads\/2025\/04\/Clear-Me-Up-Kit.png\" \/>\n\t<meta property=\"og:image:width\" content=\"506\" \/>\n\t<meta property=\"og:image:height\" content=\"437\" \/>\n\t<meta property=\"og:image:type\" content=\"image\/png\" \/>\n<meta name=\"twitter:card\" content=\"summary_large_image\" \/>\n<meta name=\"twitter:label1\" content=\"Est. reading time\" \/>\n\t<meta name=\"twitter:data1\" content=\"1 minute\" \/>\n<script type=\"application\/ld+json\" class=\"yoast-schema-graph\">{\"@context\":\"https:\\\/\\\/schema.org\",\"@graph\":[{\"@type\":\"WebPage\",\"@id\":\"https:\\\/\\\/shirleydazacorp.com\\\/product\\\/clear-me-up-kit\\\/\",\"url\":\"https:\\\/\\\/shirleydazacorp.com\\\/product\\\/clear-me-up-kit\\\/\",\"name\":\"Clear Me Up Kit - Shirley Daza Aesthetic Center\",\"isPartOf\":{\"@id\":\"https:\\\/\\\/shirleydazacorp.com\\\/#website\"},\"primaryImageOfPage\":{\"@id\":\"https:\\\/\\\/shirleydazacorp.com\\\/product\\\/clear-me-up-kit\\\/#primaryimage\"},\"image\":{\"@id\":\"https:\\\/\\\/shirleydazacorp.com\\\/product\\\/clear-me-up-kit\\\/#primaryimage\"},\"thumbnailUrl\":\"https:\\\/\\\/i0.wp.com\\\/shirleydazacorp.com\\\/wp-content\\\/uploads\\\/2025\\\/04\\\/Clear-Me-Up-Kit.png?fit=506%2C437&ssl=1\",\"datePublished\":\"2025-04-21T15:38:06+00:00\",\"dateModified\":\"2025-05-08T18:16:47+00:00\",\"description\":\"Controla el acn\u00e9 y equilibra tu piel grasa con el Clear Me Up Kit. Tratamiento integral con \u00e1cido azelaico, regaliz y prebi\u00f3ticos.\u200b\",\"breadcrumb\":{\"@id\":\"https:\\\/\\\/shirleydazacorp.com\\\/product\\\/clear-me-up-kit\\\/#breadcrumb\"},\"inLanguage\":\"en-US\",\"potentialAction\":[{\"@type\":\"ReadAction\",\"target\":[\"https:\\\/\\\/shirleydazacorp.com\\\/product\\\/clear-me-up-kit\\\/\"]}]},{\"@type\":\"ImageObject\",\"inLanguage\":\"en-US\",\"@id\":\"https:\\\/\\\/shirleydazacorp.com\\\/product\\\/clear-me-up-kit\\\/#primaryimage\",\"url\":\"https:\\\/\\\/i0.wp.com\\\/shirleydazacorp.com\\\/wp-content\\\/uploads\\\/2025\\\/04\\\/Clear-Me-Up-Kit.png?fit=506%2C437&ssl=1\",\"contentUrl\":\"https:\\\/\\\/i0.wp.com\\\/shirleydazacorp.com\\\/wp-content\\\/uploads\\\/2025\\\/04\\\/Clear-Me-Up-Kit.png?fit=506%2C437&ssl=1\",\"width\":506,\"height\":437,\"caption\":\"Clear Me Up Kit\"},{\"@type\":\"BreadcrumbList\",\"@id\":\"https:\\\/\\\/shirleydazacorp.com\\\/product\\\/clear-me-up-kit\\\/#breadcrumb\",\"itemListElement\":[{\"@type\":\"ListItem\",\"position\":1,\"name\":\"Home\",\"item\":\"https:\\\/\\\/shirleydazacorp.com\\\/\"},{\"@type\":\"ListItem\",\"position\":2,\"name\":\"Products\",\"item\":\"https:\\\/\\\/shirleydazacorp.com\\\/shop\\\/\"},{\"@type\":\"ListItem\",\"position\":3,\"name\":\"Clear Me Up Kit\"}]},{\"@type\":\"WebSite\",\"@id\":\"https:\\\/\\\/shirleydazacorp.com\\\/#website\",\"url\":\"https:\\\/\\\/shirleydazacorp.com\\\/\",\"name\":\"Shirley Daza Aesthetic Center\",\"description\":\"Your beauty and wellness in expert hands.\",\"publisher\":{\"@id\":\"https:\\\/\\\/shirleydazacorp.com\\\/#organization\"},\"potentialAction\":[{\"@type\":\"SearchAction\",\"target\":{\"@type\":\"EntryPoint\",\"urlTemplate\":\"https:\\\/\\\/shirleydazacorp.com\\\/?s={search_term_string}\"},\"query-input\":{\"@type\":\"PropertyValueSpecification\",\"valueRequired\":true,\"valueName\":\"search_term_string\"}}],\"inLanguage\":\"en-US\"},{\"@type\":\"Organization\",\"@id\":\"https:\\\/\\\/shirleydazacorp.com\\\/#organization\",\"name\":\"Shirley Daza Aesthetic Center\",\"url\":\"https:\\\/\\\/shirleydazacorp.com\\\/\",\"logo\":{\"@type\":\"ImageObject\",\"inLanguage\":\"en-US\",\"@id\":\"https:\\\/\\\/shirleydazacorp.com\\\/#\\\/schema\\\/logo\\\/image\\\/\",\"url\":\"https:\\\/\\\/i0.wp.com\\\/shirleydazacorp.com\\\/wp-content\\\/uploads\\\/2024\\\/12\\\/cropped-logo-shirley-daza.png?fit=401%2C250&ssl=1\",\"contentUrl\":\"https:\\\/\\\/i0.wp.com\\\/shirleydazacorp.com\\\/wp-content\\\/uploads\\\/2024\\\/12\\\/cropped-logo-shirley-daza.png?fit=401%2C250&ssl=1\",\"width\":401,\"height\":250,\"caption\":\"Shirley Daza Aesthetic Center\"},\"image\":{\"@id\":\"https:\\\/\\\/shirleydazacorp.com\\\/#\\\/schema\\\/logo\\\/image\\\/\"},\"sameAs\":[\"https:\\\/\\\/www.facebook.com\\\/profile.php?id=100088348346496\",\"https:\\\/\\\/www.instagram.com\\\/shirleydazacorp\\\/\",\"https:\\\/\\\/www.tiktok.com\\\/@sd_aesthetic\"]}]}<\/script>\n<!-- \/ Yoast SEO plugin. -->","yoast_head_json":{"title":"Clear Me Up Kit - Shirley Daza Aesthetic Center","description":"Controla el acn\u00e9 y equilibra tu piel grasa con el Clear Me Up Kit. Tratamiento integral con \u00e1cido azelaico, regaliz y prebi\u00f3ticos.\u200b","robots":{"index":"index","follow":"follow","max-snippet":"max-snippet:-1","max-image-preview":"max-image-preview:large","max-video-preview":"max-video-preview:-1"},"canonical":"https:\/\/shirleydazacorp.com\/en\/product\/clear-me-up-kit\/","og_locale":"en_US","og_type":"article","og_title":"Clear Me Up Kit - Shirley Daza Aesthetic Center","og_description":"Controla el acn\u00e9 y equilibra tu piel grasa con el Clear Me Up Kit. Tratamiento integral con \u00e1cido azelaico, regaliz y prebi\u00f3ticos.\u200b","og_url":"https:\/\/shirleydazacorp.com\/en\/product\/clear-me-up-kit\/","og_site_name":"Shirley Daza Aesthetic Center","article_publisher":"https:\/\/www.facebook.com\/profile.php?id=100088348346496","article_modified_time":"2025-05-08T18:16:47+00:00","og_image":[{"width":506,"height":437,"url":"https:\/\/shirleydazacorp.com\/wp-content\/uploads\/2025\/04\/Clear-Me-Up-Kit.png","type":"image\/png"}],"twitter_card":"summary_large_image","twitter_misc":{"Est. reading time":"1 minute"},"schema":{"@context":"https:\/\/schema.org","@graph":[{"@type":"WebPage","@id":"https:\/\/shirleydazacorp.com\/product\/clear-me-up-kit\/","url":"https:\/\/shirleydazacorp.com\/product\/clear-me-up-kit\/","name":"Clear Me Up Kit - Shirley Daza Aesthetic Center","isPartOf":{"@id":"https:\/\/shirleydazacorp.com\/#website"},"primaryImageOfPage":{"@id":"https:\/\/shirleydazacorp.com\/product\/clear-me-up-kit\/#primaryimage"},"image":{"@id":"https:\/\/shirleydazacorp.com\/product\/clear-me-up-kit\/#primaryimage"},"thumbnailUrl":"https:\/\/i0.wp.com\/shirleydazacorp.com\/wp-content\/uploads\/2025\/04\/Clear-Me-Up-Kit.png?fit=506%2C437&ssl=1","datePublished":"2025-04-21T15:38:06+00:00","dateModified":"2025-05-08T18:16:47+00:00","description":"Controla el acn\u00e9 y equilibra tu piel grasa con el Clear Me Up Kit. Tratamiento integral con \u00e1cido azelaico, regaliz y prebi\u00f3ticos.\u200b","breadcrumb":{"@id":"https:\/\/shirleydazacorp.com\/product\/clear-me-up-kit\/#breadcrumb"},"inLanguage":"en-US","potentialAction":[{"@type":"ReadAction","target":["https:\/\/shirleydazacorp.com\/product\/clear-me-up-kit\/"]}]},{"@type":"ImageObject","inLanguage":"en-US","@id":"https:\/\/shirleydazacorp.com\/product\/clear-me-up-kit\/#primaryimage","url":"https:\/\/i0.wp.com\/shirleydazacorp.com\/wp-content\/uploads\/2025\/04\/Clear-Me-Up-Kit.png?fit=506%2C437&ssl=1","contentUrl":"https:\/\/i0.wp.com\/shirleydazacorp.com\/wp-content\/uploads\/2025\/04\/Clear-Me-Up-Kit.png?fit=506%2C437&ssl=1","width":506,"height":437,"caption":"Clear Me Up Kit"},{"@type":"BreadcrumbList","@id":"https:\/\/shirleydazacorp.com\/product\/clear-me-up-kit\/#breadcrumb","itemListElement":[{"@type":"ListItem","position":1,"name":"Home","item":"https:\/\/shirleydazacorp.com\/"},{"@type":"ListItem","position":2,"name":"Products","item":"https:\/\/shirleydazacorp.com\/shop\/"},{"@type":"ListItem","position":3,"name":"Clear Me Up Kit"}]},{"@type":"WebSite","@id":"https:\/\/shirleydazacorp.com\/#website","url":"https:\/\/shirleydazacorp.com\/","name":"Shirley Daza Aesthetic Center","description":"Your beauty and wellness in expert hands.","publisher":{"@id":"https:\/\/shirleydazacorp.com\/#organization"},"potentialAction":[{"@type":"SearchAction","target":{"@type":"EntryPoint","urlTemplate":"https:\/\/shirleydazacorp.com\/?s={search_term_string}"},"query-input":{"@type":"PropertyValueSpecification","valueRequired":true,"valueName":"search_term_string"}}],"inLanguage":"en-US"},{"@type":"Organization","@id":"https:\/\/shirleydazacorp.com\/#organization","name":"Shirley Daza Aesthetic Center","url":"https:\/\/shirleydazacorp.com\/","logo":{"@type":"ImageObject","inLanguage":"en-US","@id":"https:\/\/shirleydazacorp.com\/#\/schema\/logo\/image\/","url":"https:\/\/i0.wp.com\/shirleydazacorp.com\/wp-content\/uploads\/2024\/12\/cropped-logo-shirley-daza.png?fit=401%2C250&ssl=1","contentUrl":"https:\/\/i0.wp.com\/shirleydazacorp.com\/wp-content\/uploads\/2024\/12\/cropped-logo-shirley-daza.png?fit=401%2C250&ssl=1","width":401,"height":250,"caption":"Shirley Daza Aesthetic Center"},"image":{"@id":"https:\/\/shirleydazacorp.com\/#\/schema\/logo\/image\/"},"sameAs":["https:\/\/www.facebook.com\/profile.php?id=100088348346496","https:\/\/www.instagram.com\/shirleydazacorp\/","https:\/\/www.tiktok.com\/@sd_aesthetic"]}]}},"jetpack_sharing_enabled":true,"_links":{"self":[{"href":"https:\/\/shirleydazacorp.com\/en\/wp-json\/wp\/v2\/product\/3519","targetHints":{"allow":["GET"]}}],"collection":[{"href":"https:\/\/shirleydazacorp.com\/en\/wp-json\/wp\/v2\/product"}],"about":[{"href":"https:\/\/shirleydazacorp.com\/en\/wp-json\/wp\/v2\/types\/product"}],"replies":[{"embeddable":true,"href":"https:\/\/shirleydazacorp.com\/en\/wp-json\/wp\/v2\/comments?post=3519"}],"wp:featuredmedia":[{"embeddable":true,"href":"https:\/\/shirleydazacorp.com\/en\/wp-json\/wp\/v2\/media\/3520"}],"wp:attachment":[{"href":"https:\/\/shirleydazacorp.com\/en\/wp-json\/wp\/v2\/media?parent=3519"}],"wp:term":[{"taxonomy":"product_brand","embeddable":true,"href":"https:\/\/shirleydazacorp.com\/en\/wp-json\/wp\/v2\/product_brand?post=3519"},{"taxonomy":"product_cat","embeddable":true,"href":"https:\/\/shirleydazacorp.com\/en\/wp-json\/wp\/v2\/product_cat?post=3519"},{"taxonomy":"product_tag","embeddable":true,"href":"https:\/\/shirleydazacorp.com\/en\/wp-json\/wp\/v2\/product_tag?post=3519"}],"curies":[{"name":"wp","href":"https:\/\/api.w.org\/{rel}","templated":true}]}}