{"id":3522,"date":"2025-04-23T19:25:14","date_gmt":"2025-04-23T19:25:14","guid":{"rendered":"https:\/\/shirleydazacorp.com\/?post_type=product&#038;p=3522"},"modified":"2025-05-08T18:16:00","modified_gmt":"2025-05-08T18:16:00","slug":"peeling-support-perfect-match-kit","status":"publish","type":"product","link":"https:\/\/shirleydazacorp.com\/en\/product\/peeling-support-perfect-match-kit\/","title":{"rendered":"Peeling Support Perfect Match Kit"},"content":{"rendered":"<h3 class=\"\" data-start=\"435\" data-end=\"495\"><strong data-start=\"442\" data-end=\"495\">Benefits of the Eye Deal Duo Perfect Match Kit:<\/strong><\/h3>\n<ul data-start=\"496\" data-end=\"788\">\n<li class=\"\" data-start=\"496\" data-end=\"539\">\n<p class=\"\" data-start=\"498\" data-end=\"539\">Strengthens the appearance of capillaries.<\/p>\n<\/li>\n<li class=\"\" data-start=\"540\" data-end=\"583\">\n<p class=\"\" data-start=\"542\" data-end=\"583\">Reduces redness and irritation.<\/p>\n<\/li>\n<li class=\"\" data-start=\"584\" data-end=\"654\">\n<p class=\"\" data-start=\"586\" data-end=\"654\">Supports skin after environmental exposures and general damage.<\/p>\n<\/li>\n<li class=\"\" data-start=\"655\" data-end=\"713\">\n<p class=\"\" data-start=\"657\" data-end=\"713\">Promotes a more balanced and radiant complexion.<\/p>\n<\/li>\n<li class=\"\" data-start=\"714\" data-end=\"788\">\n<p class=\"\" data-start=\"716\" data-end=\"788\">Ideal for sensitive skin.<\/p>\n<\/li>\n<\/ul>\n<hr class=\"\" data-start=\"790\" data-end=\"793\" \/>\n<h3 class=\"\" data-start=\"795\" data-end=\"853\"><strong data-start=\"802\" data-end=\"853\">How to Use the Peeling Support Perfect Match Kit<\/strong><\/h3>\n<ol data-start=\"854\" data-end=\"1092\">\n<li class=\"\" data-start=\"854\" data-end=\"930\">\n<p class=\"\" data-start=\"857\" data-end=\"930\"><strong data-start=\"857\" data-end=\"873\">Night 1 &amp; 2:<\/strong> Apply <strong data-start=\"882\" data-end=\"895\">Epifactor<\/strong> on clean, toned skin.<\/p>\n<\/li>\n<li class=\"\" data-start=\"931\" data-end=\"1003\">\n<p class=\"\" data-start=\"934\" data-end=\"1003\"><strong data-start=\"934\" data-end=\"946\">Night 3:<\/strong> Apply <strong data-start=\"955\" data-end=\"968\">Glycocell<\/strong> on clean, toned skin.<\/p>\n<\/li>\n<li class=\"\" data-start=\"1004\" data-end=\"1092\">\n<p class=\"\" data-start=\"1007\" data-end=\"1092\"><strong data-start=\"1007\" data-end=\"1027\">Repeat the cycle as needed.<\/strong> seg\u00fan sea necesario.\u200b<\/p>\n<\/li>\n<\/ol>\n<hr class=\"\" data-start=\"1094\" data-end=\"1097\" \/>\n<h3 class=\"\" data-start=\"1099\" data-end=\"1173\"><strong data-start=\"1106\" data-end=\"1173\">Key Ingredients of the Peeling Support Perfect Match Kit<\/strong><\/h3>\n<ul data-start=\"1174\" data-end=\"1488\">\n<li class=\"\" data-start=\"1174\" data-end=\"1248\">\n<p class=\"\" data-start=\"1176\" data-end=\"1248\"><strong data-start=\"1176\" data-end=\"1190\">Epifactor:<\/strong> Bioactive restorative gel that strengthens the skin.<\/p>\n<\/li>\n<li class=\"\" data-start=\"1249\" data-end=\"1314\">\n<p class=\"\" data-start=\"1251\" data-end=\"1314\"><strong data-start=\"1251\" data-end=\"1265\">Glycocell:<\/strong> Gentle exfoliating gel with 10% glycolic acid.<\/p>\n<\/li>\n<li class=\"\" data-start=\"1315\" data-end=\"1371\">\n<p class=\"\" data-start=\"1317\" data-end=\"1371\"><strong data-start=\"1317\" data-end=\"1342\">Hydra Q-10 (sample):<\/strong> Moisturizer with coenzyme Q10.<\/p>\n<\/li>\n<li class=\"\" data-start=\"1372\" data-end=\"1488\">\n<p class=\"\" data-start=\"1374\" data-end=\"1488\"><strong data-start=\"1374\" data-end=\"1397\">Coplacen (sample):<\/strong> Regenerating serum with growth factors.<\/p>\n<\/li>\n<\/ul>\n<hr class=\"\" data-start=\"1490\" data-end=\"1493\" \/>\n<h3 class=\"\" data-start=\"1495\" data-end=\"1528\"><strong data-start=\"1502\" data-end=\"1528\">Additional Information:<\/strong><\/h3>\n<ul data-start=\"1529\" data-end=\"1815\">\n<li class=\"\" data-start=\"1529\" data-end=\"1669\">\n<p class=\"\" data-start=\"1531\" data-end=\"1553\"><strong data-start=\"1531\" data-end=\"1553\">Kit contents:<\/strong><\/p>\n<ul data-start=\"1556\" data-end=\"1669\">\n<li class=\"\" data-start=\"1556\" data-end=\"1581\">\n<p class=\"\" data-start=\"1558\" data-end=\"1581\">Epifactor: 1 oz (30 ml)<\/p>\n<\/li>\n<li class=\"\" data-start=\"1584\" data-end=\"1609\">\n<p class=\"\" data-start=\"1586\" data-end=\"1609\">Glycocell: 1 oz (30 ml)<\/p>\n<\/li>\n<li class=\"\" data-start=\"1612\" data-end=\"1640\">\n<p class=\"\" data-start=\"1614\" data-end=\"1640\">Hydra Q-10: 3 ml (sample)<\/p>\n<\/li>\n<li class=\"\" data-start=\"1643\" data-end=\"1669\">\n<p class=\"\" data-start=\"1645\" data-end=\"1669\">Coplacen: 3 ml (sample)<\/p>\n<\/li>\n<\/ul>\n<\/li>\n<\/ul>","protected":false},"excerpt":{"rendered":"<p><span class=\"relative -mx-px my-[-0.2rem] rounded px-px py-[0.2rem] transition-colors duration-100 ease-in-out\">El <strong data-start=\"3\" data-end=\"40\">Peeling Support Perfect Match Kit<\/strong> est\u00e1 dise\u00f1ado para fortalecer la apariencia de los capilares, reducir el enrojecimiento y apoyar la piel despu\u00e9s de exposiciones ambientales como el sol y da\u00f1os generales en la piel.<\/span> <span class=\"relative -mx-px my-[-0.2rem] rounded px-px py-[0.2rem] transition-colors duration-100 ease-in-out\">Con este kit, experimenta un cutis de aspecto m\u00e1s equilibrado, ideal para pieles sensibles que buscan una apariencia m\u00e1s suave y radiante.<\/span><\/p>\n","protected":false},"featured_media":3523,"comment_status":"open","ping_status":"closed","template":"","meta":{"nf_dc_page":"","om_disable_all_campaigns":false,"site-container-style":"default","site-container-layout":"default","site-sidebar-layout":"default","site-transparent-header":"default","disable-article-header":"default","disable-site-header":"default","disable-site-footer":"default","disable-content-area-spacing":"default"},"product_brand":[30],"product_cat":[29],"product_tag":[],"class_list":{"0":"post-3522","1":"product","2":"type-product","3":"status-publish","4":"has-post-thumbnail","6":"product_brand-derma-swiss","7":"product_cat-kits-de-cuidado-facial","9":"first","10":"instock","11":"taxable","12":"shipping-taxable","13":"purchasable","14":"product-type-simple"},"yoast_head":"<!-- This site is optimized with the Yoast SEO plugin v27.4 - https:\/\/yoast.com\/product\/yoast-seo-wordpress\/ -->\n<title>Peeling Support Perfect Match Kit - Shirley Daza Aesthetic Center<\/title>\n<meta name=\"description\" content=\"Cuida tu piel antes, durante y despu\u00e9s de peelings con el Peeling Support Perfect Match Kit. Fortalece capilares, reduce enrojecimiento.\" \/>\n<meta name=\"robots\" content=\"index, follow, max-snippet:-1, max-image-preview:large, max-video-preview:-1\" \/>\n<link rel=\"canonical\" href=\"https:\/\/shirleydazacorp.com\/en\/product\/peeling-support-perfect-match-kit\/\" \/>\n<meta property=\"og:locale\" content=\"en_US\" \/>\n<meta property=\"og:type\" content=\"article\" \/>\n<meta property=\"og:title\" content=\"Peeling Support Perfect Match Kit - Shirley Daza Aesthetic Center\" \/>\n<meta property=\"og:description\" content=\"Cuida tu piel antes, durante y despu\u00e9s de peelings con el Peeling Support Perfect Match Kit. Fortalece capilares, reduce enrojecimiento.\" \/>\n<meta property=\"og:url\" content=\"https:\/\/shirleydazacorp.com\/en\/product\/peeling-support-perfect-match-kit\/\" \/>\n<meta property=\"og:site_name\" content=\"Shirley Daza Aesthetic Center\" \/>\n<meta property=\"article:publisher\" content=\"https:\/\/www.facebook.com\/profile.php?id=100088348346496\" \/>\n<meta property=\"article:modified_time\" content=\"2025-05-08T18:16:00+00:00\" \/>\n<meta property=\"og:image\" content=\"https:\/\/shirleydazacorp.com\/wp-content\/uploads\/2025\/04\/Peeling-Support-Perfect-Match-Kit.png\" \/>\n\t<meta property=\"og:image:width\" content=\"492\" \/>\n\t<meta property=\"og:image:height\" content=\"507\" \/>\n\t<meta property=\"og:image:type\" content=\"image\/png\" \/>\n<meta name=\"twitter:card\" content=\"summary_large_image\" \/>\n<meta name=\"twitter:label1\" content=\"Est. reading time\" \/>\n\t<meta name=\"twitter:data1\" content=\"1 minute\" \/>\n<script type=\"application\/ld+json\" class=\"yoast-schema-graph\">{\"@context\":\"https:\\\/\\\/schema.org\",\"@graph\":[{\"@type\":\"WebPage\",\"@id\":\"https:\\\/\\\/shirleydazacorp.com\\\/product\\\/peeling-support-perfect-match-kit\\\/\",\"url\":\"https:\\\/\\\/shirleydazacorp.com\\\/product\\\/peeling-support-perfect-match-kit\\\/\",\"name\":\"Peeling Support Perfect Match Kit - Shirley Daza Aesthetic Center\",\"isPartOf\":{\"@id\":\"https:\\\/\\\/shirleydazacorp.com\\\/#website\"},\"primaryImageOfPage\":{\"@id\":\"https:\\\/\\\/shirleydazacorp.com\\\/product\\\/peeling-support-perfect-match-kit\\\/#primaryimage\"},\"image\":{\"@id\":\"https:\\\/\\\/shirleydazacorp.com\\\/product\\\/peeling-support-perfect-match-kit\\\/#primaryimage\"},\"thumbnailUrl\":\"https:\\\/\\\/i0.wp.com\\\/shirleydazacorp.com\\\/wp-content\\\/uploads\\\/2025\\\/04\\\/Peeling-Support-Perfect-Match-Kit.png?fit=492%2C507&ssl=1\",\"datePublished\":\"2025-04-23T19:25:14+00:00\",\"dateModified\":\"2025-05-08T18:16:00+00:00\",\"description\":\"Cuida tu piel antes, durante y despu\u00e9s de peelings con el Peeling Support Perfect Match Kit. Fortalece capilares, reduce enrojecimiento.\",\"breadcrumb\":{\"@id\":\"https:\\\/\\\/shirleydazacorp.com\\\/product\\\/peeling-support-perfect-match-kit\\\/#breadcrumb\"},\"inLanguage\":\"en-US\",\"potentialAction\":[{\"@type\":\"ReadAction\",\"target\":[\"https:\\\/\\\/shirleydazacorp.com\\\/product\\\/peeling-support-perfect-match-kit\\\/\"]}]},{\"@type\":\"ImageObject\",\"inLanguage\":\"en-US\",\"@id\":\"https:\\\/\\\/shirleydazacorp.com\\\/product\\\/peeling-support-perfect-match-kit\\\/#primaryimage\",\"url\":\"https:\\\/\\\/i0.wp.com\\\/shirleydazacorp.com\\\/wp-content\\\/uploads\\\/2025\\\/04\\\/Peeling-Support-Perfect-Match-Kit.png?fit=492%2C507&ssl=1\",\"contentUrl\":\"https:\\\/\\\/i0.wp.com\\\/shirleydazacorp.com\\\/wp-content\\\/uploads\\\/2025\\\/04\\\/Peeling-Support-Perfect-Match-Kit.png?fit=492%2C507&ssl=1\",\"width\":492,\"height\":507,\"caption\":\"Peeling Support Perfect Match Kit\"},{\"@type\":\"BreadcrumbList\",\"@id\":\"https:\\\/\\\/shirleydazacorp.com\\\/product\\\/peeling-support-perfect-match-kit\\\/#breadcrumb\",\"itemListElement\":[{\"@type\":\"ListItem\",\"position\":1,\"name\":\"Home\",\"item\":\"https:\\\/\\\/shirleydazacorp.com\\\/\"},{\"@type\":\"ListItem\",\"position\":2,\"name\":\"Products\",\"item\":\"https:\\\/\\\/shirleydazacorp.com\\\/shop\\\/\"},{\"@type\":\"ListItem\",\"position\":3,\"name\":\"Peeling Support Perfect Match Kit\"}]},{\"@type\":\"WebSite\",\"@id\":\"https:\\\/\\\/shirleydazacorp.com\\\/#website\",\"url\":\"https:\\\/\\\/shirleydazacorp.com\\\/\",\"name\":\"Shirley Daza Aesthetic Center\",\"description\":\"Your beauty and wellness in expert hands.\",\"publisher\":{\"@id\":\"https:\\\/\\\/shirleydazacorp.com\\\/#organization\"},\"potentialAction\":[{\"@type\":\"SearchAction\",\"target\":{\"@type\":\"EntryPoint\",\"urlTemplate\":\"https:\\\/\\\/shirleydazacorp.com\\\/?s={search_term_string}\"},\"query-input\":{\"@type\":\"PropertyValueSpecification\",\"valueRequired\":true,\"valueName\":\"search_term_string\"}}],\"inLanguage\":\"en-US\"},{\"@type\":\"Organization\",\"@id\":\"https:\\\/\\\/shirleydazacorp.com\\\/#organization\",\"name\":\"Shirley Daza Aesthetic Center\",\"url\":\"https:\\\/\\\/shirleydazacorp.com\\\/\",\"logo\":{\"@type\":\"ImageObject\",\"inLanguage\":\"en-US\",\"@id\":\"https:\\\/\\\/shirleydazacorp.com\\\/#\\\/schema\\\/logo\\\/image\\\/\",\"url\":\"https:\\\/\\\/i0.wp.com\\\/shirleydazacorp.com\\\/wp-content\\\/uploads\\\/2024\\\/12\\\/cropped-logo-shirley-daza.png?fit=401%2C250&ssl=1\",\"contentUrl\":\"https:\\\/\\\/i0.wp.com\\\/shirleydazacorp.com\\\/wp-content\\\/uploads\\\/2024\\\/12\\\/cropped-logo-shirley-daza.png?fit=401%2C250&ssl=1\",\"width\":401,\"height\":250,\"caption\":\"Shirley Daza Aesthetic Center\"},\"image\":{\"@id\":\"https:\\\/\\\/shirleydazacorp.com\\\/#\\\/schema\\\/logo\\\/image\\\/\"},\"sameAs\":[\"https:\\\/\\\/www.facebook.com\\\/profile.php?id=100088348346496\",\"https:\\\/\\\/www.instagram.com\\\/shirleydazacorp\\\/\",\"https:\\\/\\\/www.tiktok.com\\\/@sd_aesthetic\"]}]}<\/script>\n<!-- \/ Yoast SEO plugin. -->","yoast_head_json":{"title":"Peeling Support Perfect Match Kit - Shirley Daza Aesthetic Center","description":"Cuida tu piel antes, durante y despu\u00e9s de peelings con el Peeling Support Perfect Match Kit. Fortalece capilares, reduce enrojecimiento.","robots":{"index":"index","follow":"follow","max-snippet":"max-snippet:-1","max-image-preview":"max-image-preview:large","max-video-preview":"max-video-preview:-1"},"canonical":"https:\/\/shirleydazacorp.com\/en\/product\/peeling-support-perfect-match-kit\/","og_locale":"en_US","og_type":"article","og_title":"Peeling Support Perfect Match Kit - Shirley Daza Aesthetic Center","og_description":"Cuida tu piel antes, durante y despu\u00e9s de peelings con el Peeling Support Perfect Match Kit. Fortalece capilares, reduce enrojecimiento.","og_url":"https:\/\/shirleydazacorp.com\/en\/product\/peeling-support-perfect-match-kit\/","og_site_name":"Shirley Daza Aesthetic Center","article_publisher":"https:\/\/www.facebook.com\/profile.php?id=100088348346496","article_modified_time":"2025-05-08T18:16:00+00:00","og_image":[{"width":492,"height":507,"url":"https:\/\/shirleydazacorp.com\/wp-content\/uploads\/2025\/04\/Peeling-Support-Perfect-Match-Kit.png","type":"image\/png"}],"twitter_card":"summary_large_image","twitter_misc":{"Est. reading time":"1 minute"},"schema":{"@context":"https:\/\/schema.org","@graph":[{"@type":"WebPage","@id":"https:\/\/shirleydazacorp.com\/product\/peeling-support-perfect-match-kit\/","url":"https:\/\/shirleydazacorp.com\/product\/peeling-support-perfect-match-kit\/","name":"Peeling Support Perfect Match Kit - Shirley Daza Aesthetic Center","isPartOf":{"@id":"https:\/\/shirleydazacorp.com\/#website"},"primaryImageOfPage":{"@id":"https:\/\/shirleydazacorp.com\/product\/peeling-support-perfect-match-kit\/#primaryimage"},"image":{"@id":"https:\/\/shirleydazacorp.com\/product\/peeling-support-perfect-match-kit\/#primaryimage"},"thumbnailUrl":"https:\/\/i0.wp.com\/shirleydazacorp.com\/wp-content\/uploads\/2025\/04\/Peeling-Support-Perfect-Match-Kit.png?fit=492%2C507&ssl=1","datePublished":"2025-04-23T19:25:14+00:00","dateModified":"2025-05-08T18:16:00+00:00","description":"Cuida tu piel antes, durante y despu\u00e9s de peelings con el Peeling Support Perfect Match Kit. Fortalece capilares, reduce enrojecimiento.","breadcrumb":{"@id":"https:\/\/shirleydazacorp.com\/product\/peeling-support-perfect-match-kit\/#breadcrumb"},"inLanguage":"en-US","potentialAction":[{"@type":"ReadAction","target":["https:\/\/shirleydazacorp.com\/product\/peeling-support-perfect-match-kit\/"]}]},{"@type":"ImageObject","inLanguage":"en-US","@id":"https:\/\/shirleydazacorp.com\/product\/peeling-support-perfect-match-kit\/#primaryimage","url":"https:\/\/i0.wp.com\/shirleydazacorp.com\/wp-content\/uploads\/2025\/04\/Peeling-Support-Perfect-Match-Kit.png?fit=492%2C507&ssl=1","contentUrl":"https:\/\/i0.wp.com\/shirleydazacorp.com\/wp-content\/uploads\/2025\/04\/Peeling-Support-Perfect-Match-Kit.png?fit=492%2C507&ssl=1","width":492,"height":507,"caption":"Peeling Support Perfect Match Kit"},{"@type":"BreadcrumbList","@id":"https:\/\/shirleydazacorp.com\/product\/peeling-support-perfect-match-kit\/#breadcrumb","itemListElement":[{"@type":"ListItem","position":1,"name":"Home","item":"https:\/\/shirleydazacorp.com\/"},{"@type":"ListItem","position":2,"name":"Products","item":"https:\/\/shirleydazacorp.com\/shop\/"},{"@type":"ListItem","position":3,"name":"Peeling Support Perfect Match Kit"}]},{"@type":"WebSite","@id":"https:\/\/shirleydazacorp.com\/#website","url":"https:\/\/shirleydazacorp.com\/","name":"Shirley Daza Aesthetic Center","description":"Your beauty and wellness in expert hands.","publisher":{"@id":"https:\/\/shirleydazacorp.com\/#organization"},"potentialAction":[{"@type":"SearchAction","target":{"@type":"EntryPoint","urlTemplate":"https:\/\/shirleydazacorp.com\/?s={search_term_string}"},"query-input":{"@type":"PropertyValueSpecification","valueRequired":true,"valueName":"search_term_string"}}],"inLanguage":"en-US"},{"@type":"Organization","@id":"https:\/\/shirleydazacorp.com\/#organization","name":"Shirley Daza Aesthetic Center","url":"https:\/\/shirleydazacorp.com\/","logo":{"@type":"ImageObject","inLanguage":"en-US","@id":"https:\/\/shirleydazacorp.com\/#\/schema\/logo\/image\/","url":"https:\/\/i0.wp.com\/shirleydazacorp.com\/wp-content\/uploads\/2024\/12\/cropped-logo-shirley-daza.png?fit=401%2C250&ssl=1","contentUrl":"https:\/\/i0.wp.com\/shirleydazacorp.com\/wp-content\/uploads\/2024\/12\/cropped-logo-shirley-daza.png?fit=401%2C250&ssl=1","width":401,"height":250,"caption":"Shirley Daza Aesthetic Center"},"image":{"@id":"https:\/\/shirleydazacorp.com\/#\/schema\/logo\/image\/"},"sameAs":["https:\/\/www.facebook.com\/profile.php?id=100088348346496","https:\/\/www.instagram.com\/shirleydazacorp\/","https:\/\/www.tiktok.com\/@sd_aesthetic"]}]}},"jetpack_sharing_enabled":true,"_links":{"self":[{"href":"https:\/\/shirleydazacorp.com\/en\/wp-json\/wp\/v2\/product\/3522","targetHints":{"allow":["GET"]}}],"collection":[{"href":"https:\/\/shirleydazacorp.com\/en\/wp-json\/wp\/v2\/product"}],"about":[{"href":"https:\/\/shirleydazacorp.com\/en\/wp-json\/wp\/v2\/types\/product"}],"replies":[{"embeddable":true,"href":"https:\/\/shirleydazacorp.com\/en\/wp-json\/wp\/v2\/comments?post=3522"}],"wp:featuredmedia":[{"embeddable":true,"href":"https:\/\/shirleydazacorp.com\/en\/wp-json\/wp\/v2\/media\/3523"}],"wp:attachment":[{"href":"https:\/\/shirleydazacorp.com\/en\/wp-json\/wp\/v2\/media?parent=3522"}],"wp:term":[{"taxonomy":"product_brand","embeddable":true,"href":"https:\/\/shirleydazacorp.com\/en\/wp-json\/wp\/v2\/product_brand?post=3522"},{"taxonomy":"product_cat","embeddable":true,"href":"https:\/\/shirleydazacorp.com\/en\/wp-json\/wp\/v2\/product_cat?post=3522"},{"taxonomy":"product_tag","embeddable":true,"href":"https:\/\/shirleydazacorp.com\/en\/wp-json\/wp\/v2\/product_tag?post=3522"}],"curies":[{"name":"wp","href":"https:\/\/api.w.org\/{rel}","templated":true}]}}