{"id":3524,"date":"2025-04-23T19:33:54","date_gmt":"2025-04-23T19:33:54","guid":{"rendered":"https:\/\/shirleydazacorp.com\/?post_type=product&#038;p=3524"},"modified":"2025-05-08T18:15:02","modified_gmt":"2025-05-08T18:15:02","slug":"eye-deal-duo-perfect-match-kit","status":"publish","type":"product","link":"https:\/\/shirleydazacorp.com\/en\/product\/eye-deal-duo-perfect-match-kit\/","title":{"rendered":"Eye Deal Duo Perfect Match Kit"},"content":{"rendered":"<h3 class=\"\" data-start=\"457\" data-end=\"514\"><strong data-start=\"464\" data-end=\"514\">Beneficios del Eye Deal Duo Perfect Match Kit:<\/strong><\/h3>\n<ul data-start=\"515\" data-end=\"718\">\n<li class=\"\" data-start=\"515\" data-end=\"554\">\n<p class=\"\" data-start=\"517\" data-end=\"554\"><span class=\"relative -mx-px my-[-0.2rem] rounded px-px py-[0.2rem] transition-colors duration-100 ease-in-out\">Reduce la apariencia de l\u00edneas finas y arrugas.<\/span><\/p>\n<\/li>\n<li class=\"\" data-start=\"555\" data-end=\"594\">\n<p class=\"\" data-start=\"557\" data-end=\"594\"><span class=\"relative -mx-px my-[-0.2rem] rounded px-px py-[0.2rem] transition-colors duration-100 ease-in-out\">Disminuye ojeras e hinchaz\u00f3n.<\/span><\/p>\n<\/li>\n<li class=\"\" data-start=\"595\" data-end=\"634\">\n<p class=\"\" data-start=\"597\" data-end=\"634\"><span class=\"relative -mx-px my-[-0.2rem] rounded px-px py-[0.2rem] transition-colors duration-100 ease-in-out\">Promueve una piel m\u00e1s firme e hidratada alrededor de los ojos.<\/span><\/p>\n<\/li>\n<li class=\"\" data-start=\"635\" data-end=\"718\">\n<p class=\"\" data-start=\"637\" data-end=\"718\"><span class=\"relative -mx-px my-[-0.2rem] rounded px-px py-[0.2rem] transition-colors duration-100 ease-in-out\">Refresca y rejuvenece visiblemente el \u00e1rea ocular.<\/span>\u200b<\/p>\n<\/li>\n<\/ul>\n<hr class=\"\" data-start=\"720\" data-end=\"723\" \/>\n<h3 class=\"\" data-start=\"725\" data-end=\"780\"><strong data-start=\"732\" data-end=\"780\">C\u00f3mo usar el Eye Deal Duo Perfect Match Kit:<\/strong><\/h3>\n<p class=\"\" data-start=\"781\" data-end=\"800\"><strong data-start=\"781\" data-end=\"800\">Ma\u00f1ana y noche:<\/strong><\/p>\n<ol data-start=\"801\" data-end=\"930\">\n<li class=\"\" data-start=\"801\" data-end=\"841\">\n<p class=\"\" data-start=\"804\" data-end=\"841\"><span class=\"relative -mx-px my-[-0.2rem] rounded px-px py-[0.2rem] transition-colors duration-100 ease-in-out\">Aplicar <strong data-start=\"8\" data-end=\"21\">Dual Lift<\/strong> sobre la piel limpia y tonificada alrededor de los ojos.<\/span><\/p>\n<\/li>\n<li class=\"\" data-start=\"842\" data-end=\"930\">\n<p class=\"\" data-start=\"845\" data-end=\"930\"><span class=\"relative -mx-px my-[-0.2rem] rounded px-px py-[0.2rem] transition-colors duration-100 ease-in-out\">Masajear suavemente <strong data-start=\"20\" data-end=\"35\">D&#8217;Eye Cream<\/strong> en la misma \u00e1rea.<\/span>\u200b<\/p>\n<\/li>\n<\/ol>\n<p class=\"\" data-start=\"932\" data-end=\"952\"><strong data-start=\"932\" data-end=\"952\">Recomendaciones:<\/strong><\/p>\n<ul data-start=\"953\" data-end=\"1082\">\n<li class=\"\" data-start=\"953\" data-end=\"994\">\n<p class=\"\" data-start=\"955\" data-end=\"994\"><span class=\"relative -mx-px my-[-0.2rem] rounded px-px py-[0.2rem] transition-colors duration-100 ease-in-out\">Para un beneficio adicional, aplicar ambos productos en el contorno de los labios.<\/span><\/p>\n<\/li>\n<li class=\"\" data-start=\"995\" data-end=\"1082\">\n<p class=\"\" data-start=\"997\" data-end=\"1082\"><span class=\"relative -mx-px my-[-0.2rem] rounded px-px py-[0.2rem] transition-colors duration-100 ease-in-out\">Incluir <strong data-start=\"8\" data-end=\"27\">Dermasun SPF 50<\/strong> en la rutina matutina para protecci\u00f3n solar diaria.<\/span>\u200b<\/p>\n<\/li>\n<\/ul>\n<hr class=\"\" data-start=\"1084\" data-end=\"1087\" \/>\n<h3 class=\"\" data-start=\"1089\" data-end=\"1160\"><strong data-start=\"1096\" data-end=\"1160\">Ingredientes principales del Eye Deal Duo Perfect Match Kit:<\/strong><\/h3>\n<ul data-start=\"1161\" data-end=\"1561\">\n<li class=\"\" data-start=\"1161\" data-end=\"1262\">\n<p class=\"\" data-start=\"1163\" data-end=\"1262\"><strong data-start=\"1163\" data-end=\"1177\">Dual Lift:<\/strong> P\u00e9ptidos y antioxidantes para mejorar la firmeza y reducir signos de envejecimiento.<\/p>\n<\/li>\n<li class=\"\" data-start=\"1263\" data-end=\"1356\">\n<p class=\"\" data-start=\"1265\" data-end=\"1356\"><strong data-start=\"1265\" data-end=\"1281\">D&#8217;Eye Cream:<\/strong> Ingredientes hidratantes y nutritivos para suavizar y revitalizar la piel.<\/p>\n<\/li>\n<li class=\"\" data-start=\"1357\" data-end=\"1436\">\n<p class=\"\" data-start=\"1359\" data-end=\"1436\"><strong data-start=\"1359\" data-end=\"1383\">V-Contour (muestra):<\/strong> F\u00f3rmula para definir y tonificar el contorno ocular.<\/p>\n<\/li>\n<li class=\"\" data-start=\"1437\" data-end=\"1561\">\n<p class=\"\" data-start=\"1439\" data-end=\"1561\"><strong data-start=\"1439\" data-end=\"1463\">Hydra Q10 (muestra):<\/strong> Hidratante con coenzima Q10 para energizar la piel.\u200b<\/p>\n<\/li>\n<\/ul>\n<hr class=\"\" data-start=\"1563\" data-end=\"1566\" \/>\n<h3 class=\"\" data-start=\"1568\" data-end=\"1601\"><strong data-start=\"1575\" data-end=\"1601\">Informaci\u00f3n adicional:<\/strong><\/h3>\n<ul data-start=\"1602\" data-end=\"2013\">\n<li class=\"\" data-start=\"1602\" data-end=\"1748\">\n<p class=\"\" data-start=\"1604\" data-end=\"1626\"><strong data-start=\"1604\" data-end=\"1626\">Contenido del kit:<\/strong><\/p>\n<ul data-start=\"1629\" data-end=\"1748\">\n<li class=\"\" data-start=\"1629\" data-end=\"1656\">\n<p class=\"\" data-start=\"1631\" data-end=\"1656\">Dual Lift: 0.5 oz (15 ml)<\/p>\n<\/li>\n<li class=\"\" data-start=\"1659\" data-end=\"1688\">\n<p class=\"\" data-start=\"1661\" data-end=\"1688\">D&#8217;Eye Cream: 0.5 oz (15 ml)<\/p>\n<\/li>\n<li class=\"\" data-start=\"1691\" data-end=\"1718\">\n<p class=\"\" data-start=\"1693\" data-end=\"1718\">V-Contour: 3 ml (muestra)<\/p>\n<\/li>\n<li class=\"\" data-start=\"1721\" data-end=\"1748\">\n<p class=\"\" data-start=\"1723\" data-end=\"1748\">Hydra Q10: 3 ml (muestra)<\/p>\n<\/li>\n<\/ul>\n<\/li>\n<\/ul>\n","protected":false},"excerpt":{"rendered":"<p><span class=\"relative -mx-px my-[-0.2rem] rounded px-px py-[0.2rem] transition-colors duration-100 ease-in-out\">El <strong data-start=\"3\" data-end=\"37\">Eye Deal Duo Perfect Match Kit<\/strong> est\u00e1 dise\u00f1ado para todo tipo de piel y se enfoca en reducir los signos de fatiga y envejecimiento alrededor de los ojos.<\/span> <span class=\"relative -mx-px my-[-0.2rem] rounded px-px py-[0.2rem] transition-colors duration-100 ease-in-out\">Su f\u00f3rmula avanzada combina p\u00e9ptidos y antioxidantes para disminuir la apariencia de l\u00edneas finas, ojeras e hinchaz\u00f3n, promoviendo una piel m\u00e1s firme e hidratada.<\/span> <span class=\"relative -mx-px my-[-0.2rem] rounded px-px py-[0.2rem] transition-colors duration-100 ease-in-out\">Este kit ayuda a refrescar y rejuvenecer visiblemente el \u00e1rea ocular, brindando una apariencia m\u00e1s despierta y juvenil.<\/span>\u200b<\/p>\n","protected":false},"featured_media":3525,"comment_status":"open","ping_status":"closed","template":"","meta":{"nf_dc_page":"","om_disable_all_campaigns":false,"site-container-style":"default","site-container-layout":"default","site-sidebar-layout":"default","site-transparent-header":"default","disable-article-header":"default","disable-site-header":"default","disable-site-footer":"default","disable-content-area-spacing":"default"},"product_brand":[30],"product_cat":[29],"product_tag":[],"class_list":{"0":"post-3524","1":"product","2":"type-product","3":"status-publish","4":"has-post-thumbnail","6":"product_brand-derma-swiss","7":"product_cat-kits-de-cuidado-facial","9":"first","10":"instock","11":"taxable","12":"shipping-taxable","13":"purchasable","14":"product-type-simple"},"yoast_head":"<!-- This site is optimized with the Yoast SEO plugin v27.4 - https:\/\/yoast.com\/product\/yoast-seo-wordpress\/ -->\n<title>Eye Deal Duo Perfect Match Kit - Shirley Daza Aesthetic Center<\/title>\n<meta name=\"description\" content=\"Rejuvenece tu mirada con el Eye Deal Duo Perfect Match Kit. Tratamiento con p\u00e9ptidos y antioxidantes para reducir l\u00edneas finas, ojeras e hinchaz\u00f3n.\u200b\" \/>\n<meta name=\"robots\" content=\"index, follow, max-snippet:-1, max-image-preview:large, max-video-preview:-1\" \/>\n<link rel=\"canonical\" href=\"https:\/\/shirleydazacorp.com\/en\/product\/eye-deal-duo-perfect-match-kit\/\" \/>\n<meta property=\"og:locale\" content=\"en_US\" \/>\n<meta property=\"og:type\" content=\"article\" \/>\n<meta property=\"og:title\" content=\"Eye Deal Duo Perfect Match Kit - Shirley Daza Aesthetic Center\" \/>\n<meta property=\"og:description\" content=\"Rejuvenece tu mirada con el Eye Deal Duo Perfect Match Kit. Tratamiento con p\u00e9ptidos y antioxidantes para reducir l\u00edneas finas, ojeras e hinchaz\u00f3n.\u200b\" \/>\n<meta property=\"og:url\" content=\"https:\/\/shirleydazacorp.com\/en\/product\/eye-deal-duo-perfect-match-kit\/\" \/>\n<meta property=\"og:site_name\" content=\"Shirley Daza Aesthetic Center\" \/>\n<meta property=\"article:publisher\" content=\"https:\/\/www.facebook.com\/profile.php?id=100088348346496\" \/>\n<meta property=\"article:modified_time\" content=\"2025-05-08T18:15:02+00:00\" \/>\n<meta property=\"og:image\" content=\"https:\/\/shirleydazacorp.com\/wp-content\/uploads\/2025\/04\/Eye-Deal-Duo-Perfect-Match-Kit.png\" \/>\n\t<meta property=\"og:image:width\" content=\"495\" \/>\n\t<meta property=\"og:image:height\" content=\"466\" \/>\n\t<meta property=\"og:image:type\" content=\"image\/png\" \/>\n<meta name=\"twitter:card\" content=\"summary_large_image\" \/>\n<meta name=\"twitter:label1\" content=\"Est. reading time\" \/>\n\t<meta name=\"twitter:data1\" content=\"2 minutes\" \/>\n<script type=\"application\/ld+json\" class=\"yoast-schema-graph\">{\"@context\":\"https:\\\/\\\/schema.org\",\"@graph\":[{\"@type\":\"WebPage\",\"@id\":\"https:\\\/\\\/shirleydazacorp.com\\\/product\\\/eye-deal-duo-perfect-match-kit\\\/\",\"url\":\"https:\\\/\\\/shirleydazacorp.com\\\/product\\\/eye-deal-duo-perfect-match-kit\\\/\",\"name\":\"Eye Deal Duo Perfect Match Kit - Shirley Daza Aesthetic Center\",\"isPartOf\":{\"@id\":\"https:\\\/\\\/shirleydazacorp.com\\\/#website\"},\"primaryImageOfPage\":{\"@id\":\"https:\\\/\\\/shirleydazacorp.com\\\/product\\\/eye-deal-duo-perfect-match-kit\\\/#primaryimage\"},\"image\":{\"@id\":\"https:\\\/\\\/shirleydazacorp.com\\\/product\\\/eye-deal-duo-perfect-match-kit\\\/#primaryimage\"},\"thumbnailUrl\":\"https:\\\/\\\/i0.wp.com\\\/shirleydazacorp.com\\\/wp-content\\\/uploads\\\/2025\\\/04\\\/Eye-Deal-Duo-Perfect-Match-Kit.png?fit=495%2C466&ssl=1\",\"datePublished\":\"2025-04-23T19:33:54+00:00\",\"dateModified\":\"2025-05-08T18:15:02+00:00\",\"description\":\"Rejuvenece tu mirada con el Eye Deal Duo Perfect Match Kit. Tratamiento con p\u00e9ptidos y antioxidantes para reducir l\u00edneas finas, ojeras e hinchaz\u00f3n.\u200b\",\"breadcrumb\":{\"@id\":\"https:\\\/\\\/shirleydazacorp.com\\\/product\\\/eye-deal-duo-perfect-match-kit\\\/#breadcrumb\"},\"inLanguage\":\"en-US\",\"potentialAction\":[{\"@type\":\"ReadAction\",\"target\":[\"https:\\\/\\\/shirleydazacorp.com\\\/product\\\/eye-deal-duo-perfect-match-kit\\\/\"]}]},{\"@type\":\"ImageObject\",\"inLanguage\":\"en-US\",\"@id\":\"https:\\\/\\\/shirleydazacorp.com\\\/product\\\/eye-deal-duo-perfect-match-kit\\\/#primaryimage\",\"url\":\"https:\\\/\\\/i0.wp.com\\\/shirleydazacorp.com\\\/wp-content\\\/uploads\\\/2025\\\/04\\\/Eye-Deal-Duo-Perfect-Match-Kit.png?fit=495%2C466&ssl=1\",\"contentUrl\":\"https:\\\/\\\/i0.wp.com\\\/shirleydazacorp.com\\\/wp-content\\\/uploads\\\/2025\\\/04\\\/Eye-Deal-Duo-Perfect-Match-Kit.png?fit=495%2C466&ssl=1\",\"width\":495,\"height\":466,\"caption\":\"Eye Deal Duo Perfect Match Kit\"},{\"@type\":\"BreadcrumbList\",\"@id\":\"https:\\\/\\\/shirleydazacorp.com\\\/product\\\/eye-deal-duo-perfect-match-kit\\\/#breadcrumb\",\"itemListElement\":[{\"@type\":\"ListItem\",\"position\":1,\"name\":\"Home\",\"item\":\"https:\\\/\\\/shirleydazacorp.com\\\/\"},{\"@type\":\"ListItem\",\"position\":2,\"name\":\"Products\",\"item\":\"https:\\\/\\\/shirleydazacorp.com\\\/shop\\\/\"},{\"@type\":\"ListItem\",\"position\":3,\"name\":\"Eye Deal Duo Perfect Match Kit\"}]},{\"@type\":\"WebSite\",\"@id\":\"https:\\\/\\\/shirleydazacorp.com\\\/#website\",\"url\":\"https:\\\/\\\/shirleydazacorp.com\\\/\",\"name\":\"Shirley Daza Aesthetic Center\",\"description\":\"Your beauty and wellness in expert hands.\",\"publisher\":{\"@id\":\"https:\\\/\\\/shirleydazacorp.com\\\/#organization\"},\"potentialAction\":[{\"@type\":\"SearchAction\",\"target\":{\"@type\":\"EntryPoint\",\"urlTemplate\":\"https:\\\/\\\/shirleydazacorp.com\\\/?s={search_term_string}\"},\"query-input\":{\"@type\":\"PropertyValueSpecification\",\"valueRequired\":true,\"valueName\":\"search_term_string\"}}],\"inLanguage\":\"en-US\"},{\"@type\":\"Organization\",\"@id\":\"https:\\\/\\\/shirleydazacorp.com\\\/#organization\",\"name\":\"Shirley Daza Aesthetic Center\",\"url\":\"https:\\\/\\\/shirleydazacorp.com\\\/\",\"logo\":{\"@type\":\"ImageObject\",\"inLanguage\":\"en-US\",\"@id\":\"https:\\\/\\\/shirleydazacorp.com\\\/#\\\/schema\\\/logo\\\/image\\\/\",\"url\":\"https:\\\/\\\/i0.wp.com\\\/shirleydazacorp.com\\\/wp-content\\\/uploads\\\/2024\\\/12\\\/cropped-logo-shirley-daza.png?fit=401%2C250&ssl=1\",\"contentUrl\":\"https:\\\/\\\/i0.wp.com\\\/shirleydazacorp.com\\\/wp-content\\\/uploads\\\/2024\\\/12\\\/cropped-logo-shirley-daza.png?fit=401%2C250&ssl=1\",\"width\":401,\"height\":250,\"caption\":\"Shirley Daza Aesthetic Center\"},\"image\":{\"@id\":\"https:\\\/\\\/shirleydazacorp.com\\\/#\\\/schema\\\/logo\\\/image\\\/\"},\"sameAs\":[\"https:\\\/\\\/www.facebook.com\\\/profile.php?id=100088348346496\",\"https:\\\/\\\/www.instagram.com\\\/shirleydazacorp\\\/\",\"https:\\\/\\\/www.tiktok.com\\\/@sd_aesthetic\"]}]}<\/script>\n<!-- \/ Yoast SEO plugin. -->","yoast_head_json":{"title":"Eye Deal Duo Perfect Match Kit - Shirley Daza Aesthetic Center","description":"Rejuvenece tu mirada con el Eye Deal Duo Perfect Match Kit. Tratamiento con p\u00e9ptidos y antioxidantes para reducir l\u00edneas finas, ojeras e hinchaz\u00f3n.\u200b","robots":{"index":"index","follow":"follow","max-snippet":"max-snippet:-1","max-image-preview":"max-image-preview:large","max-video-preview":"max-video-preview:-1"},"canonical":"https:\/\/shirleydazacorp.com\/en\/product\/eye-deal-duo-perfect-match-kit\/","og_locale":"en_US","og_type":"article","og_title":"Eye Deal Duo Perfect Match Kit - Shirley Daza Aesthetic Center","og_description":"Rejuvenece tu mirada con el Eye Deal Duo Perfect Match Kit. Tratamiento con p\u00e9ptidos y antioxidantes para reducir l\u00edneas finas, ojeras e hinchaz\u00f3n.\u200b","og_url":"https:\/\/shirleydazacorp.com\/en\/product\/eye-deal-duo-perfect-match-kit\/","og_site_name":"Shirley Daza Aesthetic Center","article_publisher":"https:\/\/www.facebook.com\/profile.php?id=100088348346496","article_modified_time":"2025-05-08T18:15:02+00:00","og_image":[{"width":495,"height":466,"url":"https:\/\/shirleydazacorp.com\/wp-content\/uploads\/2025\/04\/Eye-Deal-Duo-Perfect-Match-Kit.png","type":"image\/png"}],"twitter_card":"summary_large_image","twitter_misc":{"Est. reading time":"2 minutes"},"schema":{"@context":"https:\/\/schema.org","@graph":[{"@type":"WebPage","@id":"https:\/\/shirleydazacorp.com\/product\/eye-deal-duo-perfect-match-kit\/","url":"https:\/\/shirleydazacorp.com\/product\/eye-deal-duo-perfect-match-kit\/","name":"Eye Deal Duo Perfect Match Kit - Shirley Daza Aesthetic Center","isPartOf":{"@id":"https:\/\/shirleydazacorp.com\/#website"},"primaryImageOfPage":{"@id":"https:\/\/shirleydazacorp.com\/product\/eye-deal-duo-perfect-match-kit\/#primaryimage"},"image":{"@id":"https:\/\/shirleydazacorp.com\/product\/eye-deal-duo-perfect-match-kit\/#primaryimage"},"thumbnailUrl":"https:\/\/i0.wp.com\/shirleydazacorp.com\/wp-content\/uploads\/2025\/04\/Eye-Deal-Duo-Perfect-Match-Kit.png?fit=495%2C466&ssl=1","datePublished":"2025-04-23T19:33:54+00:00","dateModified":"2025-05-08T18:15:02+00:00","description":"Rejuvenece tu mirada con el Eye Deal Duo Perfect Match Kit. Tratamiento con p\u00e9ptidos y antioxidantes para reducir l\u00edneas finas, ojeras e hinchaz\u00f3n.\u200b","breadcrumb":{"@id":"https:\/\/shirleydazacorp.com\/product\/eye-deal-duo-perfect-match-kit\/#breadcrumb"},"inLanguage":"en-US","potentialAction":[{"@type":"ReadAction","target":["https:\/\/shirleydazacorp.com\/product\/eye-deal-duo-perfect-match-kit\/"]}]},{"@type":"ImageObject","inLanguage":"en-US","@id":"https:\/\/shirleydazacorp.com\/product\/eye-deal-duo-perfect-match-kit\/#primaryimage","url":"https:\/\/i0.wp.com\/shirleydazacorp.com\/wp-content\/uploads\/2025\/04\/Eye-Deal-Duo-Perfect-Match-Kit.png?fit=495%2C466&ssl=1","contentUrl":"https:\/\/i0.wp.com\/shirleydazacorp.com\/wp-content\/uploads\/2025\/04\/Eye-Deal-Duo-Perfect-Match-Kit.png?fit=495%2C466&ssl=1","width":495,"height":466,"caption":"Eye Deal Duo Perfect Match Kit"},{"@type":"BreadcrumbList","@id":"https:\/\/shirleydazacorp.com\/product\/eye-deal-duo-perfect-match-kit\/#breadcrumb","itemListElement":[{"@type":"ListItem","position":1,"name":"Home","item":"https:\/\/shirleydazacorp.com\/"},{"@type":"ListItem","position":2,"name":"Products","item":"https:\/\/shirleydazacorp.com\/shop\/"},{"@type":"ListItem","position":3,"name":"Eye Deal Duo Perfect Match Kit"}]},{"@type":"WebSite","@id":"https:\/\/shirleydazacorp.com\/#website","url":"https:\/\/shirleydazacorp.com\/","name":"Shirley Daza Aesthetic Center","description":"Your beauty and wellness in expert hands.","publisher":{"@id":"https:\/\/shirleydazacorp.com\/#organization"},"potentialAction":[{"@type":"SearchAction","target":{"@type":"EntryPoint","urlTemplate":"https:\/\/shirleydazacorp.com\/?s={search_term_string}"},"query-input":{"@type":"PropertyValueSpecification","valueRequired":true,"valueName":"search_term_string"}}],"inLanguage":"en-US"},{"@type":"Organization","@id":"https:\/\/shirleydazacorp.com\/#organization","name":"Shirley Daza Aesthetic Center","url":"https:\/\/shirleydazacorp.com\/","logo":{"@type":"ImageObject","inLanguage":"en-US","@id":"https:\/\/shirleydazacorp.com\/#\/schema\/logo\/image\/","url":"https:\/\/i0.wp.com\/shirleydazacorp.com\/wp-content\/uploads\/2024\/12\/cropped-logo-shirley-daza.png?fit=401%2C250&ssl=1","contentUrl":"https:\/\/i0.wp.com\/shirleydazacorp.com\/wp-content\/uploads\/2024\/12\/cropped-logo-shirley-daza.png?fit=401%2C250&ssl=1","width":401,"height":250,"caption":"Shirley Daza Aesthetic Center"},"image":{"@id":"https:\/\/shirleydazacorp.com\/#\/schema\/logo\/image\/"},"sameAs":["https:\/\/www.facebook.com\/profile.php?id=100088348346496","https:\/\/www.instagram.com\/shirleydazacorp\/","https:\/\/www.tiktok.com\/@sd_aesthetic"]}]}},"jetpack_sharing_enabled":true,"_links":{"self":[{"href":"https:\/\/shirleydazacorp.com\/en\/wp-json\/wp\/v2\/product\/3524","targetHints":{"allow":["GET"]}}],"collection":[{"href":"https:\/\/shirleydazacorp.com\/en\/wp-json\/wp\/v2\/product"}],"about":[{"href":"https:\/\/shirleydazacorp.com\/en\/wp-json\/wp\/v2\/types\/product"}],"replies":[{"embeddable":true,"href":"https:\/\/shirleydazacorp.com\/en\/wp-json\/wp\/v2\/comments?post=3524"}],"wp:featuredmedia":[{"embeddable":true,"href":"https:\/\/shirleydazacorp.com\/en\/wp-json\/wp\/v2\/media\/3525"}],"wp:attachment":[{"href":"https:\/\/shirleydazacorp.com\/en\/wp-json\/wp\/v2\/media?parent=3524"}],"wp:term":[{"taxonomy":"product_brand","embeddable":true,"href":"https:\/\/shirleydazacorp.com\/en\/wp-json\/wp\/v2\/product_brand?post=3524"},{"taxonomy":"product_cat","embeddable":true,"href":"https:\/\/shirleydazacorp.com\/en\/wp-json\/wp\/v2\/product_cat?post=3524"},{"taxonomy":"product_tag","embeddable":true,"href":"https:\/\/shirleydazacorp.com\/en\/wp-json\/wp\/v2\/product_tag?post=3524"}],"curies":[{"name":"wp","href":"https:\/\/api.w.org\/{rel}","templated":true}]}}