{"id":3526,"date":"2025-04-23T19:43:26","date_gmt":"2025-04-23T19:43:26","guid":{"rendered":"https:\/\/shirleydazacorp.com\/?post_type=product&#038;p=3526"},"modified":"2025-05-08T18:14:25","modified_gmt":"2025-05-08T18:14:25","slug":"oily-moisture-booster-perfect-match-kit","status":"publish","type":"product","link":"https:\/\/shirleydazacorp.com\/en\/product\/oily-moisture-booster-perfect-match-kit\/","title":{"rendered":"Oily Moisture Booster Perfect Match Kit"},"content":{"rendered":"<h3 class=\"\" data-start=\"403\" data-end=\"469\"><strong data-start=\"410\" data-end=\"469\">Beneficios del Oily Moisture Booster Perfect Match Kit:<\/strong><\/h3>\n<ul data-start=\"470\" data-end=\"704\">\n<li class=\"\" data-start=\"470\" data-end=\"513\">\n<p class=\"\" data-start=\"472\" data-end=\"513\">Hidrataci\u00f3n profunda sin sensaci\u00f3n grasa.<\/p>\n<\/li>\n<li class=\"\" data-start=\"514\" data-end=\"560\">\n<p class=\"\" data-start=\"516\" data-end=\"560\">Mejora la elasticidad y suavidad de la piel.<\/p>\n<\/li>\n<li class=\"\" data-start=\"561\" data-end=\"599\">\n<p class=\"\" data-start=\"563\" data-end=\"599\">Protege contra factores ambientales.<\/p>\n<\/li>\n<li class=\"\" data-start=\"600\" data-end=\"704\">\n<p class=\"\" data-start=\"602\" data-end=\"704\">Ideal para pieles grasas que requieren hidrataci\u00f3n ligera.\u200b<\/p>\n<\/li>\n<\/ul>\n<hr class=\"\" data-start=\"706\" data-end=\"709\" \/>\n<h3 class=\"\" data-start=\"711\" data-end=\"775\"><strong data-start=\"718\" data-end=\"775\">C\u00f3mo usar el Oily Moisture Booster Perfect Match Kit:<\/strong><\/h3>\n<p class=\"\" data-start=\"776\" data-end=\"795\"><strong data-start=\"776\" data-end=\"795\">Ma\u00f1ana y noche:<\/strong><\/p>\n<ol data-start=\"796\" data-end=\"973\">\n<li class=\"\" data-start=\"796\" data-end=\"866\">\n<p class=\"\" data-start=\"799\" data-end=\"866\">Aplicar <strong data-start=\"807\" data-end=\"831\">Hyaluronic Acid Plus<\/strong> sobre la piel limpia y tonificada.<\/p>\n<\/li>\n<li class=\"\" data-start=\"867\" data-end=\"973\">\n<p class=\"\" data-start=\"870\" data-end=\"973\">Aplicar <strong data-start=\"878\" data-end=\"901\">Collagen Pepti Plus<\/strong> para sellar la hidrataci\u00f3n.\u200b<\/p>\n<\/li>\n<\/ol>\n<p class=\"\" data-start=\"975\" data-end=\"1009\"><strong data-start=\"975\" data-end=\"1009\">Una vez por semana (opcional):<\/strong><\/p>\n<ul data-start=\"1010\" data-end=\"1093\">\n<li class=\"\" data-start=\"1010\" data-end=\"1093\">\n<p class=\"\" data-start=\"1012\" data-end=\"1093\"><span class=\"relative -mx-px my-[-0.2rem] rounded px-px py-[0.2rem] transition-colors duration-100 ease-in-out\">Mezclar <strong data-start=\"8\" data-end=\"22\">Dermascrub<\/strong> y <strong data-start=\"25\" data-end=\"38\">Glycocell<\/strong>, aplicar sobre la piel limpia y dejar actuar durante 8 minutos. Enjuagar con agua y continuar con la rutina de hidrataci\u00f3n diaria.<\/span>\u200b<\/p>\n<\/li>\n<\/ul>\n<p class=\"\" data-start=\"1095\" data-end=\"1119\"><strong data-start=\"1095\" data-end=\"1119\">Consejo profesional:<\/strong><\/p>\n<ul data-start=\"1120\" data-end=\"1247\">\n<li class=\"\" data-start=\"1120\" data-end=\"1247\">\n<p class=\"\" data-start=\"1122\" data-end=\"1247\"><span class=\"relative -mx-px my-[-0.2rem] rounded px-px py-[0.2rem] transition-colors duration-100 ease-in-out\">Incluir <strong data-start=\"8\" data-end=\"27\">DERMASUN SPF 50<\/strong> en la rutina matutina para protecci\u00f3n solar diaria.<\/span> \u200b<\/p>\n<\/li>\n<\/ul>\n<hr class=\"\" data-start=\"1249\" data-end=\"1252\" \/>\n<h3 class=\"\" data-start=\"1254\" data-end=\"1334\"><strong data-start=\"1261\" data-end=\"1334\">Ingredientes principales del Oily Moisture Booster Perfect Match Kit:<\/strong><\/h3>\n<ul data-start=\"1335\" data-end=\"1650\">\n<li class=\"\" data-start=\"1335\" data-end=\"1402\">\n<p class=\"\" data-start=\"1337\" data-end=\"1402\"><strong data-start=\"1337\" data-end=\"1362\">Hyaluronic Acid Plus:<\/strong> <span class=\"relative -mx-px my-[-0.2rem] rounded px-px py-[0.2rem] transition-colors duration-100 ease-in-out\">\u00c1cido hialur\u00f3nico de tres pesos moleculares para una hidrataci\u00f3n profunda.<\/span><\/p>\n<\/li>\n<li class=\"\" data-start=\"1403\" data-end=\"1469\">\n<p class=\"\" data-start=\"1405\" data-end=\"1469\"><strong data-start=\"1405\" data-end=\"1429\">Collagen Pepti Plus:<\/strong> <span class=\"relative -mx-px my-[-0.2rem] rounded px-px py-[0.2rem] transition-colors duration-100 ease-in-out\">P\u00e9ptidos de col\u00e1geno para mejorar la elasticidad y firmeza de la piel.<\/span><\/p>\n<\/li>\n<li class=\"\" data-start=\"1470\" data-end=\"1537\">\n<p class=\"\" data-start=\"1472\" data-end=\"1537\"><strong data-start=\"1472\" data-end=\"1497\">Dermascrub (muestra):<\/strong> <span class=\"relative -mx-px my-[-0.2rem] rounded px-px py-[0.2rem] transition-colors duration-100 ease-in-out\">Exfoliante suave con Tierra de Diatomeas.<\/span><\/p>\n<\/li>\n<li class=\"\" data-start=\"1538\" data-end=\"1650\">\n<p class=\"\" data-start=\"1540\" data-end=\"1650\"><strong data-start=\"1540\" data-end=\"1564\">Glycocell (muestra):<\/strong> <span class=\"relative -mx-px my-[-0.2rem] rounded px-px py-[0.2rem] transition-colors duration-100 ease-in-out\">Gel rejuvenecedor con \u00e1cido glic\u00f3lico al 10%.<\/span>\u200b<\/p>\n<\/li>\n<\/ul>\n<hr class=\"\" data-start=\"1652\" data-end=\"1655\" \/>\n<h3 class=\"\" data-start=\"1657\" data-end=\"1690\"><strong data-start=\"1664\" data-end=\"1690\">Informaci\u00f3n adicional:<\/strong><\/h3>\n<ul data-start=\"1691\" data-end=\"2174\">\n<li class=\"\" data-start=\"1691\" data-end=\"1891\">\n<p class=\"\" data-start=\"1693\" data-end=\"1715\"><strong data-start=\"1693\" data-end=\"1715\">Contenido del kit:<\/strong><\/p>\n<ul data-start=\"1718\" data-end=\"1891\">\n<li class=\"\" data-start=\"1718\" data-end=\"1759\">\n<p class=\"\" data-start=\"1720\" data-end=\"1759\"><span class=\"relative -mx-px my-[-0.2rem] rounded px-px py-[0.2rem] transition-colors duration-100 ease-in-out\">Hyaluronic Acid Plus: 1 oz (30 ml)<\/span><\/p>\n<\/li>\n<li class=\"\" data-start=\"1762\" data-end=\"1803\">\n<p class=\"\" data-start=\"1764\" data-end=\"1803\"><span class=\"relative -mx-px my-[-0.2rem] rounded px-px py-[0.2rem] transition-colors duration-100 ease-in-out\">Collagen Pepti Plus: 1.7 oz (50 ml)<\/span><\/p>\n<\/li>\n<li class=\"\" data-start=\"1806\" data-end=\"1847\">\n<p class=\"\" data-start=\"1808\" data-end=\"1847\"><span class=\"relative -mx-px my-[-0.2rem] rounded px-px py-[0.2rem] transition-colors duration-100 ease-in-out\">Dermascrub: 3 ml (muestra)<\/span><\/p>\n<\/li>\n<li class=\"\" data-start=\"1850\" data-end=\"1891\">\n<p class=\"\" data-start=\"1852\" data-end=\"1891\"><span class=\"relative -mx-px my-[-0.2rem] rounded px-px py-[0.2rem] transition-colors duration-100 ease-in-out\">Glycocell: 3 ml (muestra)<\/span><\/p>\n<\/li>\n<\/ul>\n<\/li>\n<\/ul>\n","protected":false},"excerpt":{"rendered":"<p><span class=\"relative -mx-px my-[-0.2rem] rounded px-px py-[0.2rem] transition-colors duration-100 ease-in-out\">El <strong data-start=\"3\" data-end=\"46\">Oily Moisture Booster Perfect Match Kit<\/strong> est\u00e1 dise\u00f1ado para mantener una hidrataci\u00f3n \u00f3ptima en pieles grasas, proporcionando el equilibrio adecuado de humedad con una textura ligera.<\/span> <span class=\"relative -mx-px my-[-0.2rem] rounded px-px py-[0.2rem] transition-colors duration-100 ease-in-out\">Ambos productos act\u00faan en sinergia para mejorar visiblemente la flexibilidad de la piel y ayudar a mantener una apariencia saludable y bien hidratada, logrando un cutis m\u00e1s suave y radiante.<\/span><\/p>\n","protected":false},"featured_media":3527,"comment_status":"open","ping_status":"closed","template":"","meta":{"nf_dc_page":"","om_disable_all_campaigns":false,"site-container-style":"default","site-container-layout":"default","site-sidebar-layout":"default","site-transparent-header":"default","disable-article-header":"default","disable-site-header":"default","disable-site-footer":"default","disable-content-area-spacing":"default"},"product_brand":[30],"product_cat":[31],"product_tag":[],"class_list":{"0":"post-3526","1":"product","2":"type-product","3":"status-publish","4":"has-post-thumbnail","6":"product_brand-derma-swiss","7":"product_cat-boosters-de-hidratacion","9":"first","10":"instock","11":"taxable","12":"shipping-taxable","13":"purchasable","14":"product-type-simple"},"yoast_head":"<!-- This site is optimized with the Yoast SEO plugin v27.4 - https:\/\/yoast.com\/product\/yoast-seo-wordpress\/ -->\n<title>Oily Moisture Booster Perfect Match Kit - Shirley Daza Aesthetic Center<\/title>\n<meta name=\"description\" content=\"Hidrata tu piel grasa con el Oily Moisture Booster Perfect Match Kit. Incluye \u00e1cido hialur\u00f3nico y p\u00e9ptidos de col\u00e1geno para una piel suave y brillante.\" \/>\n<meta name=\"robots\" content=\"index, follow, max-snippet:-1, max-image-preview:large, max-video-preview:-1\" \/>\n<link rel=\"canonical\" href=\"https:\/\/shirleydazacorp.com\/en\/product\/oily-moisture-booster-perfect-match-kit\/\" \/>\n<meta property=\"og:locale\" content=\"en_US\" \/>\n<meta property=\"og:type\" content=\"article\" \/>\n<meta property=\"og:title\" content=\"Oily Moisture Booster Perfect Match Kit - Shirley Daza Aesthetic Center\" \/>\n<meta property=\"og:description\" content=\"Hidrata tu piel grasa con el Oily Moisture Booster Perfect Match Kit. Incluye \u00e1cido hialur\u00f3nico y p\u00e9ptidos de col\u00e1geno para una piel suave y brillante.\" \/>\n<meta property=\"og:url\" content=\"https:\/\/shirleydazacorp.com\/en\/product\/oily-moisture-booster-perfect-match-kit\/\" \/>\n<meta property=\"og:site_name\" content=\"Shirley Daza Aesthetic Center\" \/>\n<meta property=\"article:publisher\" content=\"https:\/\/www.facebook.com\/profile.php?id=100088348346496\" \/>\n<meta property=\"article:modified_time\" content=\"2025-05-08T18:14:25+00:00\" \/>\n<meta property=\"og:image\" content=\"https:\/\/shirleydazacorp.com\/wp-content\/uploads\/2025\/04\/Oily-Moisture-Booster-Perfect-Match-Kit.png\" \/>\n\t<meta property=\"og:image:width\" content=\"505\" \/>\n\t<meta property=\"og:image:height\" content=\"494\" \/>\n\t<meta property=\"og:image:type\" content=\"image\/png\" \/>\n<meta name=\"twitter:card\" content=\"summary_large_image\" \/>\n<meta name=\"twitter:label1\" content=\"Est. reading time\" \/>\n\t<meta name=\"twitter:data1\" content=\"2 minutes\" \/>\n<script type=\"application\/ld+json\" class=\"yoast-schema-graph\">{\"@context\":\"https:\\\/\\\/schema.org\",\"@graph\":[{\"@type\":\"WebPage\",\"@id\":\"https:\\\/\\\/shirleydazacorp.com\\\/product\\\/oily-moisture-booster-perfect-match-kit\\\/\",\"url\":\"https:\\\/\\\/shirleydazacorp.com\\\/product\\\/oily-moisture-booster-perfect-match-kit\\\/\",\"name\":\"Oily Moisture Booster Perfect Match Kit - Shirley Daza Aesthetic Center\",\"isPartOf\":{\"@id\":\"https:\\\/\\\/shirleydazacorp.com\\\/#website\"},\"primaryImageOfPage\":{\"@id\":\"https:\\\/\\\/shirleydazacorp.com\\\/product\\\/oily-moisture-booster-perfect-match-kit\\\/#primaryimage\"},\"image\":{\"@id\":\"https:\\\/\\\/shirleydazacorp.com\\\/product\\\/oily-moisture-booster-perfect-match-kit\\\/#primaryimage\"},\"thumbnailUrl\":\"https:\\\/\\\/i0.wp.com\\\/shirleydazacorp.com\\\/wp-content\\\/uploads\\\/2025\\\/04\\\/Oily-Moisture-Booster-Perfect-Match-Kit.png?fit=505%2C494&ssl=1\",\"datePublished\":\"2025-04-23T19:43:26+00:00\",\"dateModified\":\"2025-05-08T18:14:25+00:00\",\"description\":\"Hidrata tu piel grasa con el Oily Moisture Booster Perfect Match Kit. Incluye \u00e1cido hialur\u00f3nico y p\u00e9ptidos de col\u00e1geno para una piel suave y brillante.\",\"breadcrumb\":{\"@id\":\"https:\\\/\\\/shirleydazacorp.com\\\/product\\\/oily-moisture-booster-perfect-match-kit\\\/#breadcrumb\"},\"inLanguage\":\"en-US\",\"potentialAction\":[{\"@type\":\"ReadAction\",\"target\":[\"https:\\\/\\\/shirleydazacorp.com\\\/product\\\/oily-moisture-booster-perfect-match-kit\\\/\"]}]},{\"@type\":\"ImageObject\",\"inLanguage\":\"en-US\",\"@id\":\"https:\\\/\\\/shirleydazacorp.com\\\/product\\\/oily-moisture-booster-perfect-match-kit\\\/#primaryimage\",\"url\":\"https:\\\/\\\/i0.wp.com\\\/shirleydazacorp.com\\\/wp-content\\\/uploads\\\/2025\\\/04\\\/Oily-Moisture-Booster-Perfect-Match-Kit.png?fit=505%2C494&ssl=1\",\"contentUrl\":\"https:\\\/\\\/i0.wp.com\\\/shirleydazacorp.com\\\/wp-content\\\/uploads\\\/2025\\\/04\\\/Oily-Moisture-Booster-Perfect-Match-Kit.png?fit=505%2C494&ssl=1\",\"width\":505,\"height\":494,\"caption\":\"Oily Moisture Booster Perfect Match Kit\"},{\"@type\":\"BreadcrumbList\",\"@id\":\"https:\\\/\\\/shirleydazacorp.com\\\/product\\\/oily-moisture-booster-perfect-match-kit\\\/#breadcrumb\",\"itemListElement\":[{\"@type\":\"ListItem\",\"position\":1,\"name\":\"Home\",\"item\":\"https:\\\/\\\/shirleydazacorp.com\\\/\"},{\"@type\":\"ListItem\",\"position\":2,\"name\":\"Products\",\"item\":\"https:\\\/\\\/shirleydazacorp.com\\\/shop\\\/\"},{\"@type\":\"ListItem\",\"position\":3,\"name\":\"Oily Moisture Booster Perfect Match Kit\"}]},{\"@type\":\"WebSite\",\"@id\":\"https:\\\/\\\/shirleydazacorp.com\\\/#website\",\"url\":\"https:\\\/\\\/shirleydazacorp.com\\\/\",\"name\":\"Shirley Daza Aesthetic Center\",\"description\":\"Your beauty and wellness in expert hands.\",\"publisher\":{\"@id\":\"https:\\\/\\\/shirleydazacorp.com\\\/#organization\"},\"potentialAction\":[{\"@type\":\"SearchAction\",\"target\":{\"@type\":\"EntryPoint\",\"urlTemplate\":\"https:\\\/\\\/shirleydazacorp.com\\\/?s={search_term_string}\"},\"query-input\":{\"@type\":\"PropertyValueSpecification\",\"valueRequired\":true,\"valueName\":\"search_term_string\"}}],\"inLanguage\":\"en-US\"},{\"@type\":\"Organization\",\"@id\":\"https:\\\/\\\/shirleydazacorp.com\\\/#organization\",\"name\":\"Shirley Daza Aesthetic Center\",\"url\":\"https:\\\/\\\/shirleydazacorp.com\\\/\",\"logo\":{\"@type\":\"ImageObject\",\"inLanguage\":\"en-US\",\"@id\":\"https:\\\/\\\/shirleydazacorp.com\\\/#\\\/schema\\\/logo\\\/image\\\/\",\"url\":\"https:\\\/\\\/i0.wp.com\\\/shirleydazacorp.com\\\/wp-content\\\/uploads\\\/2024\\\/12\\\/cropped-logo-shirley-daza.png?fit=401%2C250&ssl=1\",\"contentUrl\":\"https:\\\/\\\/i0.wp.com\\\/shirleydazacorp.com\\\/wp-content\\\/uploads\\\/2024\\\/12\\\/cropped-logo-shirley-daza.png?fit=401%2C250&ssl=1\",\"width\":401,\"height\":250,\"caption\":\"Shirley Daza Aesthetic Center\"},\"image\":{\"@id\":\"https:\\\/\\\/shirleydazacorp.com\\\/#\\\/schema\\\/logo\\\/image\\\/\"},\"sameAs\":[\"https:\\\/\\\/www.facebook.com\\\/profile.php?id=100088348346496\",\"https:\\\/\\\/www.instagram.com\\\/shirleydazacorp\\\/\",\"https:\\\/\\\/www.tiktok.com\\\/@sd_aesthetic\"]}]}<\/script>\n<!-- \/ Yoast SEO plugin. -->","yoast_head_json":{"title":"Oily Moisture Booster Perfect Match Kit - Shirley Daza Aesthetic Center","description":"Hidrata tu piel grasa con el Oily Moisture Booster Perfect Match Kit. Incluye \u00e1cido hialur\u00f3nico y p\u00e9ptidos de col\u00e1geno para una piel suave y brillante.","robots":{"index":"index","follow":"follow","max-snippet":"max-snippet:-1","max-image-preview":"max-image-preview:large","max-video-preview":"max-video-preview:-1"},"canonical":"https:\/\/shirleydazacorp.com\/en\/product\/oily-moisture-booster-perfect-match-kit\/","og_locale":"en_US","og_type":"article","og_title":"Oily Moisture Booster Perfect Match Kit - Shirley Daza Aesthetic Center","og_description":"Hidrata tu piel grasa con el Oily Moisture Booster Perfect Match Kit. Incluye \u00e1cido hialur\u00f3nico y p\u00e9ptidos de col\u00e1geno para una piel suave y brillante.","og_url":"https:\/\/shirleydazacorp.com\/en\/product\/oily-moisture-booster-perfect-match-kit\/","og_site_name":"Shirley Daza Aesthetic Center","article_publisher":"https:\/\/www.facebook.com\/profile.php?id=100088348346496","article_modified_time":"2025-05-08T18:14:25+00:00","og_image":[{"width":505,"height":494,"url":"https:\/\/shirleydazacorp.com\/wp-content\/uploads\/2025\/04\/Oily-Moisture-Booster-Perfect-Match-Kit.png","type":"image\/png"}],"twitter_card":"summary_large_image","twitter_misc":{"Est. reading time":"2 minutes"},"schema":{"@context":"https:\/\/schema.org","@graph":[{"@type":"WebPage","@id":"https:\/\/shirleydazacorp.com\/product\/oily-moisture-booster-perfect-match-kit\/","url":"https:\/\/shirleydazacorp.com\/product\/oily-moisture-booster-perfect-match-kit\/","name":"Oily Moisture Booster Perfect Match Kit - Shirley Daza Aesthetic Center","isPartOf":{"@id":"https:\/\/shirleydazacorp.com\/#website"},"primaryImageOfPage":{"@id":"https:\/\/shirleydazacorp.com\/product\/oily-moisture-booster-perfect-match-kit\/#primaryimage"},"image":{"@id":"https:\/\/shirleydazacorp.com\/product\/oily-moisture-booster-perfect-match-kit\/#primaryimage"},"thumbnailUrl":"https:\/\/i0.wp.com\/shirleydazacorp.com\/wp-content\/uploads\/2025\/04\/Oily-Moisture-Booster-Perfect-Match-Kit.png?fit=505%2C494&ssl=1","datePublished":"2025-04-23T19:43:26+00:00","dateModified":"2025-05-08T18:14:25+00:00","description":"Hidrata tu piel grasa con el Oily Moisture Booster Perfect Match Kit. Incluye \u00e1cido hialur\u00f3nico y p\u00e9ptidos de col\u00e1geno para una piel suave y brillante.","breadcrumb":{"@id":"https:\/\/shirleydazacorp.com\/product\/oily-moisture-booster-perfect-match-kit\/#breadcrumb"},"inLanguage":"en-US","potentialAction":[{"@type":"ReadAction","target":["https:\/\/shirleydazacorp.com\/product\/oily-moisture-booster-perfect-match-kit\/"]}]},{"@type":"ImageObject","inLanguage":"en-US","@id":"https:\/\/shirleydazacorp.com\/product\/oily-moisture-booster-perfect-match-kit\/#primaryimage","url":"https:\/\/i0.wp.com\/shirleydazacorp.com\/wp-content\/uploads\/2025\/04\/Oily-Moisture-Booster-Perfect-Match-Kit.png?fit=505%2C494&ssl=1","contentUrl":"https:\/\/i0.wp.com\/shirleydazacorp.com\/wp-content\/uploads\/2025\/04\/Oily-Moisture-Booster-Perfect-Match-Kit.png?fit=505%2C494&ssl=1","width":505,"height":494,"caption":"Oily Moisture Booster Perfect Match Kit"},{"@type":"BreadcrumbList","@id":"https:\/\/shirleydazacorp.com\/product\/oily-moisture-booster-perfect-match-kit\/#breadcrumb","itemListElement":[{"@type":"ListItem","position":1,"name":"Home","item":"https:\/\/shirleydazacorp.com\/"},{"@type":"ListItem","position":2,"name":"Products","item":"https:\/\/shirleydazacorp.com\/shop\/"},{"@type":"ListItem","position":3,"name":"Oily Moisture Booster Perfect Match Kit"}]},{"@type":"WebSite","@id":"https:\/\/shirleydazacorp.com\/#website","url":"https:\/\/shirleydazacorp.com\/","name":"Shirley Daza Aesthetic Center","description":"Your beauty and wellness in expert hands.","publisher":{"@id":"https:\/\/shirleydazacorp.com\/#organization"},"potentialAction":[{"@type":"SearchAction","target":{"@type":"EntryPoint","urlTemplate":"https:\/\/shirleydazacorp.com\/?s={search_term_string}"},"query-input":{"@type":"PropertyValueSpecification","valueRequired":true,"valueName":"search_term_string"}}],"inLanguage":"en-US"},{"@type":"Organization","@id":"https:\/\/shirleydazacorp.com\/#organization","name":"Shirley Daza Aesthetic Center","url":"https:\/\/shirleydazacorp.com\/","logo":{"@type":"ImageObject","inLanguage":"en-US","@id":"https:\/\/shirleydazacorp.com\/#\/schema\/logo\/image\/","url":"https:\/\/i0.wp.com\/shirleydazacorp.com\/wp-content\/uploads\/2024\/12\/cropped-logo-shirley-daza.png?fit=401%2C250&ssl=1","contentUrl":"https:\/\/i0.wp.com\/shirleydazacorp.com\/wp-content\/uploads\/2024\/12\/cropped-logo-shirley-daza.png?fit=401%2C250&ssl=1","width":401,"height":250,"caption":"Shirley Daza Aesthetic Center"},"image":{"@id":"https:\/\/shirleydazacorp.com\/#\/schema\/logo\/image\/"},"sameAs":["https:\/\/www.facebook.com\/profile.php?id=100088348346496","https:\/\/www.instagram.com\/shirleydazacorp\/","https:\/\/www.tiktok.com\/@sd_aesthetic"]}]}},"jetpack_sharing_enabled":true,"_links":{"self":[{"href":"https:\/\/shirleydazacorp.com\/en\/wp-json\/wp\/v2\/product\/3526","targetHints":{"allow":["GET"]}}],"collection":[{"href":"https:\/\/shirleydazacorp.com\/en\/wp-json\/wp\/v2\/product"}],"about":[{"href":"https:\/\/shirleydazacorp.com\/en\/wp-json\/wp\/v2\/types\/product"}],"replies":[{"embeddable":true,"href":"https:\/\/shirleydazacorp.com\/en\/wp-json\/wp\/v2\/comments?post=3526"}],"wp:featuredmedia":[{"embeddable":true,"href":"https:\/\/shirleydazacorp.com\/en\/wp-json\/wp\/v2\/media\/3527"}],"wp:attachment":[{"href":"https:\/\/shirleydazacorp.com\/en\/wp-json\/wp\/v2\/media?parent=3526"}],"wp:term":[{"taxonomy":"product_brand","embeddable":true,"href":"https:\/\/shirleydazacorp.com\/en\/wp-json\/wp\/v2\/product_brand?post=3526"},{"taxonomy":"product_cat","embeddable":true,"href":"https:\/\/shirleydazacorp.com\/en\/wp-json\/wp\/v2\/product_cat?post=3526"},{"taxonomy":"product_tag","embeddable":true,"href":"https:\/\/shirleydazacorp.com\/en\/wp-json\/wp\/v2\/product_tag?post=3526"}],"curies":[{"name":"wp","href":"https:\/\/api.w.org\/{rel}","templated":true}]}}