{"id":3528,"date":"2025-04-23T19:52:10","date_gmt":"2025-04-23T19:52:10","guid":{"rendered":"https:\/\/shirleydazacorp.com\/?post_type=product&#038;p=3528"},"modified":"2025-05-08T18:13:07","modified_gmt":"2025-05-08T18:13:07","slug":"normal-moisture-booster-perfect-match-kit","status":"publish","type":"product","link":"https:\/\/shirleydazacorp.com\/en\/product\/normal-moisture-booster-perfect-match-kit\/","title":{"rendered":"Normal Moisture Booster Perfect Match Kit"},"content":{"rendered":"<h3 class=\"\" data-start=\"419\" data-end=\"487\"><strong data-start=\"426\" data-end=\"487\">Beneficios del Normal Moisture Booster Perfect Match Kit:<\/strong><\/h3>\n<ul data-start=\"488\" data-end=\"693\">\n<li class=\"\" data-start=\"488\" data-end=\"527\">\n<p class=\"\" data-start=\"490\" data-end=\"527\"><span class=\"relative -mx-px my-[-0.2rem] rounded px-px py-[0.2rem] transition-colors duration-100 ease-in-out\">Hidrataci\u00f3n profunda sin sensaci\u00f3n grasa.<\/span><\/p>\n<\/li>\n<li class=\"\" data-start=\"528\" data-end=\"567\">\n<p class=\"\" data-start=\"530\" data-end=\"567\"><span class=\"relative -mx-px my-[-0.2rem] rounded px-px py-[0.2rem] transition-colors duration-100 ease-in-out\">Mejora la elasticidad y suavidad de la piel.<\/span><\/p>\n<\/li>\n<li class=\"\" data-start=\"568\" data-end=\"607\">\n<p class=\"\" data-start=\"570\" data-end=\"607\"><span class=\"relative -mx-px my-[-0.2rem] rounded px-px py-[0.2rem] transition-colors duration-100 ease-in-out\">Protege contra factores ambientales.<\/span><\/p>\n<\/li>\n<li class=\"\" data-start=\"608\" data-end=\"693\">\n<p class=\"\" data-start=\"610\" data-end=\"693\"><span class=\"relative -mx-px my-[-0.2rem] rounded px-px py-[0.2rem] transition-colors duration-100 ease-in-out\">Ideal para pieles normales a mixtas que requieren hidrataci\u00f3n equilibrada.<\/span>\u200b<\/p>\n<\/li>\n<\/ul>\n<hr class=\"\" data-start=\"695\" data-end=\"698\" \/>\n<h3 class=\"\" data-start=\"700\" data-end=\"766\"><strong data-start=\"707\" data-end=\"766\">C\u00f3mo usar el Normal Moisture Booster Perfect Match Kit:<\/strong><\/h3>\n<p class=\"\" data-start=\"767\" data-end=\"786\"><strong data-start=\"767\" data-end=\"786\">Ma\u00f1ana y noche:<\/strong><\/p>\n<ol data-start=\"787\" data-end=\"918\">\n<li class=\"\" data-start=\"787\" data-end=\"829\">\n<p class=\"\" data-start=\"790\" data-end=\"829\"><span class=\"relative -mx-px my-[-0.2rem] rounded px-px py-[0.2rem] transition-colors duration-100 ease-in-out\">Aplicar <strong data-start=\"8\" data-end=\"32\">Hyaluronic Acid Plus<\/strong> sobre la piel limpia y tonificada.<\/span><\/p>\n<\/li>\n<li class=\"\" data-start=\"830\" data-end=\"918\">\n<p class=\"\" data-start=\"833\" data-end=\"918\"><span class=\"relative -mx-px my-[-0.2rem] rounded px-px py-[0.2rem] transition-colors duration-100 ease-in-out\">Aplicar <strong data-start=\"8\" data-end=\"22\">Hydra Q-10<\/strong> para sellar la hidrataci\u00f3n.<\/span>\u200b<\/p>\n<\/li>\n<\/ol>\n<p class=\"\" data-start=\"920\" data-end=\"954\"><strong data-start=\"920\" data-end=\"954\">Una vez por semana (opcional):<\/strong><\/p>\n<ul data-start=\"955\" data-end=\"1042\">\n<li class=\"\" data-start=\"955\" data-end=\"1042\">\n<p class=\"\" data-start=\"957\" data-end=\"1042\"><span class=\"relative -mx-px my-[-0.2rem] rounded px-px py-[0.2rem] transition-colors duration-100 ease-in-out\">Mezclar <strong data-start=\"8\" data-end=\"22\">Dermascrub<\/strong> y <strong data-start=\"25\" data-end=\"38\">Glycocell<\/strong>, aplicar sobre la piel limpia y dejar actuar durante 8 minutos. Enjuagar con agua y continuar con la rutina de hidrataci\u00f3n diaria.<\/span>\u200b<\/p>\n<\/li>\n<\/ul>\n<p class=\"\" data-start=\"1044\" data-end=\"1068\"><strong data-start=\"1044\" data-end=\"1068\">Consejo profesional:<\/strong><\/p>\n<ul data-start=\"1069\" data-end=\"1156\">\n<li class=\"\" data-start=\"1069\" data-end=\"1156\">\n<p class=\"\" data-start=\"1071\" data-end=\"1156\"><span class=\"relative -mx-px my-[-0.2rem] rounded px-px py-[0.2rem] transition-colors duration-100 ease-in-out\">Incluir <strong data-start=\"8\" data-end=\"27\">DERMASUN SPF 50<\/strong> en la rutina matutina para protecci\u00f3n solar diaria.<\/span>\u200b<\/p>\n<\/li>\n<\/ul>\n<hr class=\"\" data-start=\"1158\" data-end=\"1161\" \/>\n<h3 class=\"\" data-start=\"1163\" data-end=\"1245\"><strong data-start=\"1170\" data-end=\"1245\">Ingredientes principales del Normal Moisture Booster Perfect Match Kit:<\/strong><\/h3>\n<ul data-start=\"1246\" data-end=\"1552\">\n<li class=\"\" data-start=\"1246\" data-end=\"1313\">\n<p class=\"\" data-start=\"1248\" data-end=\"1313\"><strong data-start=\"1248\" data-end=\"1273\">Hyaluronic Acid Plus:<\/strong> <span class=\"relative -mx-px my-[-0.2rem] rounded px-px py-[0.2rem] transition-colors duration-100 ease-in-out\">\u00c1cido hialur\u00f3nico de tres pesos moleculares para una hidrataci\u00f3n profunda.<\/span><\/p>\n<\/li>\n<li class=\"\" data-start=\"1314\" data-end=\"1371\">\n<p class=\"\" data-start=\"1316\" data-end=\"1371\"><strong data-start=\"1316\" data-end=\"1331\">Hydra Q-10:<\/strong> <span class=\"relative -mx-px my-[-0.2rem] rounded px-px py-[0.2rem] transition-colors duration-100 ease-in-out\">Coenzima Q10 y vitamina E para mejorar la elasticidad y proteger contra el da\u00f1o de los radicales libres.<\/span><\/p>\n<\/li>\n<li class=\"\" data-start=\"1372\" data-end=\"1439\">\n<p class=\"\" data-start=\"1374\" data-end=\"1439\"><strong data-start=\"1374\" data-end=\"1399\">Dermascrub (muestra):<\/strong> <span class=\"relative -mx-px my-[-0.2rem] rounded px-px py-[0.2rem] transition-colors duration-100 ease-in-out\">Exfoliante suave con Tierra de Diatomeas.<\/span><\/p>\n<\/li>\n<li class=\"\" data-start=\"1440\" data-end=\"1552\">\n<p class=\"\" data-start=\"1442\" data-end=\"1552\"><strong data-start=\"1442\" data-end=\"1466\">Glycocell (muestra):<\/strong> <span class=\"relative -mx-px my-[-0.2rem] rounded px-px py-[0.2rem] transition-colors duration-100 ease-in-out\">Gel rejuvenecedor con \u00e1cido glic\u00f3lico al 10%.<\/span>\u200b<\/p>\n<\/li>\n<\/ul>\n<hr class=\"\" data-start=\"1554\" data-end=\"1557\" \/>\n<h3 class=\"\" data-start=\"1559\" data-end=\"1592\"><strong data-start=\"1566\" data-end=\"1592\">Informaci\u00f3n adicional:<\/strong><\/h3>\n<ul data-start=\"1593\" data-end=\"2036\">\n<li class=\"\" data-start=\"1593\" data-end=\"1793\">\n<p class=\"\" data-start=\"1595\" data-end=\"1617\"><strong data-start=\"1595\" data-end=\"1617\">Contenido del kit:<\/strong><\/p>\n<ul data-start=\"1620\" data-end=\"1793\">\n<li class=\"\" data-start=\"1620\" data-end=\"1661\">\n<p class=\"\" data-start=\"1622\" data-end=\"1661\"><span class=\"relative -mx-px my-[-0.2rem] rounded px-px py-[0.2rem] transition-colors duration-100 ease-in-out\">Hyaluronic Acid Plus: 1 oz (30 ml)<\/span><\/p>\n<\/li>\n<li class=\"\" data-start=\"1664\" data-end=\"1705\">\n<p class=\"\" data-start=\"1666\" data-end=\"1705\"><span class=\"relative -mx-px my-[-0.2rem] rounded px-px py-[0.2rem] transition-colors duration-100 ease-in-out\">Hydra Q-10: 1.7 oz (50 ml)<\/span><\/p>\n<\/li>\n<li class=\"\" data-start=\"1708\" data-end=\"1749\">\n<p class=\"\" data-start=\"1710\" data-end=\"1749\"><span class=\"relative -mx-px my-[-0.2rem] rounded px-px py-[0.2rem] transition-colors duration-100 ease-in-out\">Dermascrub: 3 ml (muestra)<\/span><\/p>\n<\/li>\n<li class=\"\" data-start=\"1752\" data-end=\"1793\">\n<p class=\"\" data-start=\"1754\" data-end=\"1793\"><span class=\"relative -mx-px my-[-0.2rem] rounded px-px py-[0.2rem] transition-colors duration-100 ease-in-out\">Glycocell: 3 ml (muestra)<\/span><\/p>\n<\/li>\n<\/ul>\n<\/li>\n<\/ul>\n","protected":false},"excerpt":{"rendered":"<p><span class=\"relative -mx-px my-[-0.2rem] rounded px-px py-[0.2rem] transition-colors duration-100 ease-in-out\">El <strong data-start=\"3\" data-end=\"48\">Normal Moisture Booster Perfect Match Kit<\/strong> est\u00e1 dise\u00f1ado para mantener una hidrataci\u00f3n \u00f3ptima en pieles normales a mixtas, proporcionando el equilibrio adecuado de humedad sin sensaci\u00f3n de pesadez.<\/span> <span class=\"relative -mx-px my-[-0.2rem] rounded px-px py-[0.2rem] transition-colors duration-100 ease-in-out\">Ambos productos act\u00faan en sinergia para mejorar visiblemente la flexibilidad de la piel y ayudar a mantener una apariencia saludable y bien hidratada, logrando un cutis m\u00e1s suave y radiante.<\/span><\/p>\n","protected":false},"featured_media":3529,"comment_status":"open","ping_status":"closed","template":"","meta":{"nf_dc_page":"","om_disable_all_campaigns":false,"site-container-style":"default","site-container-layout":"default","site-sidebar-layout":"default","site-transparent-header":"default","disable-article-header":"default","disable-site-header":"default","disable-site-footer":"default","disable-content-area-spacing":"default"},"product_brand":[30],"product_cat":[31],"product_tag":[],"class_list":{"0":"post-3528","1":"product","2":"type-product","3":"status-publish","4":"has-post-thumbnail","6":"product_brand-derma-swiss","7":"product_cat-boosters-de-hidratacion","9":"first","10":"instock","11":"taxable","12":"shipping-taxable","13":"purchasable","14":"product-type-simple"},"yoast_head":"<!-- This site is optimized with the Yoast SEO plugin v27.4 - https:\/\/yoast.com\/product\/yoast-seo-wordpress\/ -->\n<title>Normal Moisture Booster Perfect Match Kit - Shirley Daza Aesthetic Center<\/title>\n<meta name=\"description\" content=\"Mant\u00e9n tu piel normal a mixta hidratada y equilibrada con el Normal Moisture Booster Perfect Match Kit. Incluye \u00e1cido hialur\u00f3nico y coenzima Q10.\" \/>\n<meta name=\"robots\" content=\"index, follow, max-snippet:-1, max-image-preview:large, max-video-preview:-1\" \/>\n<link rel=\"canonical\" href=\"https:\/\/shirleydazacorp.com\/en\/product\/normal-moisture-booster-perfect-match-kit\/\" \/>\n<meta property=\"og:locale\" content=\"en_US\" \/>\n<meta property=\"og:type\" content=\"article\" \/>\n<meta property=\"og:title\" content=\"Normal Moisture Booster Perfect Match Kit - Shirley Daza Aesthetic Center\" \/>\n<meta property=\"og:description\" content=\"Mant\u00e9n tu piel normal a mixta hidratada y equilibrada con el Normal Moisture Booster Perfect Match Kit. Incluye \u00e1cido hialur\u00f3nico y coenzima Q10.\" \/>\n<meta property=\"og:url\" content=\"https:\/\/shirleydazacorp.com\/en\/product\/normal-moisture-booster-perfect-match-kit\/\" \/>\n<meta property=\"og:site_name\" content=\"Shirley Daza Aesthetic Center\" \/>\n<meta property=\"article:publisher\" content=\"https:\/\/www.facebook.com\/profile.php?id=100088348346496\" \/>\n<meta property=\"article:modified_time\" content=\"2025-05-08T18:13:07+00:00\" \/>\n<meta property=\"og:image\" content=\"https:\/\/shirleydazacorp.com\/wp-content\/uploads\/2025\/04\/Normal-Moisture-Booster-Perfect-Match-Kit.png\" \/>\n\t<meta property=\"og:image:width\" content=\"537\" \/>\n\t<meta property=\"og:image:height\" content=\"464\" \/>\n\t<meta property=\"og:image:type\" content=\"image\/png\" \/>\n<meta name=\"twitter:card\" content=\"summary_large_image\" \/>\n<meta name=\"twitter:label1\" content=\"Est. reading time\" \/>\n\t<meta name=\"twitter:data1\" content=\"2 minutes\" \/>\n<script type=\"application\/ld+json\" class=\"yoast-schema-graph\">{\"@context\":\"https:\\\/\\\/schema.org\",\"@graph\":[{\"@type\":\"WebPage\",\"@id\":\"https:\\\/\\\/shirleydazacorp.com\\\/product\\\/normal-moisture-booster-perfect-match-kit\\\/\",\"url\":\"https:\\\/\\\/shirleydazacorp.com\\\/product\\\/normal-moisture-booster-perfect-match-kit\\\/\",\"name\":\"Normal Moisture Booster Perfect Match Kit - Shirley Daza Aesthetic Center\",\"isPartOf\":{\"@id\":\"https:\\\/\\\/shirleydazacorp.com\\\/#website\"},\"primaryImageOfPage\":{\"@id\":\"https:\\\/\\\/shirleydazacorp.com\\\/product\\\/normal-moisture-booster-perfect-match-kit\\\/#primaryimage\"},\"image\":{\"@id\":\"https:\\\/\\\/shirleydazacorp.com\\\/product\\\/normal-moisture-booster-perfect-match-kit\\\/#primaryimage\"},\"thumbnailUrl\":\"https:\\\/\\\/i0.wp.com\\\/shirleydazacorp.com\\\/wp-content\\\/uploads\\\/2025\\\/04\\\/Normal-Moisture-Booster-Perfect-Match-Kit.png?fit=537%2C464&ssl=1\",\"datePublished\":\"2025-04-23T19:52:10+00:00\",\"dateModified\":\"2025-05-08T18:13:07+00:00\",\"description\":\"Mant\u00e9n tu piel normal a mixta hidratada y equilibrada con el Normal Moisture Booster Perfect Match Kit. Incluye \u00e1cido hialur\u00f3nico y coenzima Q10.\",\"breadcrumb\":{\"@id\":\"https:\\\/\\\/shirleydazacorp.com\\\/product\\\/normal-moisture-booster-perfect-match-kit\\\/#breadcrumb\"},\"inLanguage\":\"en-US\",\"potentialAction\":[{\"@type\":\"ReadAction\",\"target\":[\"https:\\\/\\\/shirleydazacorp.com\\\/product\\\/normal-moisture-booster-perfect-match-kit\\\/\"]}]},{\"@type\":\"ImageObject\",\"inLanguage\":\"en-US\",\"@id\":\"https:\\\/\\\/shirleydazacorp.com\\\/product\\\/normal-moisture-booster-perfect-match-kit\\\/#primaryimage\",\"url\":\"https:\\\/\\\/i0.wp.com\\\/shirleydazacorp.com\\\/wp-content\\\/uploads\\\/2025\\\/04\\\/Normal-Moisture-Booster-Perfect-Match-Kit.png?fit=537%2C464&ssl=1\",\"contentUrl\":\"https:\\\/\\\/i0.wp.com\\\/shirleydazacorp.com\\\/wp-content\\\/uploads\\\/2025\\\/04\\\/Normal-Moisture-Booster-Perfect-Match-Kit.png?fit=537%2C464&ssl=1\",\"width\":537,\"height\":464,\"caption\":\"Normal Moisture Booster Perfect Match Kit\"},{\"@type\":\"BreadcrumbList\",\"@id\":\"https:\\\/\\\/shirleydazacorp.com\\\/product\\\/normal-moisture-booster-perfect-match-kit\\\/#breadcrumb\",\"itemListElement\":[{\"@type\":\"ListItem\",\"position\":1,\"name\":\"Home\",\"item\":\"https:\\\/\\\/shirleydazacorp.com\\\/\"},{\"@type\":\"ListItem\",\"position\":2,\"name\":\"Products\",\"item\":\"https:\\\/\\\/shirleydazacorp.com\\\/shop\\\/\"},{\"@type\":\"ListItem\",\"position\":3,\"name\":\"Normal Moisture Booster Perfect Match Kit\"}]},{\"@type\":\"WebSite\",\"@id\":\"https:\\\/\\\/shirleydazacorp.com\\\/#website\",\"url\":\"https:\\\/\\\/shirleydazacorp.com\\\/\",\"name\":\"Shirley Daza Aesthetic Center\",\"description\":\"Your beauty and wellness in expert hands.\",\"publisher\":{\"@id\":\"https:\\\/\\\/shirleydazacorp.com\\\/#organization\"},\"potentialAction\":[{\"@type\":\"SearchAction\",\"target\":{\"@type\":\"EntryPoint\",\"urlTemplate\":\"https:\\\/\\\/shirleydazacorp.com\\\/?s={search_term_string}\"},\"query-input\":{\"@type\":\"PropertyValueSpecification\",\"valueRequired\":true,\"valueName\":\"search_term_string\"}}],\"inLanguage\":\"en-US\"},{\"@type\":\"Organization\",\"@id\":\"https:\\\/\\\/shirleydazacorp.com\\\/#organization\",\"name\":\"Shirley Daza Aesthetic Center\",\"url\":\"https:\\\/\\\/shirleydazacorp.com\\\/\",\"logo\":{\"@type\":\"ImageObject\",\"inLanguage\":\"en-US\",\"@id\":\"https:\\\/\\\/shirleydazacorp.com\\\/#\\\/schema\\\/logo\\\/image\\\/\",\"url\":\"https:\\\/\\\/i0.wp.com\\\/shirleydazacorp.com\\\/wp-content\\\/uploads\\\/2024\\\/12\\\/cropped-logo-shirley-daza.png?fit=401%2C250&ssl=1\",\"contentUrl\":\"https:\\\/\\\/i0.wp.com\\\/shirleydazacorp.com\\\/wp-content\\\/uploads\\\/2024\\\/12\\\/cropped-logo-shirley-daza.png?fit=401%2C250&ssl=1\",\"width\":401,\"height\":250,\"caption\":\"Shirley Daza Aesthetic Center\"},\"image\":{\"@id\":\"https:\\\/\\\/shirleydazacorp.com\\\/#\\\/schema\\\/logo\\\/image\\\/\"},\"sameAs\":[\"https:\\\/\\\/www.facebook.com\\\/profile.php?id=100088348346496\",\"https:\\\/\\\/www.instagram.com\\\/shirleydazacorp\\\/\",\"https:\\\/\\\/www.tiktok.com\\\/@sd_aesthetic\"]}]}<\/script>\n<!-- \/ Yoast SEO plugin. -->","yoast_head_json":{"title":"Normal Moisture Booster Perfect Match Kit - Shirley Daza Aesthetic Center","description":"Mant\u00e9n tu piel normal a mixta hidratada y equilibrada con el Normal Moisture Booster Perfect Match Kit. Incluye \u00e1cido hialur\u00f3nico y coenzima Q10.","robots":{"index":"index","follow":"follow","max-snippet":"max-snippet:-1","max-image-preview":"max-image-preview:large","max-video-preview":"max-video-preview:-1"},"canonical":"https:\/\/shirleydazacorp.com\/en\/product\/normal-moisture-booster-perfect-match-kit\/","og_locale":"en_US","og_type":"article","og_title":"Normal Moisture Booster Perfect Match Kit - Shirley Daza Aesthetic Center","og_description":"Mant\u00e9n tu piel normal a mixta hidratada y equilibrada con el Normal Moisture Booster Perfect Match Kit. Incluye \u00e1cido hialur\u00f3nico y coenzima Q10.","og_url":"https:\/\/shirleydazacorp.com\/en\/product\/normal-moisture-booster-perfect-match-kit\/","og_site_name":"Shirley Daza Aesthetic Center","article_publisher":"https:\/\/www.facebook.com\/profile.php?id=100088348346496","article_modified_time":"2025-05-08T18:13:07+00:00","og_image":[{"width":537,"height":464,"url":"https:\/\/shirleydazacorp.com\/wp-content\/uploads\/2025\/04\/Normal-Moisture-Booster-Perfect-Match-Kit.png","type":"image\/png"}],"twitter_card":"summary_large_image","twitter_misc":{"Est. reading time":"2 minutes"},"schema":{"@context":"https:\/\/schema.org","@graph":[{"@type":"WebPage","@id":"https:\/\/shirleydazacorp.com\/product\/normal-moisture-booster-perfect-match-kit\/","url":"https:\/\/shirleydazacorp.com\/product\/normal-moisture-booster-perfect-match-kit\/","name":"Normal Moisture Booster Perfect Match Kit - Shirley Daza Aesthetic Center","isPartOf":{"@id":"https:\/\/shirleydazacorp.com\/#website"},"primaryImageOfPage":{"@id":"https:\/\/shirleydazacorp.com\/product\/normal-moisture-booster-perfect-match-kit\/#primaryimage"},"image":{"@id":"https:\/\/shirleydazacorp.com\/product\/normal-moisture-booster-perfect-match-kit\/#primaryimage"},"thumbnailUrl":"https:\/\/i0.wp.com\/shirleydazacorp.com\/wp-content\/uploads\/2025\/04\/Normal-Moisture-Booster-Perfect-Match-Kit.png?fit=537%2C464&ssl=1","datePublished":"2025-04-23T19:52:10+00:00","dateModified":"2025-05-08T18:13:07+00:00","description":"Mant\u00e9n tu piel normal a mixta hidratada y equilibrada con el Normal Moisture Booster Perfect Match Kit. Incluye \u00e1cido hialur\u00f3nico y coenzima Q10.","breadcrumb":{"@id":"https:\/\/shirleydazacorp.com\/product\/normal-moisture-booster-perfect-match-kit\/#breadcrumb"},"inLanguage":"en-US","potentialAction":[{"@type":"ReadAction","target":["https:\/\/shirleydazacorp.com\/product\/normal-moisture-booster-perfect-match-kit\/"]}]},{"@type":"ImageObject","inLanguage":"en-US","@id":"https:\/\/shirleydazacorp.com\/product\/normal-moisture-booster-perfect-match-kit\/#primaryimage","url":"https:\/\/i0.wp.com\/shirleydazacorp.com\/wp-content\/uploads\/2025\/04\/Normal-Moisture-Booster-Perfect-Match-Kit.png?fit=537%2C464&ssl=1","contentUrl":"https:\/\/i0.wp.com\/shirleydazacorp.com\/wp-content\/uploads\/2025\/04\/Normal-Moisture-Booster-Perfect-Match-Kit.png?fit=537%2C464&ssl=1","width":537,"height":464,"caption":"Normal Moisture Booster Perfect Match Kit"},{"@type":"BreadcrumbList","@id":"https:\/\/shirleydazacorp.com\/product\/normal-moisture-booster-perfect-match-kit\/#breadcrumb","itemListElement":[{"@type":"ListItem","position":1,"name":"Home","item":"https:\/\/shirleydazacorp.com\/"},{"@type":"ListItem","position":2,"name":"Products","item":"https:\/\/shirleydazacorp.com\/shop\/"},{"@type":"ListItem","position":3,"name":"Normal Moisture Booster Perfect Match Kit"}]},{"@type":"WebSite","@id":"https:\/\/shirleydazacorp.com\/#website","url":"https:\/\/shirleydazacorp.com\/","name":"Shirley Daza Aesthetic Center","description":"Your beauty and wellness in expert hands.","publisher":{"@id":"https:\/\/shirleydazacorp.com\/#organization"},"potentialAction":[{"@type":"SearchAction","target":{"@type":"EntryPoint","urlTemplate":"https:\/\/shirleydazacorp.com\/?s={search_term_string}"},"query-input":{"@type":"PropertyValueSpecification","valueRequired":true,"valueName":"search_term_string"}}],"inLanguage":"en-US"},{"@type":"Organization","@id":"https:\/\/shirleydazacorp.com\/#organization","name":"Shirley Daza Aesthetic Center","url":"https:\/\/shirleydazacorp.com\/","logo":{"@type":"ImageObject","inLanguage":"en-US","@id":"https:\/\/shirleydazacorp.com\/#\/schema\/logo\/image\/","url":"https:\/\/i0.wp.com\/shirleydazacorp.com\/wp-content\/uploads\/2024\/12\/cropped-logo-shirley-daza.png?fit=401%2C250&ssl=1","contentUrl":"https:\/\/i0.wp.com\/shirleydazacorp.com\/wp-content\/uploads\/2024\/12\/cropped-logo-shirley-daza.png?fit=401%2C250&ssl=1","width":401,"height":250,"caption":"Shirley Daza Aesthetic Center"},"image":{"@id":"https:\/\/shirleydazacorp.com\/#\/schema\/logo\/image\/"},"sameAs":["https:\/\/www.facebook.com\/profile.php?id=100088348346496","https:\/\/www.instagram.com\/shirleydazacorp\/","https:\/\/www.tiktok.com\/@sd_aesthetic"]}]}},"jetpack_sharing_enabled":true,"_links":{"self":[{"href":"https:\/\/shirleydazacorp.com\/en\/wp-json\/wp\/v2\/product\/3528","targetHints":{"allow":["GET"]}}],"collection":[{"href":"https:\/\/shirleydazacorp.com\/en\/wp-json\/wp\/v2\/product"}],"about":[{"href":"https:\/\/shirleydazacorp.com\/en\/wp-json\/wp\/v2\/types\/product"}],"replies":[{"embeddable":true,"href":"https:\/\/shirleydazacorp.com\/en\/wp-json\/wp\/v2\/comments?post=3528"}],"wp:featuredmedia":[{"embeddable":true,"href":"https:\/\/shirleydazacorp.com\/en\/wp-json\/wp\/v2\/media\/3529"}],"wp:attachment":[{"href":"https:\/\/shirleydazacorp.com\/en\/wp-json\/wp\/v2\/media?parent=3528"}],"wp:term":[{"taxonomy":"product_brand","embeddable":true,"href":"https:\/\/shirleydazacorp.com\/en\/wp-json\/wp\/v2\/product_brand?post=3528"},{"taxonomy":"product_cat","embeddable":true,"href":"https:\/\/shirleydazacorp.com\/en\/wp-json\/wp\/v2\/product_cat?post=3528"},{"taxonomy":"product_tag","embeddable":true,"href":"https:\/\/shirleydazacorp.com\/en\/wp-json\/wp\/v2\/product_tag?post=3528"}],"curies":[{"name":"wp","href":"https:\/\/api.w.org\/{rel}","templated":true}]}}