{"id":3530,"date":"2025-04-23T20:14:50","date_gmt":"2025-04-23T20:14:50","guid":{"rendered":"https:\/\/shirleydazacorp.com\/?post_type=product&#038;p=3530"},"modified":"2025-05-08T18:12:25","modified_gmt":"2025-05-08T18:12:25","slug":"dry-moisture-booster-perfect-match-kit","status":"publish","type":"product","link":"https:\/\/shirleydazacorp.com\/en\/product\/dry-moisture-booster-perfect-match-kit\/","title":{"rendered":"DRY Moisture Booster Perfect Match Kit"},"content":{"rendered":"<h3 class=\"\" data-start=\"403\" data-end=\"468\"><strong data-start=\"410\" data-end=\"468\">Beneficios del DRY Moisture Booster Perfect Match Kit:<\/strong><\/h3>\n<ul data-start=\"469\" data-end=\"674\">\n<li class=\"\" data-start=\"469\" data-end=\"508\">\n<p class=\"\" data-start=\"471\" data-end=\"508\"><span class=\"relative -mx-px my-[-0.2rem] rounded px-px py-[0.2rem] transition-colors duration-100 ease-in-out\">Proporciona hidrataci\u00f3n profunda y nutrici\u00f3n esencial para pieles secas.<\/span><\/p>\n<\/li>\n<li class=\"\" data-start=\"509\" data-end=\"548\">\n<p class=\"\" data-start=\"511\" data-end=\"548\"><span class=\"relative -mx-px my-[-0.2rem] rounded px-px py-[0.2rem] transition-colors duration-100 ease-in-out\">Mejora la flexibilidad y suavidad de la piel.<\/span><\/p>\n<\/li>\n<li class=\"\" data-start=\"549\" data-end=\"588\">\n<p class=\"\" data-start=\"551\" data-end=\"588\"><span class=\"relative -mx-px my-[-0.2rem] rounded px-px py-[0.2rem] transition-colors duration-100 ease-in-out\">Ayuda a mantener una apariencia saludable y bien nutrida.<\/span><\/p>\n<\/li>\n<li class=\"\" data-start=\"589\" data-end=\"674\">\n<p class=\"\" data-start=\"591\" data-end=\"674\"><span class=\"relative -mx-px my-[-0.2rem] rounded px-px py-[0.2rem] transition-colors duration-100 ease-in-out\">Protege la piel de los factores ambientales estresantes.<\/span>\u200b<\/p>\n<\/li>\n<\/ul>\n<hr class=\"\" data-start=\"676\" data-end=\"679\" \/>\n<h3 class=\"\" data-start=\"681\" data-end=\"744\"><strong data-start=\"688\" data-end=\"744\">C\u00f3mo usar el DRY Moisture Booster Perfect Match Kit:<\/strong><\/h3>\n<p class=\"\" data-start=\"746\" data-end=\"765\"><strong data-start=\"746\" data-end=\"765\">Ma\u00f1ana y noche:<\/strong><\/p>\n<ol data-start=\"766\" data-end=\"897\">\n<li class=\"\" data-start=\"766\" data-end=\"808\">\n<p class=\"\" data-start=\"769\" data-end=\"808\"><span class=\"relative -mx-px my-[-0.2rem] rounded px-px py-[0.2rem] transition-colors duration-100 ease-in-out\">Aplicar <strong data-start=\"8\" data-end=\"32\">Nanosphere Bio Serum<\/strong> sobre la piel limpia y tonificada.<\/span><\/p>\n<\/li>\n<li class=\"\" data-start=\"809\" data-end=\"897\">\n<p class=\"\" data-start=\"812\" data-end=\"897\"><span class=\"relative -mx-px my-[-0.2rem] rounded px-px py-[0.2rem] transition-colors duration-100 ease-in-out\">Aplicar <strong data-start=\"8\" data-end=\"23\">Ceramide C+<\/strong> para sellar la hidrataci\u00f3n.<\/span>\u200b<\/p>\n<\/li>\n<\/ol>\n<p class=\"\" data-start=\"899\" data-end=\"933\"><strong data-start=\"899\" data-end=\"933\">Una vez por semana (opcional):<\/strong><\/p>\n<ul data-start=\"934\" data-end=\"1021\">\n<li class=\"\" data-start=\"934\" data-end=\"1021\">\n<p class=\"\" data-start=\"936\" data-end=\"1021\"><span class=\"relative -mx-px my-[-0.2rem] rounded px-px py-[0.2rem] transition-colors duration-100 ease-in-out\">Mezclar <strong data-start=\"8\" data-end=\"22\">Dermascrub<\/strong> y <strong data-start=\"25\" data-end=\"38\">Glycocell<\/strong>, aplicar sobre la piel limpia y dejar actuar durante 8 minutos. Enjuagar con agua y continuar con la rutina de hidrataci\u00f3n diaria.<\/span>\u200b<\/p>\n<\/li>\n<\/ul>\n<p class=\"\" data-start=\"1023\" data-end=\"1047\"><strong data-start=\"1023\" data-end=\"1047\">Consejo profesional:<\/strong><\/p>\n<ul data-start=\"1048\" data-end=\"1135\">\n<li class=\"\" data-start=\"1048\" data-end=\"1135\">\n<p class=\"\" data-start=\"1050\" data-end=\"1135\"><span class=\"relative -mx-px my-[-0.2rem] rounded px-px py-[0.2rem] transition-colors duration-100 ease-in-out\">Incluir <strong data-start=\"8\" data-end=\"27\">DERMASUN SPF 50<\/strong> en la rutina matutina para protecci\u00f3n solar diaria.<\/span>\u200b<\/p>\n<\/li>\n<\/ul>\n<hr class=\"\" data-start=\"1137\" data-end=\"1140\" \/>\n<h3 class=\"\" data-start=\"1142\" data-end=\"1221\"><strong data-start=\"1149\" data-end=\"1221\">Ingredientes principales del DRY Moisture Booster Perfect Match Kit:<\/strong><\/h3>\n<ul data-start=\"1222\" data-end=\"1529\">\n<li class=\"\" data-start=\"1222\" data-end=\"1289\">\n<p class=\"\" data-start=\"1224\" data-end=\"1289\"><strong data-start=\"1224\" data-end=\"1249\">Nanosphere Bio Serum:<\/strong> <span class=\"relative -mx-px my-[-0.2rem] rounded px-px py-[0.2rem] transition-colors duration-100 ease-in-out\">Formulado para mejorar la hidrataci\u00f3n y la apariencia general de la piel.<\/span><\/p>\n<\/li>\n<li class=\"\" data-start=\"1290\" data-end=\"1348\">\n<p class=\"\" data-start=\"1292\" data-end=\"1348\"><strong data-start=\"1292\" data-end=\"1308\">Ceramide C+:<\/strong> <span class=\"relative -mx-px my-[-0.2rem] rounded px-px py-[0.2rem] transition-colors duration-100 ease-in-out\">Contiene ceramidas y otros ingredientes nutritivos para fortalecer la barrera cut\u00e1nea.<\/span><\/p>\n<\/li>\n<li class=\"\" data-start=\"1349\" data-end=\"1416\">\n<p class=\"\" data-start=\"1351\" data-end=\"1416\"><strong data-start=\"1351\" data-end=\"1376\">Dermascrub (muestra):<\/strong> <span class=\"relative -mx-px my-[-0.2rem] rounded px-px py-[0.2rem] transition-colors duration-100 ease-in-out\">Exfoliante suave para eliminar c\u00e9lulas muertas y mejorar la textura de la piel.<\/span><\/p>\n<\/li>\n<li class=\"\" data-start=\"1417\" data-end=\"1529\">\n<p class=\"\" data-start=\"1419\" data-end=\"1529\"><strong data-start=\"1419\" data-end=\"1443\">Glycocell (muestra):<\/strong> <span class=\"relative -mx-px my-[-0.2rem] rounded px-px py-[0.2rem] transition-colors duration-100 ease-in-out\">Gel rejuvenecedor con \u00e1cido glic\u00f3lico para promover la renovaci\u00f3n celular.<\/span>\u200b<\/p>\n<\/li>\n<\/ul>\n<hr class=\"\" data-start=\"1531\" data-end=\"1534\" \/>\n<h3 class=\"\" data-start=\"1536\" data-end=\"1569\"><strong data-start=\"1543\" data-end=\"1569\">Informaci\u00f3n adicional:<\/strong><\/h3>\n<ul data-start=\"1570\" data-end=\"2013\">\n<li class=\"\" data-start=\"1570\" data-end=\"1770\">\n<p class=\"\" data-start=\"1572\" data-end=\"1594\"><strong data-start=\"1572\" data-end=\"1594\">Contenido del kit:<\/strong><\/p>\n<ul data-start=\"1597\" data-end=\"1770\">\n<li class=\"\" data-start=\"1597\" data-end=\"1638\">\n<p class=\"\" data-start=\"1599\" data-end=\"1638\"><span class=\"relative -mx-px my-[-0.2rem] rounded px-px py-[0.2rem] transition-colors duration-100 ease-in-out\">Nanosphere Bio Serum: 1 oz (30 ml)<\/span><\/p>\n<\/li>\n<li class=\"\" data-start=\"1641\" data-end=\"1682\">\n<p class=\"\" data-start=\"1643\" data-end=\"1682\"><span class=\"relative -mx-px my-[-0.2rem] rounded px-px py-[0.2rem] transition-colors duration-100 ease-in-out\">Ceramide C+: 1 oz (30 ml)<\/span><\/p>\n<\/li>\n<li class=\"\" data-start=\"1685\" data-end=\"1726\">\n<p class=\"\" data-start=\"1687\" data-end=\"1726\"><span class=\"relative -mx-px my-[-0.2rem] rounded px-px py-[0.2rem] transition-colors duration-100 ease-in-out\">Dermascrub: 3 ml (muestra)<\/span><\/p>\n<\/li>\n<li class=\"\" data-start=\"1729\" data-end=\"1770\">\n<p class=\"\" data-start=\"1731\" data-end=\"1770\"><span class=\"relative -mx-px my-[-0.2rem] rounded px-px py-[0.2rem] transition-colors duration-100 ease-in-out\">Glycocell: 3 ml (muestra)<\/span><\/p>\n<\/li>\n<\/ul>\n<\/li>\n<\/ul>\n","protected":false},"excerpt":{"rendered":"<p class=\"\" data-start=\"239\" data-end=\"396\"><span class=\"relative -mx-px my-[-0.2rem] rounded px-px py-[0.2rem] transition-colors duration-100 ease-in-out\">El <strong data-start=\"3\" data-end=\"45\">DRY Moisture Booster Perfect Match Kit<\/strong> est\u00e1 dise\u00f1ado para mantener una hidrataci\u00f3n \u00f3ptima en pieles secas, proporcionando una hidrataci\u00f3n profunda y nutrici\u00f3n esencial.<\/span> <span class=\"relative -mx-px my-[-0.2rem] rounded px-px py-[0.2rem] transition-colors duration-100 ease-in-out\">Ambos productos act\u00faan en sinergia para mejorar visiblemente la flexibilidad de la piel y ayudar a mantener una apariencia saludable y bien nutrida, logrando un cutis m\u00e1s suave y radiante.<\/span> \u200b<\/p>\n","protected":false},"featured_media":3531,"comment_status":"open","ping_status":"closed","template":"","meta":{"nf_dc_page":"","om_disable_all_campaigns":false,"site-container-style":"default","site-container-layout":"default","site-sidebar-layout":"default","site-transparent-header":"default","disable-article-header":"default","disable-site-header":"default","disable-site-footer":"default","disable-content-area-spacing":"default"},"product_brand":[30],"product_cat":[31],"product_tag":[],"class_list":{"0":"post-3530","1":"product","2":"type-product","3":"status-publish","4":"has-post-thumbnail","6":"product_brand-derma-swiss","7":"product_cat-boosters-de-hidratacion","9":"first","10":"instock","11":"taxable","12":"shipping-taxable","13":"purchasable","14":"product-type-simple"},"yoast_head":"<!-- This site is optimized with the Yoast SEO plugin v27.4 - https:\/\/yoast.com\/product\/yoast-seo-wordpress\/ -->\n<title>DRY Moisture Booster Perfect Match Kit - Shirley Daza Aesthetic Center<\/title>\n<meta name=\"description\" content=\"Hidrata profundamente tu piel seca con el DRY Moisture Booster Perfect Match Kit. Incluye Nanosphere Bio Serum y Ceramide C+ para una piel suave.\" \/>\n<meta name=\"robots\" content=\"index, follow, max-snippet:-1, max-image-preview:large, max-video-preview:-1\" \/>\n<link rel=\"canonical\" href=\"https:\/\/shirleydazacorp.com\/en\/product\/dry-moisture-booster-perfect-match-kit\/\" \/>\n<meta property=\"og:locale\" content=\"en_US\" \/>\n<meta property=\"og:type\" content=\"article\" \/>\n<meta property=\"og:title\" content=\"DRY Moisture Booster Perfect Match Kit - Shirley Daza Aesthetic Center\" \/>\n<meta property=\"og:description\" content=\"Hidrata profundamente tu piel seca con el DRY Moisture Booster Perfect Match Kit. Incluye Nanosphere Bio Serum y Ceramide C+ para una piel suave.\" \/>\n<meta property=\"og:url\" content=\"https:\/\/shirleydazacorp.com\/en\/product\/dry-moisture-booster-perfect-match-kit\/\" \/>\n<meta property=\"og:site_name\" content=\"Shirley Daza Aesthetic Center\" \/>\n<meta property=\"article:publisher\" content=\"https:\/\/www.facebook.com\/profile.php?id=100088348346496\" \/>\n<meta property=\"article:modified_time\" content=\"2025-05-08T18:12:25+00:00\" \/>\n<meta property=\"og:image\" content=\"https:\/\/shirleydazacorp.com\/wp-content\/uploads\/2025\/04\/DRY-Moisture-Booster-Perfect-Match-Kit.png\" \/>\n\t<meta property=\"og:image:width\" content=\"533\" \/>\n\t<meta property=\"og:image:height\" content=\"451\" \/>\n\t<meta property=\"og:image:type\" content=\"image\/png\" \/>\n<meta name=\"twitter:card\" content=\"summary_large_image\" \/>\n<meta name=\"twitter:label1\" content=\"Est. reading time\" \/>\n\t<meta name=\"twitter:data1\" content=\"2 minutes\" \/>\n<script type=\"application\/ld+json\" class=\"yoast-schema-graph\">{\"@context\":\"https:\\\/\\\/schema.org\",\"@graph\":[{\"@type\":\"WebPage\",\"@id\":\"https:\\\/\\\/shirleydazacorp.com\\\/product\\\/dry-moisture-booster-perfect-match-kit\\\/\",\"url\":\"https:\\\/\\\/shirleydazacorp.com\\\/product\\\/dry-moisture-booster-perfect-match-kit\\\/\",\"name\":\"DRY Moisture Booster Perfect Match Kit - Shirley Daza Aesthetic Center\",\"isPartOf\":{\"@id\":\"https:\\\/\\\/shirleydazacorp.com\\\/#website\"},\"primaryImageOfPage\":{\"@id\":\"https:\\\/\\\/shirleydazacorp.com\\\/product\\\/dry-moisture-booster-perfect-match-kit\\\/#primaryimage\"},\"image\":{\"@id\":\"https:\\\/\\\/shirleydazacorp.com\\\/product\\\/dry-moisture-booster-perfect-match-kit\\\/#primaryimage\"},\"thumbnailUrl\":\"https:\\\/\\\/i0.wp.com\\\/shirleydazacorp.com\\\/wp-content\\\/uploads\\\/2025\\\/04\\\/DRY-Moisture-Booster-Perfect-Match-Kit.png?fit=533%2C451&ssl=1\",\"datePublished\":\"2025-04-23T20:14:50+00:00\",\"dateModified\":\"2025-05-08T18:12:25+00:00\",\"description\":\"Hidrata profundamente tu piel seca con el DRY Moisture Booster Perfect Match Kit. Incluye Nanosphere Bio Serum y Ceramide C+ para una piel suave.\",\"breadcrumb\":{\"@id\":\"https:\\\/\\\/shirleydazacorp.com\\\/product\\\/dry-moisture-booster-perfect-match-kit\\\/#breadcrumb\"},\"inLanguage\":\"en-US\",\"potentialAction\":[{\"@type\":\"ReadAction\",\"target\":[\"https:\\\/\\\/shirleydazacorp.com\\\/product\\\/dry-moisture-booster-perfect-match-kit\\\/\"]}]},{\"@type\":\"ImageObject\",\"inLanguage\":\"en-US\",\"@id\":\"https:\\\/\\\/shirleydazacorp.com\\\/product\\\/dry-moisture-booster-perfect-match-kit\\\/#primaryimage\",\"url\":\"https:\\\/\\\/i0.wp.com\\\/shirleydazacorp.com\\\/wp-content\\\/uploads\\\/2025\\\/04\\\/DRY-Moisture-Booster-Perfect-Match-Kit.png?fit=533%2C451&ssl=1\",\"contentUrl\":\"https:\\\/\\\/i0.wp.com\\\/shirleydazacorp.com\\\/wp-content\\\/uploads\\\/2025\\\/04\\\/DRY-Moisture-Booster-Perfect-Match-Kit.png?fit=533%2C451&ssl=1\",\"width\":533,\"height\":451,\"caption\":\"DRY Moisture Booster Perfect Match Kit\"},{\"@type\":\"BreadcrumbList\",\"@id\":\"https:\\\/\\\/shirleydazacorp.com\\\/product\\\/dry-moisture-booster-perfect-match-kit\\\/#breadcrumb\",\"itemListElement\":[{\"@type\":\"ListItem\",\"position\":1,\"name\":\"Home\",\"item\":\"https:\\\/\\\/shirleydazacorp.com\\\/\"},{\"@type\":\"ListItem\",\"position\":2,\"name\":\"Products\",\"item\":\"https:\\\/\\\/shirleydazacorp.com\\\/shop\\\/\"},{\"@type\":\"ListItem\",\"position\":3,\"name\":\"DRY Moisture Booster Perfect Match Kit\"}]},{\"@type\":\"WebSite\",\"@id\":\"https:\\\/\\\/shirleydazacorp.com\\\/#website\",\"url\":\"https:\\\/\\\/shirleydazacorp.com\\\/\",\"name\":\"Shirley Daza Aesthetic Center\",\"description\":\"Your beauty and wellness in expert hands.\",\"publisher\":{\"@id\":\"https:\\\/\\\/shirleydazacorp.com\\\/#organization\"},\"potentialAction\":[{\"@type\":\"SearchAction\",\"target\":{\"@type\":\"EntryPoint\",\"urlTemplate\":\"https:\\\/\\\/shirleydazacorp.com\\\/?s={search_term_string}\"},\"query-input\":{\"@type\":\"PropertyValueSpecification\",\"valueRequired\":true,\"valueName\":\"search_term_string\"}}],\"inLanguage\":\"en-US\"},{\"@type\":\"Organization\",\"@id\":\"https:\\\/\\\/shirleydazacorp.com\\\/#organization\",\"name\":\"Shirley Daza Aesthetic Center\",\"url\":\"https:\\\/\\\/shirleydazacorp.com\\\/\",\"logo\":{\"@type\":\"ImageObject\",\"inLanguage\":\"en-US\",\"@id\":\"https:\\\/\\\/shirleydazacorp.com\\\/#\\\/schema\\\/logo\\\/image\\\/\",\"url\":\"https:\\\/\\\/i0.wp.com\\\/shirleydazacorp.com\\\/wp-content\\\/uploads\\\/2024\\\/12\\\/cropped-logo-shirley-daza.png?fit=401%2C250&ssl=1\",\"contentUrl\":\"https:\\\/\\\/i0.wp.com\\\/shirleydazacorp.com\\\/wp-content\\\/uploads\\\/2024\\\/12\\\/cropped-logo-shirley-daza.png?fit=401%2C250&ssl=1\",\"width\":401,\"height\":250,\"caption\":\"Shirley Daza Aesthetic Center\"},\"image\":{\"@id\":\"https:\\\/\\\/shirleydazacorp.com\\\/#\\\/schema\\\/logo\\\/image\\\/\"},\"sameAs\":[\"https:\\\/\\\/www.facebook.com\\\/profile.php?id=100088348346496\",\"https:\\\/\\\/www.instagram.com\\\/shirleydazacorp\\\/\",\"https:\\\/\\\/www.tiktok.com\\\/@sd_aesthetic\"]}]}<\/script>\n<!-- \/ Yoast SEO plugin. -->","yoast_head_json":{"title":"DRY Moisture Booster Perfect Match Kit - Shirley Daza Aesthetic Center","description":"Hidrata profundamente tu piel seca con el DRY Moisture Booster Perfect Match Kit. Incluye Nanosphere Bio Serum y Ceramide C+ para una piel suave.","robots":{"index":"index","follow":"follow","max-snippet":"max-snippet:-1","max-image-preview":"max-image-preview:large","max-video-preview":"max-video-preview:-1"},"canonical":"https:\/\/shirleydazacorp.com\/en\/product\/dry-moisture-booster-perfect-match-kit\/","og_locale":"en_US","og_type":"article","og_title":"DRY Moisture Booster Perfect Match Kit - Shirley Daza Aesthetic Center","og_description":"Hidrata profundamente tu piel seca con el DRY Moisture Booster Perfect Match Kit. Incluye Nanosphere Bio Serum y Ceramide C+ para una piel suave.","og_url":"https:\/\/shirleydazacorp.com\/en\/product\/dry-moisture-booster-perfect-match-kit\/","og_site_name":"Shirley Daza Aesthetic Center","article_publisher":"https:\/\/www.facebook.com\/profile.php?id=100088348346496","article_modified_time":"2025-05-08T18:12:25+00:00","og_image":[{"width":533,"height":451,"url":"https:\/\/shirleydazacorp.com\/wp-content\/uploads\/2025\/04\/DRY-Moisture-Booster-Perfect-Match-Kit.png","type":"image\/png"}],"twitter_card":"summary_large_image","twitter_misc":{"Est. reading time":"2 minutes"},"schema":{"@context":"https:\/\/schema.org","@graph":[{"@type":"WebPage","@id":"https:\/\/shirleydazacorp.com\/product\/dry-moisture-booster-perfect-match-kit\/","url":"https:\/\/shirleydazacorp.com\/product\/dry-moisture-booster-perfect-match-kit\/","name":"DRY Moisture Booster Perfect Match Kit - Shirley Daza Aesthetic Center","isPartOf":{"@id":"https:\/\/shirleydazacorp.com\/#website"},"primaryImageOfPage":{"@id":"https:\/\/shirleydazacorp.com\/product\/dry-moisture-booster-perfect-match-kit\/#primaryimage"},"image":{"@id":"https:\/\/shirleydazacorp.com\/product\/dry-moisture-booster-perfect-match-kit\/#primaryimage"},"thumbnailUrl":"https:\/\/i0.wp.com\/shirleydazacorp.com\/wp-content\/uploads\/2025\/04\/DRY-Moisture-Booster-Perfect-Match-Kit.png?fit=533%2C451&ssl=1","datePublished":"2025-04-23T20:14:50+00:00","dateModified":"2025-05-08T18:12:25+00:00","description":"Hidrata profundamente tu piel seca con el DRY Moisture Booster Perfect Match Kit. Incluye Nanosphere Bio Serum y Ceramide C+ para una piel suave.","breadcrumb":{"@id":"https:\/\/shirleydazacorp.com\/product\/dry-moisture-booster-perfect-match-kit\/#breadcrumb"},"inLanguage":"en-US","potentialAction":[{"@type":"ReadAction","target":["https:\/\/shirleydazacorp.com\/product\/dry-moisture-booster-perfect-match-kit\/"]}]},{"@type":"ImageObject","inLanguage":"en-US","@id":"https:\/\/shirleydazacorp.com\/product\/dry-moisture-booster-perfect-match-kit\/#primaryimage","url":"https:\/\/i0.wp.com\/shirleydazacorp.com\/wp-content\/uploads\/2025\/04\/DRY-Moisture-Booster-Perfect-Match-Kit.png?fit=533%2C451&ssl=1","contentUrl":"https:\/\/i0.wp.com\/shirleydazacorp.com\/wp-content\/uploads\/2025\/04\/DRY-Moisture-Booster-Perfect-Match-Kit.png?fit=533%2C451&ssl=1","width":533,"height":451,"caption":"DRY Moisture Booster Perfect Match Kit"},{"@type":"BreadcrumbList","@id":"https:\/\/shirleydazacorp.com\/product\/dry-moisture-booster-perfect-match-kit\/#breadcrumb","itemListElement":[{"@type":"ListItem","position":1,"name":"Home","item":"https:\/\/shirleydazacorp.com\/"},{"@type":"ListItem","position":2,"name":"Products","item":"https:\/\/shirleydazacorp.com\/shop\/"},{"@type":"ListItem","position":3,"name":"DRY Moisture Booster Perfect Match Kit"}]},{"@type":"WebSite","@id":"https:\/\/shirleydazacorp.com\/#website","url":"https:\/\/shirleydazacorp.com\/","name":"Shirley Daza Aesthetic Center","description":"Your beauty and wellness in expert hands.","publisher":{"@id":"https:\/\/shirleydazacorp.com\/#organization"},"potentialAction":[{"@type":"SearchAction","target":{"@type":"EntryPoint","urlTemplate":"https:\/\/shirleydazacorp.com\/?s={search_term_string}"},"query-input":{"@type":"PropertyValueSpecification","valueRequired":true,"valueName":"search_term_string"}}],"inLanguage":"en-US"},{"@type":"Organization","@id":"https:\/\/shirleydazacorp.com\/#organization","name":"Shirley Daza Aesthetic Center","url":"https:\/\/shirleydazacorp.com\/","logo":{"@type":"ImageObject","inLanguage":"en-US","@id":"https:\/\/shirleydazacorp.com\/#\/schema\/logo\/image\/","url":"https:\/\/i0.wp.com\/shirleydazacorp.com\/wp-content\/uploads\/2024\/12\/cropped-logo-shirley-daza.png?fit=401%2C250&ssl=1","contentUrl":"https:\/\/i0.wp.com\/shirleydazacorp.com\/wp-content\/uploads\/2024\/12\/cropped-logo-shirley-daza.png?fit=401%2C250&ssl=1","width":401,"height":250,"caption":"Shirley Daza Aesthetic Center"},"image":{"@id":"https:\/\/shirleydazacorp.com\/#\/schema\/logo\/image\/"},"sameAs":["https:\/\/www.facebook.com\/profile.php?id=100088348346496","https:\/\/www.instagram.com\/shirleydazacorp\/","https:\/\/www.tiktok.com\/@sd_aesthetic"]}]}},"jetpack_sharing_enabled":true,"_links":{"self":[{"href":"https:\/\/shirleydazacorp.com\/en\/wp-json\/wp\/v2\/product\/3530","targetHints":{"allow":["GET"]}}],"collection":[{"href":"https:\/\/shirleydazacorp.com\/en\/wp-json\/wp\/v2\/product"}],"about":[{"href":"https:\/\/shirleydazacorp.com\/en\/wp-json\/wp\/v2\/types\/product"}],"replies":[{"embeddable":true,"href":"https:\/\/shirleydazacorp.com\/en\/wp-json\/wp\/v2\/comments?post=3530"}],"wp:featuredmedia":[{"embeddable":true,"href":"https:\/\/shirleydazacorp.com\/en\/wp-json\/wp\/v2\/media\/3531"}],"wp:attachment":[{"href":"https:\/\/shirleydazacorp.com\/en\/wp-json\/wp\/v2\/media?parent=3530"}],"wp:term":[{"taxonomy":"product_brand","embeddable":true,"href":"https:\/\/shirleydazacorp.com\/en\/wp-json\/wp\/v2\/product_brand?post=3530"},{"taxonomy":"product_cat","embeddable":true,"href":"https:\/\/shirleydazacorp.com\/en\/wp-json\/wp\/v2\/product_cat?post=3530"},{"taxonomy":"product_tag","embeddable":true,"href":"https:\/\/shirleydazacorp.com\/en\/wp-json\/wp\/v2\/product_tag?post=3530"}],"curies":[{"name":"wp","href":"https:\/\/api.w.org\/{rel}","templated":true}]}}