{"id":3532,"date":"2025-04-23T20:23:46","date_gmt":"2025-04-23T20:23:46","guid":{"rendered":"https:\/\/shirleydazacorp.com\/?post_type=product&#038;p=3532"},"modified":"2025-05-08T18:11:36","modified_gmt":"2025-05-08T18:11:36","slug":"age-defy-contour-perfect-match-kit","status":"publish","type":"product","link":"https:\/\/shirleydazacorp.com\/en\/product\/age-defy-contour-perfect-match-kit\/","title":{"rendered":"Age Defy Contour Perfect Match Kit"},"content":{"rendered":"<h3 class=\"\" data-start=\"387\" data-end=\"448\"><strong data-start=\"394\" data-end=\"448\">Beneficios del Age Defy Contour Perfect Match Kit:<\/strong><\/h3>\n<ul data-start=\"449\" data-end=\"694\">\n<li class=\"\" data-start=\"449\" data-end=\"488\">\n<p class=\"\" data-start=\"451\" data-end=\"488\"><span class=\"relative -mx-px my-[-0.2rem] rounded px-px py-[0.2rem] transition-colors duration-100 ease-in-out\">Reafirma y tonifica la piel, mejorando la definici\u00f3n del contorno facial.<\/span><\/p>\n<\/li>\n<li class=\"\" data-start=\"489\" data-end=\"528\">\n<p class=\"\" data-start=\"491\" data-end=\"528\"><span class=\"relative -mx-px my-[-0.2rem] rounded px-px py-[0.2rem] transition-colors duration-100 ease-in-out\">Reduce la apariencia de l\u00edneas finas y arrugas.<\/span><\/p>\n<\/li>\n<li class=\"\" data-start=\"529\" data-end=\"568\">\n<p class=\"\" data-start=\"531\" data-end=\"568\"><span class=\"relative -mx-px my-[-0.2rem] rounded px-px py-[0.2rem] transition-colors duration-100 ease-in-out\">Mejora la elasticidad y la textura de la piel.<\/span><\/p>\n<\/li>\n<li class=\"\" data-start=\"569\" data-end=\"608\">\n<p class=\"\" data-start=\"571\" data-end=\"608\"><span class=\"relative -mx-px my-[-0.2rem] rounded px-px py-[0.2rem] transition-colors duration-100 ease-in-out\">Proporciona hidrataci\u00f3n profunda y nutrici\u00f3n esencial.<\/span><\/p>\n<\/li>\n<li class=\"\" data-start=\"609\" data-end=\"694\">\n<p class=\"\" data-start=\"611\" data-end=\"694\"><span class=\"relative -mx-px my-[-0.2rem] rounded px-px py-[0.2rem] transition-colors duration-100 ease-in-out\">Estimula la producci\u00f3n de col\u00e1geno para una piel m\u00e1s firme.<\/span>\u200b<\/p>\n<\/li>\n<\/ul>\n<hr class=\"\" data-start=\"696\" data-end=\"699\" \/>\n<h3 class=\"\" data-start=\"701\" data-end=\"760\"><strong data-start=\"708\" data-end=\"760\">C\u00f3mo usar el Age Defy Contour Perfect Match Kit:<\/strong><\/h3>\n<p class=\"\" data-start=\"762\" data-end=\"781\"><strong data-start=\"762\" data-end=\"781\">Ma\u00f1ana y noche:<\/strong><\/p>\n<ol data-start=\"782\" data-end=\"913\">\n<li class=\"\" data-start=\"782\" data-end=\"824\">\n<p class=\"\" data-start=\"785\" data-end=\"824\"><span class=\"relative -mx-px my-[-0.2rem] rounded px-px py-[0.2rem] transition-colors duration-100 ease-in-out\">Aplicar <strong data-start=\"8\" data-end=\"27\">V-Contour Serum<\/strong> sobre la piel limpia y tonificada, enfoc\u00e1ndose en las \u00e1reas con p\u00e9rdida de firmeza.<\/span><\/p>\n<\/li>\n<li class=\"\" data-start=\"825\" data-end=\"913\">\n<p class=\"\" data-start=\"828\" data-end=\"913\"><span class=\"relative -mx-px my-[-0.2rem] rounded px-px py-[0.2rem] transition-colors duration-100 ease-in-out\">Aplicar <strong data-start=\"8\" data-end=\"27\">VitalRich Cream<\/strong> para hidratar y nutrir la piel.<\/span>\u200b<\/p>\n<\/li>\n<\/ol>\n<p class=\"\" data-start=\"915\" data-end=\"949\"><strong data-start=\"915\" data-end=\"949\">Una vez por semana (opcional):<\/strong><\/p>\n<ul data-start=\"950\" data-end=\"1037\">\n<li class=\"\" data-start=\"950\" data-end=\"1037\">\n<p class=\"\" data-start=\"952\" data-end=\"1037\"><span class=\"relative -mx-px my-[-0.2rem] rounded px-px py-[0.2rem] transition-colors duration-100 ease-in-out\">Aplicar <strong data-start=\"8\" data-end=\"28\">Collagen C+ Mask<\/strong> sobre el rostro limpio, dejar actuar durante 15-20 minutos y retirar suavemente.<\/span>\u200b<\/p>\n<\/li>\n<\/ul>\n<p class=\"\" data-start=\"1039\" data-end=\"1063\"><strong data-start=\"1039\" data-end=\"1063\">Consejo profesional:<\/strong><\/p>\n<ul data-start=\"1064\" data-end=\"1151\">\n<li class=\"\" data-start=\"1064\" data-end=\"1151\">\n<p class=\"\" data-start=\"1066\" data-end=\"1151\"><span class=\"relative -mx-px my-[-0.2rem] rounded px-px py-[0.2rem] transition-colors duration-100 ease-in-out\">Incluir <strong data-start=\"8\" data-end=\"27\">DERMASUN SPF 50<\/strong> en la rutina matutina para protecci\u00f3n solar diaria.<\/span>\u200b<\/p>\n<\/li>\n<\/ul>\n<hr class=\"\" data-start=\"1153\" data-end=\"1156\" \/>\n<h3 class=\"\" data-start=\"1158\" data-end=\"1233\"><strong data-start=\"1165\" data-end=\"1233\">Ingredientes principales del Age Defy Contour Perfect Match Kit:<\/strong><\/h3>\n<ul data-start=\"1234\" data-end=\"1469\">\n<li class=\"\" data-start=\"1234\" data-end=\"1296\">\n<p class=\"\" data-start=\"1236\" data-end=\"1296\"><strong data-start=\"1236\" data-end=\"1256\">V-Contour Serum:<\/strong> <span class=\"relative -mx-px my-[-0.2rem] rounded px-px py-[0.2rem] transition-colors duration-100 ease-in-out\">P\u00e9ptidos multifuncionales que mejoran la firmeza y elasticidad de la piel.<\/span><\/p>\n<\/li>\n<li class=\"\" data-start=\"1297\" data-end=\"1359\">\n<p class=\"\" data-start=\"1299\" data-end=\"1359\"><strong data-start=\"1299\" data-end=\"1319\">VitalRich Cream:<\/strong> <span class=\"relative -mx-px my-[-0.2rem] rounded px-px py-[0.2rem] transition-colors duration-100 ease-in-out\">Complejo hidratante con ingredientes nutritivos para revitalizar la piel madura.<\/span><\/p>\n<\/li>\n<li class=\"\" data-start=\"1360\" data-end=\"1469\">\n<p class=\"\" data-start=\"1362\" data-end=\"1469\"><strong data-start=\"1362\" data-end=\"1383\">Collagen C+ Mask:<\/strong> <span class=\"relative -mx-px my-[-0.2rem] rounded px-px py-[0.2rem] transition-colors duration-100 ease-in-out\">M\u00e1scara de col\u00e1geno y vitamina C para mejorar la luminosidad y firmeza de la piel.<\/span>\u200b<\/p>\n<\/li>\n<\/ul>\n<hr class=\"\" data-start=\"1471\" data-end=\"1474\" \/>\n<h3 class=\"\" data-start=\"1476\" data-end=\"1509\"><strong data-start=\"1483\" data-end=\"1509\">Informaci\u00f3n adicional:<\/strong><\/h3>\n<ul data-start=\"1510\" data-end=\"1909\">\n<li class=\"\" data-start=\"1510\" data-end=\"1666\">\n<p class=\"\" data-start=\"1512\" data-end=\"1534\"><strong data-start=\"1512\" data-end=\"1534\">Contenido del kit:<\/strong><\/p>\n<ul data-start=\"1537\" data-end=\"1666\">\n<li class=\"\" data-start=\"1537\" data-end=\"1578\">\n<p class=\"\" data-start=\"1539\" data-end=\"1578\"><span class=\"relative -mx-px my-[-0.2rem] rounded px-px py-[0.2rem] transition-colors duration-100 ease-in-out\">V-Contour Serum: 1 oz (30 ml)<\/span><\/p>\n<\/li>\n<li class=\"\" data-start=\"1581\" data-end=\"1622\">\n<p class=\"\" data-start=\"1583\" data-end=\"1622\"><span class=\"relative -mx-px my-[-0.2rem] rounded px-px py-[0.2rem] transition-colors duration-100 ease-in-out\">VitalRich Cream: 1.7 oz (50 ml)<\/span><\/p>\n<\/li>\n<li class=\"\" data-start=\"1625\" data-end=\"1666\">\n<p class=\"\" data-start=\"1627\" data-end=\"1666\"><span class=\"relative -mx-px my-[-0.2rem] rounded px-px py-[0.2rem] transition-colors duration-100 ease-in-out\">Collagen C+ Mask: 1 unidad (muestra)<\/span><\/p>\n<\/li>\n<\/ul>\n<\/li>\n<\/ul>\n","protected":false},"excerpt":{"rendered":"<p><span class=\"relative -mx-px my-[-0.2rem] rounded px-px py-[0.2rem] transition-colors duration-100 ease-in-out\">El <strong data-start=\"3\" data-end=\"41\">Age Defy Contour Perfect Match Kit<\/strong> est\u00e1 dise\u00f1ado para abordar los signos visibles del envejecimiento, como la flacidez y la p\u00e9rdida de firmeza en la piel.<\/span> <span class=\"relative -mx-px my-[-0.2rem] rounded px-px py-[0.2rem] transition-colors duration-100 ease-in-out\">Este kit combina tecnolog\u00edas avanzadas con ingredientes activos para redefinir los contornos faciales, mejorar la elasticidad y promover una apariencia m\u00e1s juvenil y tonificada.<\/span><\/p>\n","protected":false},"featured_media":3533,"comment_status":"open","ping_status":"closed","template":"","meta":{"nf_dc_page":"","om_disable_all_campaigns":false,"site-container-style":"default","site-container-layout":"default","site-sidebar-layout":"default","site-transparent-header":"default","disable-article-header":"default","disable-site-header":"default","disable-site-footer":"default","disable-content-area-spacing":"default"},"product_brand":[30],"product_cat":[29],"product_tag":[],"class_list":{"0":"post-3532","1":"product","2":"type-product","3":"status-publish","4":"has-post-thumbnail","6":"product_brand-derma-swiss","7":"product_cat-kits-de-cuidado-facial","9":"first","10":"instock","11":"taxable","12":"shipping-taxable","13":"purchasable","14":"product-type-simple"},"yoast_head":"<!-- This site is optimized with the Yoast SEO plugin v27.4 - https:\/\/yoast.com\/product\/yoast-seo-wordpress\/ -->\n<title>Age Defy Contour Perfect Match Kit - Shirley Daza Aesthetic Center<\/title>\n<meta name=\"description\" content=\"Reafirma y redefine los contornos de tu rostro con el Age Defy Contour Perfect Match Kit. Incluye p\u00e9ptidos avanzados y col\u00e1geno para una piel m\u00e1s firme.\" \/>\n<meta name=\"robots\" content=\"index, follow, max-snippet:-1, max-image-preview:large, max-video-preview:-1\" \/>\n<link rel=\"canonical\" href=\"https:\/\/shirleydazacorp.com\/en\/product\/age-defy-contour-perfect-match-kit\/\" \/>\n<meta property=\"og:locale\" content=\"en_US\" \/>\n<meta property=\"og:type\" content=\"article\" \/>\n<meta property=\"og:title\" content=\"Age Defy Contour Perfect Match Kit - Shirley Daza Aesthetic Center\" \/>\n<meta property=\"og:description\" content=\"Reafirma y redefine los contornos de tu rostro con el Age Defy Contour Perfect Match Kit. Incluye p\u00e9ptidos avanzados y col\u00e1geno para una piel m\u00e1s firme.\" \/>\n<meta property=\"og:url\" content=\"https:\/\/shirleydazacorp.com\/en\/product\/age-defy-contour-perfect-match-kit\/\" \/>\n<meta property=\"og:site_name\" content=\"Shirley Daza Aesthetic Center\" \/>\n<meta property=\"article:publisher\" content=\"https:\/\/www.facebook.com\/profile.php?id=100088348346496\" \/>\n<meta property=\"article:modified_time\" content=\"2025-05-08T18:11:36+00:00\" \/>\n<meta property=\"og:image\" content=\"https:\/\/shirleydazacorp.com\/wp-content\/uploads\/2025\/04\/Age-Defy-Contour-Perfect-Match-Kit.png\" \/>\n\t<meta property=\"og:image:width\" content=\"535\" \/>\n\t<meta property=\"og:image:height\" content=\"467\" \/>\n\t<meta property=\"og:image:type\" content=\"image\/png\" \/>\n<meta name=\"twitter:card\" content=\"summary_large_image\" \/>\n<meta name=\"twitter:label1\" content=\"Est. reading time\" \/>\n\t<meta name=\"twitter:data1\" content=\"2 minutes\" \/>\n<script type=\"application\/ld+json\" class=\"yoast-schema-graph\">{\"@context\":\"https:\\\/\\\/schema.org\",\"@graph\":[{\"@type\":\"WebPage\",\"@id\":\"https:\\\/\\\/shirleydazacorp.com\\\/product\\\/age-defy-contour-perfect-match-kit\\\/\",\"url\":\"https:\\\/\\\/shirleydazacorp.com\\\/product\\\/age-defy-contour-perfect-match-kit\\\/\",\"name\":\"Age Defy Contour Perfect Match Kit - Shirley Daza Aesthetic Center\",\"isPartOf\":{\"@id\":\"https:\\\/\\\/shirleydazacorp.com\\\/#website\"},\"primaryImageOfPage\":{\"@id\":\"https:\\\/\\\/shirleydazacorp.com\\\/product\\\/age-defy-contour-perfect-match-kit\\\/#primaryimage\"},\"image\":{\"@id\":\"https:\\\/\\\/shirleydazacorp.com\\\/product\\\/age-defy-contour-perfect-match-kit\\\/#primaryimage\"},\"thumbnailUrl\":\"https:\\\/\\\/i0.wp.com\\\/shirleydazacorp.com\\\/wp-content\\\/uploads\\\/2025\\\/04\\\/Age-Defy-Contour-Perfect-Match-Kit.png?fit=535%2C467&ssl=1\",\"datePublished\":\"2025-04-23T20:23:46+00:00\",\"dateModified\":\"2025-05-08T18:11:36+00:00\",\"description\":\"Reafirma y redefine los contornos de tu rostro con el Age Defy Contour Perfect Match Kit. Incluye p\u00e9ptidos avanzados y col\u00e1geno para una piel m\u00e1s firme.\",\"breadcrumb\":{\"@id\":\"https:\\\/\\\/shirleydazacorp.com\\\/product\\\/age-defy-contour-perfect-match-kit\\\/#breadcrumb\"},\"inLanguage\":\"en-US\",\"potentialAction\":[{\"@type\":\"ReadAction\",\"target\":[\"https:\\\/\\\/shirleydazacorp.com\\\/product\\\/age-defy-contour-perfect-match-kit\\\/\"]}]},{\"@type\":\"ImageObject\",\"inLanguage\":\"en-US\",\"@id\":\"https:\\\/\\\/shirleydazacorp.com\\\/product\\\/age-defy-contour-perfect-match-kit\\\/#primaryimage\",\"url\":\"https:\\\/\\\/i0.wp.com\\\/shirleydazacorp.com\\\/wp-content\\\/uploads\\\/2025\\\/04\\\/Age-Defy-Contour-Perfect-Match-Kit.png?fit=535%2C467&ssl=1\",\"contentUrl\":\"https:\\\/\\\/i0.wp.com\\\/shirleydazacorp.com\\\/wp-content\\\/uploads\\\/2025\\\/04\\\/Age-Defy-Contour-Perfect-Match-Kit.png?fit=535%2C467&ssl=1\",\"width\":535,\"height\":467,\"caption\":\"Age Defy Contour Perfect Match Kit\"},{\"@type\":\"BreadcrumbList\",\"@id\":\"https:\\\/\\\/shirleydazacorp.com\\\/product\\\/age-defy-contour-perfect-match-kit\\\/#breadcrumb\",\"itemListElement\":[{\"@type\":\"ListItem\",\"position\":1,\"name\":\"Home\",\"item\":\"https:\\\/\\\/shirleydazacorp.com\\\/\"},{\"@type\":\"ListItem\",\"position\":2,\"name\":\"Products\",\"item\":\"https:\\\/\\\/shirleydazacorp.com\\\/shop\\\/\"},{\"@type\":\"ListItem\",\"position\":3,\"name\":\"Age Defy Contour Perfect Match Kit\"}]},{\"@type\":\"WebSite\",\"@id\":\"https:\\\/\\\/shirleydazacorp.com\\\/#website\",\"url\":\"https:\\\/\\\/shirleydazacorp.com\\\/\",\"name\":\"Shirley Daza Aesthetic Center\",\"description\":\"Your beauty and wellness in expert hands.\",\"publisher\":{\"@id\":\"https:\\\/\\\/shirleydazacorp.com\\\/#organization\"},\"potentialAction\":[{\"@type\":\"SearchAction\",\"target\":{\"@type\":\"EntryPoint\",\"urlTemplate\":\"https:\\\/\\\/shirleydazacorp.com\\\/?s={search_term_string}\"},\"query-input\":{\"@type\":\"PropertyValueSpecification\",\"valueRequired\":true,\"valueName\":\"search_term_string\"}}],\"inLanguage\":\"en-US\"},{\"@type\":\"Organization\",\"@id\":\"https:\\\/\\\/shirleydazacorp.com\\\/#organization\",\"name\":\"Shirley Daza Aesthetic Center\",\"url\":\"https:\\\/\\\/shirleydazacorp.com\\\/\",\"logo\":{\"@type\":\"ImageObject\",\"inLanguage\":\"en-US\",\"@id\":\"https:\\\/\\\/shirleydazacorp.com\\\/#\\\/schema\\\/logo\\\/image\\\/\",\"url\":\"https:\\\/\\\/i0.wp.com\\\/shirleydazacorp.com\\\/wp-content\\\/uploads\\\/2024\\\/12\\\/cropped-logo-shirley-daza.png?fit=401%2C250&ssl=1\",\"contentUrl\":\"https:\\\/\\\/i0.wp.com\\\/shirleydazacorp.com\\\/wp-content\\\/uploads\\\/2024\\\/12\\\/cropped-logo-shirley-daza.png?fit=401%2C250&ssl=1\",\"width\":401,\"height\":250,\"caption\":\"Shirley Daza Aesthetic Center\"},\"image\":{\"@id\":\"https:\\\/\\\/shirleydazacorp.com\\\/#\\\/schema\\\/logo\\\/image\\\/\"},\"sameAs\":[\"https:\\\/\\\/www.facebook.com\\\/profile.php?id=100088348346496\",\"https:\\\/\\\/www.instagram.com\\\/shirleydazacorp\\\/\",\"https:\\\/\\\/www.tiktok.com\\\/@sd_aesthetic\"]}]}<\/script>\n<!-- \/ Yoast SEO plugin. -->","yoast_head_json":{"title":"Age Defy Contour Perfect Match Kit - Shirley Daza Aesthetic Center","description":"Reafirma y redefine los contornos de tu rostro con el Age Defy Contour Perfect Match Kit. Incluye p\u00e9ptidos avanzados y col\u00e1geno para una piel m\u00e1s firme.","robots":{"index":"index","follow":"follow","max-snippet":"max-snippet:-1","max-image-preview":"max-image-preview:large","max-video-preview":"max-video-preview:-1"},"canonical":"https:\/\/shirleydazacorp.com\/en\/product\/age-defy-contour-perfect-match-kit\/","og_locale":"en_US","og_type":"article","og_title":"Age Defy Contour Perfect Match Kit - Shirley Daza Aesthetic Center","og_description":"Reafirma y redefine los contornos de tu rostro con el Age Defy Contour Perfect Match Kit. Incluye p\u00e9ptidos avanzados y col\u00e1geno para una piel m\u00e1s firme.","og_url":"https:\/\/shirleydazacorp.com\/en\/product\/age-defy-contour-perfect-match-kit\/","og_site_name":"Shirley Daza Aesthetic Center","article_publisher":"https:\/\/www.facebook.com\/profile.php?id=100088348346496","article_modified_time":"2025-05-08T18:11:36+00:00","og_image":[{"width":535,"height":467,"url":"https:\/\/shirleydazacorp.com\/wp-content\/uploads\/2025\/04\/Age-Defy-Contour-Perfect-Match-Kit.png","type":"image\/png"}],"twitter_card":"summary_large_image","twitter_misc":{"Est. reading time":"2 minutes"},"schema":{"@context":"https:\/\/schema.org","@graph":[{"@type":"WebPage","@id":"https:\/\/shirleydazacorp.com\/product\/age-defy-contour-perfect-match-kit\/","url":"https:\/\/shirleydazacorp.com\/product\/age-defy-contour-perfect-match-kit\/","name":"Age Defy Contour Perfect Match Kit - Shirley Daza Aesthetic Center","isPartOf":{"@id":"https:\/\/shirleydazacorp.com\/#website"},"primaryImageOfPage":{"@id":"https:\/\/shirleydazacorp.com\/product\/age-defy-contour-perfect-match-kit\/#primaryimage"},"image":{"@id":"https:\/\/shirleydazacorp.com\/product\/age-defy-contour-perfect-match-kit\/#primaryimage"},"thumbnailUrl":"https:\/\/i0.wp.com\/shirleydazacorp.com\/wp-content\/uploads\/2025\/04\/Age-Defy-Contour-Perfect-Match-Kit.png?fit=535%2C467&ssl=1","datePublished":"2025-04-23T20:23:46+00:00","dateModified":"2025-05-08T18:11:36+00:00","description":"Reafirma y redefine los contornos de tu rostro con el Age Defy Contour Perfect Match Kit. Incluye p\u00e9ptidos avanzados y col\u00e1geno para una piel m\u00e1s firme.","breadcrumb":{"@id":"https:\/\/shirleydazacorp.com\/product\/age-defy-contour-perfect-match-kit\/#breadcrumb"},"inLanguage":"en-US","potentialAction":[{"@type":"ReadAction","target":["https:\/\/shirleydazacorp.com\/product\/age-defy-contour-perfect-match-kit\/"]}]},{"@type":"ImageObject","inLanguage":"en-US","@id":"https:\/\/shirleydazacorp.com\/product\/age-defy-contour-perfect-match-kit\/#primaryimage","url":"https:\/\/i0.wp.com\/shirleydazacorp.com\/wp-content\/uploads\/2025\/04\/Age-Defy-Contour-Perfect-Match-Kit.png?fit=535%2C467&ssl=1","contentUrl":"https:\/\/i0.wp.com\/shirleydazacorp.com\/wp-content\/uploads\/2025\/04\/Age-Defy-Contour-Perfect-Match-Kit.png?fit=535%2C467&ssl=1","width":535,"height":467,"caption":"Age Defy Contour Perfect Match Kit"},{"@type":"BreadcrumbList","@id":"https:\/\/shirleydazacorp.com\/product\/age-defy-contour-perfect-match-kit\/#breadcrumb","itemListElement":[{"@type":"ListItem","position":1,"name":"Home","item":"https:\/\/shirleydazacorp.com\/"},{"@type":"ListItem","position":2,"name":"Products","item":"https:\/\/shirleydazacorp.com\/shop\/"},{"@type":"ListItem","position":3,"name":"Age Defy Contour Perfect Match Kit"}]},{"@type":"WebSite","@id":"https:\/\/shirleydazacorp.com\/#website","url":"https:\/\/shirleydazacorp.com\/","name":"Shirley Daza Aesthetic Center","description":"Your beauty and wellness in expert hands.","publisher":{"@id":"https:\/\/shirleydazacorp.com\/#organization"},"potentialAction":[{"@type":"SearchAction","target":{"@type":"EntryPoint","urlTemplate":"https:\/\/shirleydazacorp.com\/?s={search_term_string}"},"query-input":{"@type":"PropertyValueSpecification","valueRequired":true,"valueName":"search_term_string"}}],"inLanguage":"en-US"},{"@type":"Organization","@id":"https:\/\/shirleydazacorp.com\/#organization","name":"Shirley Daza Aesthetic Center","url":"https:\/\/shirleydazacorp.com\/","logo":{"@type":"ImageObject","inLanguage":"en-US","@id":"https:\/\/shirleydazacorp.com\/#\/schema\/logo\/image\/","url":"https:\/\/i0.wp.com\/shirleydazacorp.com\/wp-content\/uploads\/2024\/12\/cropped-logo-shirley-daza.png?fit=401%2C250&ssl=1","contentUrl":"https:\/\/i0.wp.com\/shirleydazacorp.com\/wp-content\/uploads\/2024\/12\/cropped-logo-shirley-daza.png?fit=401%2C250&ssl=1","width":401,"height":250,"caption":"Shirley Daza Aesthetic Center"},"image":{"@id":"https:\/\/shirleydazacorp.com\/#\/schema\/logo\/image\/"},"sameAs":["https:\/\/www.facebook.com\/profile.php?id=100088348346496","https:\/\/www.instagram.com\/shirleydazacorp\/","https:\/\/www.tiktok.com\/@sd_aesthetic"]}]}},"jetpack_sharing_enabled":true,"_links":{"self":[{"href":"https:\/\/shirleydazacorp.com\/en\/wp-json\/wp\/v2\/product\/3532","targetHints":{"allow":["GET"]}}],"collection":[{"href":"https:\/\/shirleydazacorp.com\/en\/wp-json\/wp\/v2\/product"}],"about":[{"href":"https:\/\/shirleydazacorp.com\/en\/wp-json\/wp\/v2\/types\/product"}],"replies":[{"embeddable":true,"href":"https:\/\/shirleydazacorp.com\/en\/wp-json\/wp\/v2\/comments?post=3532"}],"wp:featuredmedia":[{"embeddable":true,"href":"https:\/\/shirleydazacorp.com\/en\/wp-json\/wp\/v2\/media\/3533"}],"wp:attachment":[{"href":"https:\/\/shirleydazacorp.com\/en\/wp-json\/wp\/v2\/media?parent=3532"}],"wp:term":[{"taxonomy":"product_brand","embeddable":true,"href":"https:\/\/shirleydazacorp.com\/en\/wp-json\/wp\/v2\/product_brand?post=3532"},{"taxonomy":"product_cat","embeddable":true,"href":"https:\/\/shirleydazacorp.com\/en\/wp-json\/wp\/v2\/product_cat?post=3532"},{"taxonomy":"product_tag","embeddable":true,"href":"https:\/\/shirleydazacorp.com\/en\/wp-json\/wp\/v2\/product_tag?post=3532"}],"curies":[{"name":"wp","href":"https:\/\/api.w.org\/{rel}","templated":true}]}}