{"id":3987,"date":"2025-06-05T04:30:47","date_gmt":"2025-06-05T04:30:47","guid":{"rendered":"https:\/\/shirleydazacorp.com\/?post_type=product&#038;p=3987"},"modified":"2025-06-09T20:11:22","modified_gmt":"2025-06-09T20:11:22","slug":"exfoliante-de-chocolate-y-cafe-con-menta-7-oz","status":"publish","type":"product","link":"https:\/\/shirleydazacorp.com\/en\/product\/exfoliante-de-chocolate-y-cafe-con-menta-7-oz\/","title":{"rendered":"Chocolate &amp; Coffee Mint Exfoliant (7 oz)"},"content":{"rendered":"<h3 data-start=\"694\" data-end=\"753\">\ud83d\udfe9 <strong data-start=\"701\" data-end=\"751\">Benefits of the Chocolate &amp; Coffee Exfoliant:<\/strong><\/h3>\n<ul data-start=\"754\" data-end=\"1164\">\n<li data-start=\"754\" data-end=\"794\">\n<p data-start=\"756\" data-end=\"794\">Deep and revitalizing exfoliation<\/p>\n<\/li>\n<li data-start=\"795\" data-end=\"855\">\n<p data-start=\"797\" data-end=\"855\">Smoother, more even texture from the first application<\/p>\n<\/li>\n<li data-start=\"856\" data-end=\"917\">\n<p data-start=\"858\" data-end=\"917\">Intense hydration thanks to cocoa and essential oils<\/p>\n<\/li>\n<li data-start=\"918\" data-end=\"959\">\n<p data-start=\"920\" data-end=\"959\">Antioxidant and anti-inflammatory power<\/p>\n<\/li>\n<li data-start=\"960\" data-end=\"1014\">\n<p data-start=\"962\" data-end=\"1014\">Stimulates microcirculation and promotes drainage<\/p>\n<\/li>\n<li data-start=\"1015\" data-end=\"1080\">\n<p data-start=\"1017\" data-end=\"1080\">Improves absorption of slimming or firming treatments<\/p>\n<\/li>\n<li data-start=\"1081\" data-end=\"1131\">\n<p data-start=\"1083\" data-end=\"1131\">Provides a spa-like sensory experience<\/p>\n<\/li>\n<li data-start=\"1132\" data-end=\"1164\">\n<p data-start=\"1134\" data-end=\"1164\">Ideal for all skin types<\/p>\n<\/li>\n<\/ul>\n<hr data-start=\"1166\" data-end=\"1169\" \/>\n<h3 data-start=\"1171\" data-end=\"1208\">\ud83e\uddea <strong data-start=\"1178\" data-end=\"1206\">How to use the exfoliant:<\/strong><\/h3>\n<p data-start=\"1209\" data-end=\"1456\">Apply to damp skin, preferably during the shower. Massage in circular motions on legs, arms, abdomen, or glutes. Let sit for 1\u20132 minutes and rinse thoroughly with water. Use 2 to 3 times per week for best results.<\/p>\n<hr data-start=\"1458\" data-end=\"1461\" \/>\n<h3 data-start=\"1463\" data-end=\"1497\">\ud83c\udf3f <strong data-start=\"1470\" data-end=\"1495\">Active Ingredients:<\/strong><\/h3>\n<ul data-start=\"1498\" data-end=\"1641\">\n<li data-start=\"1498\" data-end=\"1531\">\n<p data-start=\"1500\" data-end=\"1531\">Ground natural coffee beans<\/p>\n<\/li>\n<li data-start=\"1532\" data-end=\"1552\">\n<p data-start=\"1534\" data-end=\"1552\">Cocoa butter<\/p>\n<\/li>\n<li data-start=\"1553\" data-end=\"1577\">\n<p data-start=\"1555\" data-end=\"1577\">Green tea extract<\/p>\n<\/li>\n<li data-start=\"1578\" data-end=\"1597\">\n<p data-start=\"1580\" data-end=\"1597\">Peppermint oil<\/p>\n<\/li>\n<li data-start=\"1598\" data-end=\"1628\">\n<p data-start=\"1600\" data-end=\"1628\">Organic exfoliating sugar<\/p>\n<\/li>\n<li data-start=\"1629\" data-end=\"1641\">\n<p data-start=\"1631\" data-end=\"1641\">Vitamin E<\/p>\n<\/li>\n<\/ul>","protected":false},"excerpt":{"rendered":"<p data-start=\"274\" data-end=\"687\">This luxurious body exfoliant fuses the ancestral power of cocoa, coffee, and green tea with the stimulating freshness of mint. Designed to renew skin texture, improve circulation, and leave a revitalizing sensation. Its exfoliating action removes dead skin cells, stimulates regeneration, enhances the skin\u2019s natural glow, hydrates, and provides a long-lasting antioxidant effect.<\/p>","protected":false},"featured_media":4004,"comment_status":"open","ping_status":"closed","template":"","meta":{"nf_dc_page":"","om_disable_all_campaigns":false,"site-container-style":"default","site-container-layout":"default","site-sidebar-layout":"default","site-transparent-header":"default","disable-article-header":"default","disable-site-header":"default","disable-site-footer":"default","disable-content-area-spacing":"default"},"product_brand":[63],"product_cat":[62],"product_tag":[],"class_list":{"0":"post-3987","1":"product","2":"type-product","3":"status-publish","4":"has-post-thumbnail","6":"product_brand-shirley-daza","7":"product_cat-exfoliantes","9":"first","10":"instock","11":"taxable","12":"shipping-taxable","13":"purchasable","14":"product-type-simple"},"yoast_head":"<!-- This site is optimized with the Yoast SEO plugin v27.4 - https:\/\/yoast.com\/product\/yoast-seo-wordpress\/ -->\n<title>Exfoliante de Chocolate y Caf\u00e9 con Menta (7 oz) - Shirley Daza Aesthetic Center<\/title>\n<meta name=\"description\" content=\"Exfoliante corporal de chocolate, caf\u00e9 y menta. Suaviza, hidrata y revitaliza la piel con acci\u00f3n antioxidante y efecto spa natural.\" \/>\n<meta name=\"robots\" content=\"index, follow, max-snippet:-1, max-image-preview:large, max-video-preview:-1\" \/>\n<link rel=\"canonical\" href=\"https:\/\/shirleydazacorp.com\/en\/product\/exfoliante-de-chocolate-y-cafe-con-menta-7-oz\/\" \/>\n<meta property=\"og:locale\" content=\"en_US\" \/>\n<meta property=\"og:type\" content=\"article\" \/>\n<meta property=\"og:title\" content=\"Exfoliante de Chocolate y Caf\u00e9 con Menta (7 oz) - Shirley Daza Aesthetic Center\" \/>\n<meta property=\"og:description\" content=\"Exfoliante corporal de chocolate, caf\u00e9 y menta. Suaviza, hidrata y revitaliza la piel con acci\u00f3n antioxidante y efecto spa natural.\" \/>\n<meta property=\"og:url\" content=\"https:\/\/shirleydazacorp.com\/en\/product\/exfoliante-de-chocolate-y-cafe-con-menta-7-oz\/\" \/>\n<meta property=\"og:site_name\" content=\"Shirley Daza Aesthetic Center\" \/>\n<meta property=\"article:publisher\" content=\"https:\/\/www.facebook.com\/profile.php?id=100088348346496\" \/>\n<meta property=\"article:modified_time\" content=\"2025-06-09T20:11:22+00:00\" \/>\n<meta property=\"og:image\" content=\"https:\/\/shirleydazacorp.com\/wp-content\/uploads\/2025\/06\/Exfoliante-de-Chocolate-y-Cafe-con-Menta-.jpg\" \/>\n\t<meta property=\"og:image:width\" content=\"640\" \/>\n\t<meta property=\"og:image:height\" content=\"640\" \/>\n\t<meta property=\"og:image:type\" content=\"image\/jpeg\" \/>\n<meta name=\"twitter:card\" content=\"summary_large_image\" \/>\n<meta name=\"twitter:label1\" content=\"Est. reading time\" \/>\n\t<meta name=\"twitter:data1\" content=\"1 minute\" \/>\n<script type=\"application\/ld+json\" class=\"yoast-schema-graph\">{\"@context\":\"https:\\\/\\\/schema.org\",\"@graph\":[{\"@type\":\"WebPage\",\"@id\":\"https:\\\/\\\/shirleydazacorp.com\\\/product\\\/exfoliante-de-chocolate-y-cafe-con-menta-7-oz\\\/\",\"url\":\"https:\\\/\\\/shirleydazacorp.com\\\/product\\\/exfoliante-de-chocolate-y-cafe-con-menta-7-oz\\\/\",\"name\":\"Exfoliante de Chocolate y Caf\u00e9 con Menta (7 oz) - Shirley Daza Aesthetic Center\",\"isPartOf\":{\"@id\":\"https:\\\/\\\/shirleydazacorp.com\\\/#website\"},\"primaryImageOfPage\":{\"@id\":\"https:\\\/\\\/shirleydazacorp.com\\\/product\\\/exfoliante-de-chocolate-y-cafe-con-menta-7-oz\\\/#primaryimage\"},\"image\":{\"@id\":\"https:\\\/\\\/shirleydazacorp.com\\\/product\\\/exfoliante-de-chocolate-y-cafe-con-menta-7-oz\\\/#primaryimage\"},\"thumbnailUrl\":\"https:\\\/\\\/i0.wp.com\\\/shirleydazacorp.com\\\/wp-content\\\/uploads\\\/2025\\\/06\\\/Exfoliante-de-Chocolate-y-Cafe-con-Menta-.jpg?fit=640%2C640&ssl=1\",\"datePublished\":\"2025-06-05T04:30:47+00:00\",\"dateModified\":\"2025-06-09T20:11:22+00:00\",\"description\":\"Exfoliante corporal de chocolate, caf\u00e9 y menta. Suaviza, hidrata y revitaliza la piel con acci\u00f3n antioxidante y efecto spa natural.\",\"breadcrumb\":{\"@id\":\"https:\\\/\\\/shirleydazacorp.com\\\/product\\\/exfoliante-de-chocolate-y-cafe-con-menta-7-oz\\\/#breadcrumb\"},\"inLanguage\":\"en-US\",\"potentialAction\":[{\"@type\":\"ReadAction\",\"target\":[\"https:\\\/\\\/shirleydazacorp.com\\\/product\\\/exfoliante-de-chocolate-y-cafe-con-menta-7-oz\\\/\"]}]},{\"@type\":\"ImageObject\",\"inLanguage\":\"en-US\",\"@id\":\"https:\\\/\\\/shirleydazacorp.com\\\/product\\\/exfoliante-de-chocolate-y-cafe-con-menta-7-oz\\\/#primaryimage\",\"url\":\"https:\\\/\\\/i0.wp.com\\\/shirleydazacorp.com\\\/wp-content\\\/uploads\\\/2025\\\/06\\\/Exfoliante-de-Chocolate-y-Cafe-con-Menta-.jpg?fit=640%2C640&ssl=1\",\"contentUrl\":\"https:\\\/\\\/i0.wp.com\\\/shirleydazacorp.com\\\/wp-content\\\/uploads\\\/2025\\\/06\\\/Exfoliante-de-Chocolate-y-Cafe-con-Menta-.jpg?fit=640%2C640&ssl=1\",\"width\":640,\"height\":640,\"caption\":\"Exfoliante de Chocolate y Caf\u00e9 con Menta\"},{\"@type\":\"BreadcrumbList\",\"@id\":\"https:\\\/\\\/shirleydazacorp.com\\\/product\\\/exfoliante-de-chocolate-y-cafe-con-menta-7-oz\\\/#breadcrumb\",\"itemListElement\":[{\"@type\":\"ListItem\",\"position\":1,\"name\":\"Home\",\"item\":\"https:\\\/\\\/shirleydazacorp.com\\\/\"},{\"@type\":\"ListItem\",\"position\":2,\"name\":\"Products\",\"item\":\"https:\\\/\\\/shirleydazacorp.com\\\/shop\\\/\"},{\"@type\":\"ListItem\",\"position\":3,\"name\":\"Exfoliante de Chocolate y Caf\u00e9 con Menta (7 oz)\"}]},{\"@type\":\"WebSite\",\"@id\":\"https:\\\/\\\/shirleydazacorp.com\\\/#website\",\"url\":\"https:\\\/\\\/shirleydazacorp.com\\\/\",\"name\":\"Shirley Daza Aesthetic Center\",\"description\":\"Your beauty and wellness in expert hands.\",\"publisher\":{\"@id\":\"https:\\\/\\\/shirleydazacorp.com\\\/#organization\"},\"potentialAction\":[{\"@type\":\"SearchAction\",\"target\":{\"@type\":\"EntryPoint\",\"urlTemplate\":\"https:\\\/\\\/shirleydazacorp.com\\\/?s={search_term_string}\"},\"query-input\":{\"@type\":\"PropertyValueSpecification\",\"valueRequired\":true,\"valueName\":\"search_term_string\"}}],\"inLanguage\":\"en-US\"},{\"@type\":\"Organization\",\"@id\":\"https:\\\/\\\/shirleydazacorp.com\\\/#organization\",\"name\":\"Shirley Daza Aesthetic Center\",\"url\":\"https:\\\/\\\/shirleydazacorp.com\\\/\",\"logo\":{\"@type\":\"ImageObject\",\"inLanguage\":\"en-US\",\"@id\":\"https:\\\/\\\/shirleydazacorp.com\\\/#\\\/schema\\\/logo\\\/image\\\/\",\"url\":\"https:\\\/\\\/i0.wp.com\\\/shirleydazacorp.com\\\/wp-content\\\/uploads\\\/2024\\\/12\\\/cropped-logo-shirley-daza.png?fit=401%2C250&ssl=1\",\"contentUrl\":\"https:\\\/\\\/i0.wp.com\\\/shirleydazacorp.com\\\/wp-content\\\/uploads\\\/2024\\\/12\\\/cropped-logo-shirley-daza.png?fit=401%2C250&ssl=1\",\"width\":401,\"height\":250,\"caption\":\"Shirley Daza Aesthetic Center\"},\"image\":{\"@id\":\"https:\\\/\\\/shirleydazacorp.com\\\/#\\\/schema\\\/logo\\\/image\\\/\"},\"sameAs\":[\"https:\\\/\\\/www.facebook.com\\\/profile.php?id=100088348346496\",\"https:\\\/\\\/www.instagram.com\\\/shirleydazacorp\\\/\",\"https:\\\/\\\/www.tiktok.com\\\/@sd_aesthetic\"]}]}<\/script>\n<!-- \/ Yoast SEO plugin. -->","yoast_head_json":{"title":"Exfoliante de Chocolate y Caf\u00e9 con Menta (7 oz) - Shirley Daza Aesthetic Center","description":"Exfoliante corporal de chocolate, caf\u00e9 y menta. Suaviza, hidrata y revitaliza la piel con acci\u00f3n antioxidante y efecto spa natural.","robots":{"index":"index","follow":"follow","max-snippet":"max-snippet:-1","max-image-preview":"max-image-preview:large","max-video-preview":"max-video-preview:-1"},"canonical":"https:\/\/shirleydazacorp.com\/en\/product\/exfoliante-de-chocolate-y-cafe-con-menta-7-oz\/","og_locale":"en_US","og_type":"article","og_title":"Exfoliante de Chocolate y Caf\u00e9 con Menta (7 oz) - Shirley Daza Aesthetic Center","og_description":"Exfoliante corporal de chocolate, caf\u00e9 y menta. Suaviza, hidrata y revitaliza la piel con acci\u00f3n antioxidante y efecto spa natural.","og_url":"https:\/\/shirleydazacorp.com\/en\/product\/exfoliante-de-chocolate-y-cafe-con-menta-7-oz\/","og_site_name":"Shirley Daza Aesthetic Center","article_publisher":"https:\/\/www.facebook.com\/profile.php?id=100088348346496","article_modified_time":"2025-06-09T20:11:22+00:00","og_image":[{"width":640,"height":640,"url":"https:\/\/shirleydazacorp.com\/wp-content\/uploads\/2025\/06\/Exfoliante-de-Chocolate-y-Cafe-con-Menta-.jpg","type":"image\/jpeg"}],"twitter_card":"summary_large_image","twitter_misc":{"Est. reading time":"1 minute"},"schema":{"@context":"https:\/\/schema.org","@graph":[{"@type":"WebPage","@id":"https:\/\/shirleydazacorp.com\/product\/exfoliante-de-chocolate-y-cafe-con-menta-7-oz\/","url":"https:\/\/shirleydazacorp.com\/product\/exfoliante-de-chocolate-y-cafe-con-menta-7-oz\/","name":"Exfoliante de Chocolate y Caf\u00e9 con Menta (7 oz) - Shirley Daza Aesthetic Center","isPartOf":{"@id":"https:\/\/shirleydazacorp.com\/#website"},"primaryImageOfPage":{"@id":"https:\/\/shirleydazacorp.com\/product\/exfoliante-de-chocolate-y-cafe-con-menta-7-oz\/#primaryimage"},"image":{"@id":"https:\/\/shirleydazacorp.com\/product\/exfoliante-de-chocolate-y-cafe-con-menta-7-oz\/#primaryimage"},"thumbnailUrl":"https:\/\/i0.wp.com\/shirleydazacorp.com\/wp-content\/uploads\/2025\/06\/Exfoliante-de-Chocolate-y-Cafe-con-Menta-.jpg?fit=640%2C640&ssl=1","datePublished":"2025-06-05T04:30:47+00:00","dateModified":"2025-06-09T20:11:22+00:00","description":"Exfoliante corporal de chocolate, caf\u00e9 y menta. Suaviza, hidrata y revitaliza la piel con acci\u00f3n antioxidante y efecto spa natural.","breadcrumb":{"@id":"https:\/\/shirleydazacorp.com\/product\/exfoliante-de-chocolate-y-cafe-con-menta-7-oz\/#breadcrumb"},"inLanguage":"en-US","potentialAction":[{"@type":"ReadAction","target":["https:\/\/shirleydazacorp.com\/product\/exfoliante-de-chocolate-y-cafe-con-menta-7-oz\/"]}]},{"@type":"ImageObject","inLanguage":"en-US","@id":"https:\/\/shirleydazacorp.com\/product\/exfoliante-de-chocolate-y-cafe-con-menta-7-oz\/#primaryimage","url":"https:\/\/i0.wp.com\/shirleydazacorp.com\/wp-content\/uploads\/2025\/06\/Exfoliante-de-Chocolate-y-Cafe-con-Menta-.jpg?fit=640%2C640&ssl=1","contentUrl":"https:\/\/i0.wp.com\/shirleydazacorp.com\/wp-content\/uploads\/2025\/06\/Exfoliante-de-Chocolate-y-Cafe-con-Menta-.jpg?fit=640%2C640&ssl=1","width":640,"height":640,"caption":"Exfoliante de Chocolate y Caf\u00e9 con Menta"},{"@type":"BreadcrumbList","@id":"https:\/\/shirleydazacorp.com\/product\/exfoliante-de-chocolate-y-cafe-con-menta-7-oz\/#breadcrumb","itemListElement":[{"@type":"ListItem","position":1,"name":"Home","item":"https:\/\/shirleydazacorp.com\/"},{"@type":"ListItem","position":2,"name":"Products","item":"https:\/\/shirleydazacorp.com\/shop\/"},{"@type":"ListItem","position":3,"name":"Exfoliante de Chocolate y Caf\u00e9 con Menta (7 oz)"}]},{"@type":"WebSite","@id":"https:\/\/shirleydazacorp.com\/#website","url":"https:\/\/shirleydazacorp.com\/","name":"Shirley Daza Aesthetic Center","description":"Your beauty and wellness in expert hands.","publisher":{"@id":"https:\/\/shirleydazacorp.com\/#organization"},"potentialAction":[{"@type":"SearchAction","target":{"@type":"EntryPoint","urlTemplate":"https:\/\/shirleydazacorp.com\/?s={search_term_string}"},"query-input":{"@type":"PropertyValueSpecification","valueRequired":true,"valueName":"search_term_string"}}],"inLanguage":"en-US"},{"@type":"Organization","@id":"https:\/\/shirleydazacorp.com\/#organization","name":"Shirley Daza Aesthetic Center","url":"https:\/\/shirleydazacorp.com\/","logo":{"@type":"ImageObject","inLanguage":"en-US","@id":"https:\/\/shirleydazacorp.com\/#\/schema\/logo\/image\/","url":"https:\/\/i0.wp.com\/shirleydazacorp.com\/wp-content\/uploads\/2024\/12\/cropped-logo-shirley-daza.png?fit=401%2C250&ssl=1","contentUrl":"https:\/\/i0.wp.com\/shirleydazacorp.com\/wp-content\/uploads\/2024\/12\/cropped-logo-shirley-daza.png?fit=401%2C250&ssl=1","width":401,"height":250,"caption":"Shirley Daza Aesthetic Center"},"image":{"@id":"https:\/\/shirleydazacorp.com\/#\/schema\/logo\/image\/"},"sameAs":["https:\/\/www.facebook.com\/profile.php?id=100088348346496","https:\/\/www.instagram.com\/shirleydazacorp\/","https:\/\/www.tiktok.com\/@sd_aesthetic"]}]}},"jetpack_sharing_enabled":true,"_links":{"self":[{"href":"https:\/\/shirleydazacorp.com\/en\/wp-json\/wp\/v2\/product\/3987","targetHints":{"allow":["GET"]}}],"collection":[{"href":"https:\/\/shirleydazacorp.com\/en\/wp-json\/wp\/v2\/product"}],"about":[{"href":"https:\/\/shirleydazacorp.com\/en\/wp-json\/wp\/v2\/types\/product"}],"replies":[{"embeddable":true,"href":"https:\/\/shirleydazacorp.com\/en\/wp-json\/wp\/v2\/comments?post=3987"}],"wp:featuredmedia":[{"embeddable":true,"href":"https:\/\/shirleydazacorp.com\/en\/wp-json\/wp\/v2\/media\/4004"}],"wp:attachment":[{"href":"https:\/\/shirleydazacorp.com\/en\/wp-json\/wp\/v2\/media?parent=3987"}],"wp:term":[{"taxonomy":"product_brand","embeddable":true,"href":"https:\/\/shirleydazacorp.com\/en\/wp-json\/wp\/v2\/product_brand?post=3987"},{"taxonomy":"product_cat","embeddable":true,"href":"https:\/\/shirleydazacorp.com\/en\/wp-json\/wp\/v2\/product_cat?post=3987"},{"taxonomy":"product_tag","embeddable":true,"href":"https:\/\/shirleydazacorp.com\/en\/wp-json\/wp\/v2\/product_tag?post=3987"}],"curies":[{"name":"wp","href":"https:\/\/api.w.org\/{rel}","templated":true}]}}