{"id":3992,"date":"2025-06-05T04:56:44","date_gmt":"2025-06-05T04:56:44","guid":{"rendered":"https:\/\/shirleydazacorp.com\/?post_type=product&#038;p=3992"},"modified":"2025-06-09T20:10:38","modified_gmt":"2025-06-09T20:10:38","slug":"aceite-de-arnica-shirley-daza-8-oz","status":"publish","type":"product","link":"https:\/\/shirleydazacorp.com\/en\/product\/aceite-de-arnica-shirley-daza-8-oz\/","title":{"rendered":"Arnica Massage Oil \u2013 Shirley Daza (8 oz)"},"content":{"rendered":"<h3 data-start=\"652\" data-end=\"697\">\ud83d\udfe9 <strong data-start=\"659\" data-end=\"695\">Benefits of Arnica Oil:<\/strong><\/h3>\n<ul data-start=\"698\" data-end=\"1051\">\n<li data-start=\"698\" data-end=\"737\">\n<p data-start=\"700\" data-end=\"737\">Immediate relief from muscle pain<\/p>\n<\/li>\n<li data-start=\"738\" data-end=\"773\">\n<p data-start=\"740\" data-end=\"773\">Reduces bruises and hematomas<\/p>\n<\/li>\n<li data-start=\"774\" data-end=\"809\">\n<p data-start=\"776\" data-end=\"809\">Natural anti-inflammatory effect<\/p>\n<\/li>\n<li data-start=\"810\" data-end=\"860\">\n<p data-start=\"812\" data-end=\"860\">Improves tissue circulation and oxygenation<\/p>\n<\/li>\n<li data-start=\"861\" data-end=\"914\">\n<p data-start=\"863\" data-end=\"914\">Nourishes and hydrates the skin without greasy residue<\/p>\n<\/li>\n<li data-start=\"915\" data-end=\"957\">\n<p data-start=\"917\" data-end=\"957\">Promotes physical and mental relaxation<\/p>\n<\/li>\n<li data-start=\"958\" data-end=\"1009\">\n<p data-start=\"960\" data-end=\"1009\">Suitable for post-operative and sports care<\/p>\n<\/li>\n<li data-start=\"1010\" data-end=\"1051\">\n<p data-start=\"1012\" data-end=\"1051\">Therapeutic formula developed in the U.S.A.<\/p>\n<\/li>\n<\/ul>\n<hr data-start=\"1053\" data-end=\"1056\" \/>\n<h3 data-start=\"1058\" data-end=\"1091\">\ud83e\uddea <strong data-start=\"1065\" data-end=\"1089\">How to use the oil:<\/strong><\/h3>\n<p data-start=\"1092\" data-end=\"1292\">Apply a moderate amount to the desired area. Massage gently until fully absorbed. Can be used in combination with deep tissue, sports, decontracting, or lymphatic drainage massages.<\/p>\n<hr data-start=\"1294\" data-end=\"1297\" \/>\n<h3 data-start=\"1299\" data-end=\"1333\">\ud83c\udf3f <strong data-start=\"1306\" data-end=\"1331\">Active Ingredients:<\/strong><\/h3>\n<ul data-start=\"1334\" data-end=\"1470\">\n<li data-start=\"1334\" data-end=\"1364\">\n<p data-start=\"1336\" data-end=\"1364\">Arnica montana extract<\/p>\n<\/li>\n<li data-start=\"1365\" data-end=\"1395\">\n<p data-start=\"1367\" data-end=\"1395\">Sweet almond oil<\/p>\n<\/li>\n<li data-start=\"1396\" data-end=\"1410\">\n<p data-start=\"1398\" data-end=\"1410\">Vitamin E<\/p>\n<\/li>\n<li data-start=\"1411\" data-end=\"1470\">\n<p data-start=\"1413\" data-end=\"1470\">Relaxing essential oils (lavender, mint, eucalyptus)<\/p>\n<\/li>\n<\/ul>","protected":false},"excerpt":{"rendered":"<p data-start=\"266\" data-end=\"645\" class=\"translation-block\">Arnica Massage Oil is an essential ally in body treatments, sports therapies, and post-surgical care. Its 100% natural formula relieves muscle pain, reduces bruising and inflammation, and improves circulation. Ideal for massage professionals and users seeking a calming, nourishing, and effective experience after physical activity or surgery.<\/p>","protected":false},"featured_media":4006,"comment_status":"open","ping_status":"closed","template":"","meta":{"nf_dc_page":"","om_disable_all_campaigns":false,"site-container-style":"default","site-container-layout":"default","site-sidebar-layout":"default","site-transparent-header":"default","disable-article-header":"default","disable-site-header":"default","disable-site-footer":"default","disable-content-area-spacing":"default"},"product_brand":[63],"product_cat":[66],"product_tag":[67],"class_list":{"0":"post-3992","1":"product","2":"type-product","3":"status-publish","4":"has-post-thumbnail","6":"product_brand-shirley-daza","7":"product_cat-alivio-muscular","8":"product_tag-arnica","10":"first","11":"instock","12":"taxable","13":"shipping-taxable","14":"purchasable","15":"product-type-simple"},"yoast_head":"<!-- This site is optimized with the Yoast SEO plugin v27.4 - https:\/\/yoast.com\/product\/yoast-seo-wordpress\/ -->\n<title>Aceite de \u00c1rnica - Shirley Daza (8 oz) - Shirley Daza Aesthetic Center<\/title>\n<meta name=\"description\" content=\"Aceite de masaje con \u00e1rnica para aliviar m\u00fasculos doloridos. Relajante, antiinflamatorio y nutritivo. Ideal para terapias, deporte y postoperatorios.\" \/>\n<meta name=\"robots\" content=\"index, follow, max-snippet:-1, max-image-preview:large, max-video-preview:-1\" \/>\n<link rel=\"canonical\" href=\"https:\/\/shirleydazacorp.com\/en\/product\/aceite-de-arnica-shirley-daza-8-oz\/\" \/>\n<meta property=\"og:locale\" content=\"en_US\" \/>\n<meta property=\"og:type\" content=\"article\" \/>\n<meta property=\"og:title\" content=\"Aceite de \u00c1rnica - Shirley Daza (8 oz) - Shirley Daza Aesthetic Center\" \/>\n<meta property=\"og:description\" content=\"Aceite de masaje con \u00e1rnica para aliviar m\u00fasculos doloridos. Relajante, antiinflamatorio y nutritivo. Ideal para terapias, deporte y postoperatorios.\" \/>\n<meta property=\"og:url\" content=\"https:\/\/shirleydazacorp.com\/en\/product\/aceite-de-arnica-shirley-daza-8-oz\/\" \/>\n<meta property=\"og:site_name\" content=\"Shirley Daza Aesthetic Center\" \/>\n<meta property=\"article:publisher\" content=\"https:\/\/www.facebook.com\/profile.php?id=100088348346496\" \/>\n<meta property=\"article:modified_time\" content=\"2025-06-09T20:10:38+00:00\" \/>\n<meta property=\"og:image\" content=\"https:\/\/shirleydazacorp.com\/wp-content\/uploads\/2025\/06\/Aceite-de-Arnica.jpg\" \/>\n\t<meta property=\"og:image:width\" content=\"640\" \/>\n\t<meta property=\"og:image:height\" content=\"640\" \/>\n\t<meta property=\"og:image:type\" content=\"image\/jpeg\" \/>\n<meta name=\"twitter:card\" content=\"summary_large_image\" \/>\n<meta name=\"twitter:label1\" content=\"Est. reading time\" \/>\n\t<meta name=\"twitter:data1\" content=\"1 minute\" \/>\n<script type=\"application\/ld+json\" class=\"yoast-schema-graph\">{\"@context\":\"https:\\\/\\\/schema.org\",\"@graph\":[{\"@type\":\"WebPage\",\"@id\":\"https:\\\/\\\/shirleydazacorp.com\\\/product\\\/aceite-de-arnica-shirley-daza-8-oz\\\/\",\"url\":\"https:\\\/\\\/shirleydazacorp.com\\\/product\\\/aceite-de-arnica-shirley-daza-8-oz\\\/\",\"name\":\"Aceite de \u00c1rnica - Shirley Daza (8 oz) - Shirley Daza Aesthetic Center\",\"isPartOf\":{\"@id\":\"https:\\\/\\\/shirleydazacorp.com\\\/#website\"},\"primaryImageOfPage\":{\"@id\":\"https:\\\/\\\/shirleydazacorp.com\\\/product\\\/aceite-de-arnica-shirley-daza-8-oz\\\/#primaryimage\"},\"image\":{\"@id\":\"https:\\\/\\\/shirleydazacorp.com\\\/product\\\/aceite-de-arnica-shirley-daza-8-oz\\\/#primaryimage\"},\"thumbnailUrl\":\"https:\\\/\\\/i0.wp.com\\\/shirleydazacorp.com\\\/wp-content\\\/uploads\\\/2025\\\/06\\\/Aceite-de-Arnica.jpg?fit=640%2C640&ssl=1\",\"datePublished\":\"2025-06-05T04:56:44+00:00\",\"dateModified\":\"2025-06-09T20:10:38+00:00\",\"description\":\"Aceite de masaje con \u00e1rnica para aliviar m\u00fasculos doloridos. Relajante, antiinflamatorio y nutritivo. Ideal para terapias, deporte y postoperatorios.\",\"breadcrumb\":{\"@id\":\"https:\\\/\\\/shirleydazacorp.com\\\/product\\\/aceite-de-arnica-shirley-daza-8-oz\\\/#breadcrumb\"},\"inLanguage\":\"en-US\",\"potentialAction\":[{\"@type\":\"ReadAction\",\"target\":[\"https:\\\/\\\/shirleydazacorp.com\\\/product\\\/aceite-de-arnica-shirley-daza-8-oz\\\/\"]}]},{\"@type\":\"ImageObject\",\"inLanguage\":\"en-US\",\"@id\":\"https:\\\/\\\/shirleydazacorp.com\\\/product\\\/aceite-de-arnica-shirley-daza-8-oz\\\/#primaryimage\",\"url\":\"https:\\\/\\\/i0.wp.com\\\/shirleydazacorp.com\\\/wp-content\\\/uploads\\\/2025\\\/06\\\/Aceite-de-Arnica.jpg?fit=640%2C640&ssl=1\",\"contentUrl\":\"https:\\\/\\\/i0.wp.com\\\/shirleydazacorp.com\\\/wp-content\\\/uploads\\\/2025\\\/06\\\/Aceite-de-Arnica.jpg?fit=640%2C640&ssl=1\",\"width\":640,\"height\":640,\"caption\":\"Aceite de \u00c1rnica 2\"},{\"@type\":\"BreadcrumbList\",\"@id\":\"https:\\\/\\\/shirleydazacorp.com\\\/product\\\/aceite-de-arnica-shirley-daza-8-oz\\\/#breadcrumb\",\"itemListElement\":[{\"@type\":\"ListItem\",\"position\":1,\"name\":\"Home\",\"item\":\"https:\\\/\\\/shirleydazacorp.com\\\/\"},{\"@type\":\"ListItem\",\"position\":2,\"name\":\"Products\",\"item\":\"https:\\\/\\\/shirleydazacorp.com\\\/shop\\\/\"},{\"@type\":\"ListItem\",\"position\":3,\"name\":\"Aceite de \u00c1rnica &#8211; Shirley Daza (8 oz)\"}]},{\"@type\":\"WebSite\",\"@id\":\"https:\\\/\\\/shirleydazacorp.com\\\/#website\",\"url\":\"https:\\\/\\\/shirleydazacorp.com\\\/\",\"name\":\"Shirley Daza Aesthetic Center\",\"description\":\"Your beauty and wellness in expert hands.\",\"publisher\":{\"@id\":\"https:\\\/\\\/shirleydazacorp.com\\\/#organization\"},\"potentialAction\":[{\"@type\":\"SearchAction\",\"target\":{\"@type\":\"EntryPoint\",\"urlTemplate\":\"https:\\\/\\\/shirleydazacorp.com\\\/?s={search_term_string}\"},\"query-input\":{\"@type\":\"PropertyValueSpecification\",\"valueRequired\":true,\"valueName\":\"search_term_string\"}}],\"inLanguage\":\"en-US\"},{\"@type\":\"Organization\",\"@id\":\"https:\\\/\\\/shirleydazacorp.com\\\/#organization\",\"name\":\"Shirley Daza Aesthetic Center\",\"url\":\"https:\\\/\\\/shirleydazacorp.com\\\/\",\"logo\":{\"@type\":\"ImageObject\",\"inLanguage\":\"en-US\",\"@id\":\"https:\\\/\\\/shirleydazacorp.com\\\/#\\\/schema\\\/logo\\\/image\\\/\",\"url\":\"https:\\\/\\\/i0.wp.com\\\/shirleydazacorp.com\\\/wp-content\\\/uploads\\\/2024\\\/12\\\/cropped-logo-shirley-daza.png?fit=401%2C250&ssl=1\",\"contentUrl\":\"https:\\\/\\\/i0.wp.com\\\/shirleydazacorp.com\\\/wp-content\\\/uploads\\\/2024\\\/12\\\/cropped-logo-shirley-daza.png?fit=401%2C250&ssl=1\",\"width\":401,\"height\":250,\"caption\":\"Shirley Daza Aesthetic Center\"},\"image\":{\"@id\":\"https:\\\/\\\/shirleydazacorp.com\\\/#\\\/schema\\\/logo\\\/image\\\/\"},\"sameAs\":[\"https:\\\/\\\/www.facebook.com\\\/profile.php?id=100088348346496\",\"https:\\\/\\\/www.instagram.com\\\/shirleydazacorp\\\/\",\"https:\\\/\\\/www.tiktok.com\\\/@sd_aesthetic\"]}]}<\/script>\n<!-- \/ Yoast SEO plugin. -->","yoast_head_json":{"title":"Aceite de \u00c1rnica - Shirley Daza (8 oz) - Shirley Daza Aesthetic Center","description":"Aceite de masaje con \u00e1rnica para aliviar m\u00fasculos doloridos. Relajante, antiinflamatorio y nutritivo. Ideal para terapias, deporte y postoperatorios.","robots":{"index":"index","follow":"follow","max-snippet":"max-snippet:-1","max-image-preview":"max-image-preview:large","max-video-preview":"max-video-preview:-1"},"canonical":"https:\/\/shirleydazacorp.com\/en\/product\/aceite-de-arnica-shirley-daza-8-oz\/","og_locale":"en_US","og_type":"article","og_title":"Aceite de \u00c1rnica - Shirley Daza (8 oz) - Shirley Daza Aesthetic Center","og_description":"Aceite de masaje con \u00e1rnica para aliviar m\u00fasculos doloridos. Relajante, antiinflamatorio y nutritivo. Ideal para terapias, deporte y postoperatorios.","og_url":"https:\/\/shirleydazacorp.com\/en\/product\/aceite-de-arnica-shirley-daza-8-oz\/","og_site_name":"Shirley Daza Aesthetic Center","article_publisher":"https:\/\/www.facebook.com\/profile.php?id=100088348346496","article_modified_time":"2025-06-09T20:10:38+00:00","og_image":[{"width":640,"height":640,"url":"https:\/\/shirleydazacorp.com\/wp-content\/uploads\/2025\/06\/Aceite-de-Arnica.jpg","type":"image\/jpeg"}],"twitter_card":"summary_large_image","twitter_misc":{"Est. reading time":"1 minute"},"schema":{"@context":"https:\/\/schema.org","@graph":[{"@type":"WebPage","@id":"https:\/\/shirleydazacorp.com\/product\/aceite-de-arnica-shirley-daza-8-oz\/","url":"https:\/\/shirleydazacorp.com\/product\/aceite-de-arnica-shirley-daza-8-oz\/","name":"Aceite de \u00c1rnica - Shirley Daza (8 oz) - Shirley Daza Aesthetic Center","isPartOf":{"@id":"https:\/\/shirleydazacorp.com\/#website"},"primaryImageOfPage":{"@id":"https:\/\/shirleydazacorp.com\/product\/aceite-de-arnica-shirley-daza-8-oz\/#primaryimage"},"image":{"@id":"https:\/\/shirleydazacorp.com\/product\/aceite-de-arnica-shirley-daza-8-oz\/#primaryimage"},"thumbnailUrl":"https:\/\/i0.wp.com\/shirleydazacorp.com\/wp-content\/uploads\/2025\/06\/Aceite-de-Arnica.jpg?fit=640%2C640&ssl=1","datePublished":"2025-06-05T04:56:44+00:00","dateModified":"2025-06-09T20:10:38+00:00","description":"Aceite de masaje con \u00e1rnica para aliviar m\u00fasculos doloridos. Relajante, antiinflamatorio y nutritivo. Ideal para terapias, deporte y postoperatorios.","breadcrumb":{"@id":"https:\/\/shirleydazacorp.com\/product\/aceite-de-arnica-shirley-daza-8-oz\/#breadcrumb"},"inLanguage":"en-US","potentialAction":[{"@type":"ReadAction","target":["https:\/\/shirleydazacorp.com\/product\/aceite-de-arnica-shirley-daza-8-oz\/"]}]},{"@type":"ImageObject","inLanguage":"en-US","@id":"https:\/\/shirleydazacorp.com\/product\/aceite-de-arnica-shirley-daza-8-oz\/#primaryimage","url":"https:\/\/i0.wp.com\/shirleydazacorp.com\/wp-content\/uploads\/2025\/06\/Aceite-de-Arnica.jpg?fit=640%2C640&ssl=1","contentUrl":"https:\/\/i0.wp.com\/shirleydazacorp.com\/wp-content\/uploads\/2025\/06\/Aceite-de-Arnica.jpg?fit=640%2C640&ssl=1","width":640,"height":640,"caption":"Aceite de \u00c1rnica 2"},{"@type":"BreadcrumbList","@id":"https:\/\/shirleydazacorp.com\/product\/aceite-de-arnica-shirley-daza-8-oz\/#breadcrumb","itemListElement":[{"@type":"ListItem","position":1,"name":"Home","item":"https:\/\/shirleydazacorp.com\/"},{"@type":"ListItem","position":2,"name":"Products","item":"https:\/\/shirleydazacorp.com\/shop\/"},{"@type":"ListItem","position":3,"name":"Aceite de \u00c1rnica &#8211; Shirley Daza (8 oz)"}]},{"@type":"WebSite","@id":"https:\/\/shirleydazacorp.com\/#website","url":"https:\/\/shirleydazacorp.com\/","name":"Shirley Daza Aesthetic Center","description":"Your beauty and wellness in expert hands.","publisher":{"@id":"https:\/\/shirleydazacorp.com\/#organization"},"potentialAction":[{"@type":"SearchAction","target":{"@type":"EntryPoint","urlTemplate":"https:\/\/shirleydazacorp.com\/?s={search_term_string}"},"query-input":{"@type":"PropertyValueSpecification","valueRequired":true,"valueName":"search_term_string"}}],"inLanguage":"en-US"},{"@type":"Organization","@id":"https:\/\/shirleydazacorp.com\/#organization","name":"Shirley Daza Aesthetic Center","url":"https:\/\/shirleydazacorp.com\/","logo":{"@type":"ImageObject","inLanguage":"en-US","@id":"https:\/\/shirleydazacorp.com\/#\/schema\/logo\/image\/","url":"https:\/\/i0.wp.com\/shirleydazacorp.com\/wp-content\/uploads\/2024\/12\/cropped-logo-shirley-daza.png?fit=401%2C250&ssl=1","contentUrl":"https:\/\/i0.wp.com\/shirleydazacorp.com\/wp-content\/uploads\/2024\/12\/cropped-logo-shirley-daza.png?fit=401%2C250&ssl=1","width":401,"height":250,"caption":"Shirley Daza Aesthetic Center"},"image":{"@id":"https:\/\/shirleydazacorp.com\/#\/schema\/logo\/image\/"},"sameAs":["https:\/\/www.facebook.com\/profile.php?id=100088348346496","https:\/\/www.instagram.com\/shirleydazacorp\/","https:\/\/www.tiktok.com\/@sd_aesthetic"]}]}},"jetpack_sharing_enabled":true,"_links":{"self":[{"href":"https:\/\/shirleydazacorp.com\/en\/wp-json\/wp\/v2\/product\/3992","targetHints":{"allow":["GET"]}}],"collection":[{"href":"https:\/\/shirleydazacorp.com\/en\/wp-json\/wp\/v2\/product"}],"about":[{"href":"https:\/\/shirleydazacorp.com\/en\/wp-json\/wp\/v2\/types\/product"}],"replies":[{"embeddable":true,"href":"https:\/\/shirleydazacorp.com\/en\/wp-json\/wp\/v2\/comments?post=3992"}],"wp:featuredmedia":[{"embeddable":true,"href":"https:\/\/shirleydazacorp.com\/en\/wp-json\/wp\/v2\/media\/4006"}],"wp:attachment":[{"href":"https:\/\/shirleydazacorp.com\/en\/wp-json\/wp\/v2\/media?parent=3992"}],"wp:term":[{"taxonomy":"product_brand","embeddable":true,"href":"https:\/\/shirleydazacorp.com\/en\/wp-json\/wp\/v2\/product_brand?post=3992"},{"taxonomy":"product_cat","embeddable":true,"href":"https:\/\/shirleydazacorp.com\/en\/wp-json\/wp\/v2\/product_cat?post=3992"},{"taxonomy":"product_tag","embeddable":true,"href":"https:\/\/shirleydazacorp.com\/en\/wp-json\/wp\/v2\/product_tag?post=3992"}],"curies":[{"name":"wp","href":"https:\/\/api.w.org\/{rel}","templated":true}]}}