{"id":3993,"date":"2025-06-05T05:01:32","date_gmt":"2025-06-05T05:01:32","guid":{"rendered":"https:\/\/shirleydazacorp.com\/?post_type=product&#038;p=3993"},"modified":"2025-06-09T20:10:19","modified_gmt":"2025-06-09T20:10:19","slug":"crema-reparadora-postoperatoria-bruise-scar-cream-1-7-oz","status":"publish","type":"product","link":"https:\/\/shirleydazacorp.com\/en\/product\/crema-reparadora-postoperatoria-bruise-scar-cream-1-7-oz\/","title":{"rendered":"Postoperative Repair Cream Bruise Scar Cream (1.7 oz)"},"content":{"rendered":"<h3 data-start=\"752\" data-end=\"797\">\ud83d\udfe9 <strong data-start=\"759\" data-end=\"795\">Benefits of Bruise Scar Cream:<\/strong><\/h3>\n<ul data-start=\"798\" data-end=\"1173\">\n<li data-start=\"798\" data-end=\"836\">\n<p data-start=\"800\" data-end=\"836\">Accelerates tissue regeneration<\/p>\n<\/li>\n<li data-start=\"837\" data-end=\"886\">\n<p data-start=\"839\" data-end=\"886\">Reduces the coloration of bruises and hematomas<\/p>\n<\/li>\n<li data-start=\"887\" data-end=\"951\">\n<p data-start=\"889\" data-end=\"951\">Improves the appearance of surgical or impact scars<\/p>\n<\/li>\n<li data-start=\"952\" data-end=\"990\">\n<p data-start=\"954\" data-end=\"990\">Anti-inflammatory and soothing effect<\/p>\n<\/li>\n<li data-start=\"991\" data-end=\"1034\">\n<p data-start=\"993\" data-end=\"1034\">Deep hydration without clogging pores<\/p>\n<\/li>\n<li data-start=\"1035\" data-end=\"1094\">\n<p data-start=\"1037\" data-end=\"1094\">Recommended by athletes and medical professionals<\/p>\n<\/li>\n<li data-start=\"1095\" data-end=\"1129\">\n<p data-start=\"1097\" data-end=\"1129\">Luxury hypoallergenic formula<\/p>\n<\/li>\n<li data-start=\"1130\" data-end=\"1173\">\n<p data-start=\"1132\" data-end=\"1173\">High concentration of natural actives<\/p>\n<\/li>\n<\/ul>\n<hr data-start=\"1175\" data-end=\"1178\" \/>\n<h3 data-start=\"1180\" data-end=\"1212\">\ud83e\uddea <strong data-start=\"1187\" data-end=\"1210\">How to use the cream:<\/strong><\/h3>\n<p data-start=\"1213\" data-end=\"1453\">Apply gently to the affected area 2 to 3 times per day. Do not use on open wounds. Can be applied on face and body.\nIdeal for post-surgical protocols, aesthetic treatments, muscle trauma, or sports recovery.<\/p>\n<hr data-start=\"1455\" data-end=\"1458\" \/>\n<h3 data-start=\"1460\" data-end=\"1494\">\ud83c\udf3f <strong data-start=\"1467\" data-end=\"1492\">Active Ingredients:<\/strong><\/h3>\n<ul data-start=\"1495\" data-end=\"1640\">\n<li data-start=\"1495\" data-end=\"1522\">\n<p data-start=\"1497\" data-end=\"1522\">Organic arnica montana<\/p>\n<\/li>\n<li data-start=\"1523\" data-end=\"1537\">\n<p data-start=\"1525\" data-end=\"1537\">Vitamin E<\/p>\n<\/li>\n<li data-start=\"1538\" data-end=\"1567\">\n<p data-start=\"1540\" data-end=\"1567\">MSM (Methylsulfonylmethane)<\/p>\n<\/li>\n<li data-start=\"1568\" data-end=\"1581\">\n<p data-start=\"1570\" data-end=\"1581\">Calendula<\/p>\n<\/li>\n<li data-start=\"1582\" data-end=\"1596\">\n<p data-start=\"1584\" data-end=\"1596\">Chamomile<\/p>\n<\/li>\n<li data-start=\"1597\" data-end=\"1607\">\n<p data-start=\"1599\" data-end=\"1607\">Cucumber<\/p>\n<\/li>\n<li data-start=\"1608\" data-end=\"1628\">\n<p data-start=\"1610\" data-end=\"1628\">Tamanu oil<\/p>\n<\/li>\n<li data-start=\"1629\" data-end=\"1640\">\n<p data-start=\"1631\" data-end=\"1640\">Lavender<\/p>\n<\/li>\n<\/ul>","protected":false},"excerpt":{"rendered":"<p data-start=\"290\" data-end=\"745\" class=\"translation-block\">Bruise Scar Cream is a therapeutic cream specially formulated to treat scars and bruises following surgical procedures, trauma, or aesthetic treatments. Enriched with a powerful combination of organic arnica montana, vitamin E, calendula, chamomile, and cucumber, it offers relief, regeneration, and deep nourishment. Its lightweight, fast-absorbing texture is designed for sensitive skin and active recovery processes.<\/p>","protected":false},"featured_media":4001,"comment_status":"open","ping_status":"closed","template":"","meta":{"nf_dc_page":"","om_disable_all_campaigns":false,"site-container-style":"default","site-container-layout":"default","site-sidebar-layout":"default","site-transparent-header":"default","disable-article-header":"default","disable-site-header":"default","disable-site-footer":"default","disable-content-area-spacing":"default"},"product_brand":[63],"product_cat":[69],"product_tag":[],"class_list":{"0":"post-3993","1":"product","2":"type-product","3":"status-publish","4":"has-post-thumbnail","6":"product_brand-shirley-daza","7":"product_cat-postoperatorio","9":"first","10":"instock","11":"taxable","12":"shipping-taxable","13":"purchasable","14":"product-type-simple"},"yoast_head":"<!-- This site is optimized with the Yoast SEO plugin v27.4 - https:\/\/yoast.com\/product\/yoast-seo-wordpress\/ -->\n<title>Crema Reparadora Postoperatoria Bruise Scar Cream (1.7 oz) - Shirley Daza Aesthetic Center<\/title>\n<meta name=\"description\" content=\"Crema para cicatrices y hematomas con \u00e1rnica, vitamina E y cal\u00e9ndula. Repara, calma y mejora la piel tras cirug\u00eda, traumas o golpes.\" \/>\n<meta name=\"robots\" content=\"index, follow, max-snippet:-1, max-image-preview:large, max-video-preview:-1\" \/>\n<link rel=\"canonical\" href=\"https:\/\/shirleydazacorp.com\/en\/product\/crema-reparadora-postoperatoria-bruise-scar-cream-1-7-oz\/\" \/>\n<meta property=\"og:locale\" content=\"en_US\" \/>\n<meta property=\"og:type\" content=\"article\" \/>\n<meta property=\"og:title\" content=\"Crema Reparadora Postoperatoria Bruise Scar Cream (1.7 oz) - Shirley Daza Aesthetic Center\" \/>\n<meta property=\"og:description\" content=\"Crema para cicatrices y hematomas con \u00e1rnica, vitamina E y cal\u00e9ndula. Repara, calma y mejora la piel tras cirug\u00eda, traumas o golpes.\" \/>\n<meta property=\"og:url\" content=\"https:\/\/shirleydazacorp.com\/en\/product\/crema-reparadora-postoperatoria-bruise-scar-cream-1-7-oz\/\" \/>\n<meta property=\"og:site_name\" content=\"Shirley Daza Aesthetic Center\" \/>\n<meta property=\"article:publisher\" content=\"https:\/\/www.facebook.com\/profile.php?id=100088348346496\" \/>\n<meta property=\"article:modified_time\" content=\"2025-06-09T20:10:19+00:00\" \/>\n<meta property=\"og:image\" content=\"https:\/\/shirleydazacorp.com\/wp-content\/uploads\/2025\/06\/Bruise-Scar-Cream.jpg\" \/>\n\t<meta property=\"og:image:width\" content=\"640\" \/>\n\t<meta property=\"og:image:height\" content=\"640\" \/>\n\t<meta property=\"og:image:type\" content=\"image\/jpeg\" \/>\n<meta name=\"twitter:card\" content=\"summary_large_image\" \/>\n<meta name=\"twitter:label1\" content=\"Est. reading time\" \/>\n\t<meta name=\"twitter:data1\" content=\"1 minute\" \/>\n<script type=\"application\/ld+json\" class=\"yoast-schema-graph\">{\"@context\":\"https:\\\/\\\/schema.org\",\"@graph\":[{\"@type\":\"WebPage\",\"@id\":\"https:\\\/\\\/shirleydazacorp.com\\\/product\\\/crema-reparadora-postoperatoria-bruise-scar-cream-1-7-oz\\\/\",\"url\":\"https:\\\/\\\/shirleydazacorp.com\\\/product\\\/crema-reparadora-postoperatoria-bruise-scar-cream-1-7-oz\\\/\",\"name\":\"Crema Reparadora Postoperatoria Bruise Scar Cream (1.7 oz) - Shirley Daza Aesthetic Center\",\"isPartOf\":{\"@id\":\"https:\\\/\\\/shirleydazacorp.com\\\/#website\"},\"primaryImageOfPage\":{\"@id\":\"https:\\\/\\\/shirleydazacorp.com\\\/product\\\/crema-reparadora-postoperatoria-bruise-scar-cream-1-7-oz\\\/#primaryimage\"},\"image\":{\"@id\":\"https:\\\/\\\/shirleydazacorp.com\\\/product\\\/crema-reparadora-postoperatoria-bruise-scar-cream-1-7-oz\\\/#primaryimage\"},\"thumbnailUrl\":\"https:\\\/\\\/i0.wp.com\\\/shirleydazacorp.com\\\/wp-content\\\/uploads\\\/2025\\\/06\\\/Bruise-Scar-Cream.jpg?fit=640%2C640&ssl=1\",\"datePublished\":\"2025-06-05T05:01:32+00:00\",\"dateModified\":\"2025-06-09T20:10:19+00:00\",\"description\":\"Crema para cicatrices y hematomas con \u00e1rnica, vitamina E y cal\u00e9ndula. Repara, calma y mejora la piel tras cirug\u00eda, traumas o golpes.\",\"breadcrumb\":{\"@id\":\"https:\\\/\\\/shirleydazacorp.com\\\/product\\\/crema-reparadora-postoperatoria-bruise-scar-cream-1-7-oz\\\/#breadcrumb\"},\"inLanguage\":\"en-US\",\"potentialAction\":[{\"@type\":\"ReadAction\",\"target\":[\"https:\\\/\\\/shirleydazacorp.com\\\/product\\\/crema-reparadora-postoperatoria-bruise-scar-cream-1-7-oz\\\/\"]}]},{\"@type\":\"ImageObject\",\"inLanguage\":\"en-US\",\"@id\":\"https:\\\/\\\/shirleydazacorp.com\\\/product\\\/crema-reparadora-postoperatoria-bruise-scar-cream-1-7-oz\\\/#primaryimage\",\"url\":\"https:\\\/\\\/i0.wp.com\\\/shirleydazacorp.com\\\/wp-content\\\/uploads\\\/2025\\\/06\\\/Bruise-Scar-Cream.jpg?fit=640%2C640&ssl=1\",\"contentUrl\":\"https:\\\/\\\/i0.wp.com\\\/shirleydazacorp.com\\\/wp-content\\\/uploads\\\/2025\\\/06\\\/Bruise-Scar-Cream.jpg?fit=640%2C640&ssl=1\",\"width\":640,\"height\":640,\"caption\":\"Bruise Scar Cream\"},{\"@type\":\"BreadcrumbList\",\"@id\":\"https:\\\/\\\/shirleydazacorp.com\\\/product\\\/crema-reparadora-postoperatoria-bruise-scar-cream-1-7-oz\\\/#breadcrumb\",\"itemListElement\":[{\"@type\":\"ListItem\",\"position\":1,\"name\":\"Home\",\"item\":\"https:\\\/\\\/shirleydazacorp.com\\\/\"},{\"@type\":\"ListItem\",\"position\":2,\"name\":\"Products\",\"item\":\"https:\\\/\\\/shirleydazacorp.com\\\/shop\\\/\"},{\"@type\":\"ListItem\",\"position\":3,\"name\":\"Crema Reparadora Postoperatoria Bruise Scar Cream (1.7 oz)\"}]},{\"@type\":\"WebSite\",\"@id\":\"https:\\\/\\\/shirleydazacorp.com\\\/#website\",\"url\":\"https:\\\/\\\/shirleydazacorp.com\\\/\",\"name\":\"Shirley Daza Aesthetic Center\",\"description\":\"Your beauty and wellness in expert hands.\",\"publisher\":{\"@id\":\"https:\\\/\\\/shirleydazacorp.com\\\/#organization\"},\"potentialAction\":[{\"@type\":\"SearchAction\",\"target\":{\"@type\":\"EntryPoint\",\"urlTemplate\":\"https:\\\/\\\/shirleydazacorp.com\\\/?s={search_term_string}\"},\"query-input\":{\"@type\":\"PropertyValueSpecification\",\"valueRequired\":true,\"valueName\":\"search_term_string\"}}],\"inLanguage\":\"en-US\"},{\"@type\":\"Organization\",\"@id\":\"https:\\\/\\\/shirleydazacorp.com\\\/#organization\",\"name\":\"Shirley Daza Aesthetic Center\",\"url\":\"https:\\\/\\\/shirleydazacorp.com\\\/\",\"logo\":{\"@type\":\"ImageObject\",\"inLanguage\":\"en-US\",\"@id\":\"https:\\\/\\\/shirleydazacorp.com\\\/#\\\/schema\\\/logo\\\/image\\\/\",\"url\":\"https:\\\/\\\/i0.wp.com\\\/shirleydazacorp.com\\\/wp-content\\\/uploads\\\/2024\\\/12\\\/cropped-logo-shirley-daza.png?fit=401%2C250&ssl=1\",\"contentUrl\":\"https:\\\/\\\/i0.wp.com\\\/shirleydazacorp.com\\\/wp-content\\\/uploads\\\/2024\\\/12\\\/cropped-logo-shirley-daza.png?fit=401%2C250&ssl=1\",\"width\":401,\"height\":250,\"caption\":\"Shirley Daza Aesthetic Center\"},\"image\":{\"@id\":\"https:\\\/\\\/shirleydazacorp.com\\\/#\\\/schema\\\/logo\\\/image\\\/\"},\"sameAs\":[\"https:\\\/\\\/www.facebook.com\\\/profile.php?id=100088348346496\",\"https:\\\/\\\/www.instagram.com\\\/shirleydazacorp\\\/\",\"https:\\\/\\\/www.tiktok.com\\\/@sd_aesthetic\"]}]}<\/script>\n<!-- \/ Yoast SEO plugin. -->","yoast_head_json":{"title":"Crema Reparadora Postoperatoria Bruise Scar Cream (1.7 oz) - Shirley Daza Aesthetic Center","description":"Crema para cicatrices y hematomas con \u00e1rnica, vitamina E y cal\u00e9ndula. Repara, calma y mejora la piel tras cirug\u00eda, traumas o golpes.","robots":{"index":"index","follow":"follow","max-snippet":"max-snippet:-1","max-image-preview":"max-image-preview:large","max-video-preview":"max-video-preview:-1"},"canonical":"https:\/\/shirleydazacorp.com\/en\/product\/crema-reparadora-postoperatoria-bruise-scar-cream-1-7-oz\/","og_locale":"en_US","og_type":"article","og_title":"Crema Reparadora Postoperatoria Bruise Scar Cream (1.7 oz) - Shirley Daza Aesthetic Center","og_description":"Crema para cicatrices y hematomas con \u00e1rnica, vitamina E y cal\u00e9ndula. Repara, calma y mejora la piel tras cirug\u00eda, traumas o golpes.","og_url":"https:\/\/shirleydazacorp.com\/en\/product\/crema-reparadora-postoperatoria-bruise-scar-cream-1-7-oz\/","og_site_name":"Shirley Daza Aesthetic Center","article_publisher":"https:\/\/www.facebook.com\/profile.php?id=100088348346496","article_modified_time":"2025-06-09T20:10:19+00:00","og_image":[{"width":640,"height":640,"url":"https:\/\/shirleydazacorp.com\/wp-content\/uploads\/2025\/06\/Bruise-Scar-Cream.jpg","type":"image\/jpeg"}],"twitter_card":"summary_large_image","twitter_misc":{"Est. reading time":"1 minute"},"schema":{"@context":"https:\/\/schema.org","@graph":[{"@type":"WebPage","@id":"https:\/\/shirleydazacorp.com\/product\/crema-reparadora-postoperatoria-bruise-scar-cream-1-7-oz\/","url":"https:\/\/shirleydazacorp.com\/product\/crema-reparadora-postoperatoria-bruise-scar-cream-1-7-oz\/","name":"Crema Reparadora Postoperatoria Bruise Scar Cream (1.7 oz) - Shirley Daza Aesthetic Center","isPartOf":{"@id":"https:\/\/shirleydazacorp.com\/#website"},"primaryImageOfPage":{"@id":"https:\/\/shirleydazacorp.com\/product\/crema-reparadora-postoperatoria-bruise-scar-cream-1-7-oz\/#primaryimage"},"image":{"@id":"https:\/\/shirleydazacorp.com\/product\/crema-reparadora-postoperatoria-bruise-scar-cream-1-7-oz\/#primaryimage"},"thumbnailUrl":"https:\/\/i0.wp.com\/shirleydazacorp.com\/wp-content\/uploads\/2025\/06\/Bruise-Scar-Cream.jpg?fit=640%2C640&ssl=1","datePublished":"2025-06-05T05:01:32+00:00","dateModified":"2025-06-09T20:10:19+00:00","description":"Crema para cicatrices y hematomas con \u00e1rnica, vitamina E y cal\u00e9ndula. Repara, calma y mejora la piel tras cirug\u00eda, traumas o golpes.","breadcrumb":{"@id":"https:\/\/shirleydazacorp.com\/product\/crema-reparadora-postoperatoria-bruise-scar-cream-1-7-oz\/#breadcrumb"},"inLanguage":"en-US","potentialAction":[{"@type":"ReadAction","target":["https:\/\/shirleydazacorp.com\/product\/crema-reparadora-postoperatoria-bruise-scar-cream-1-7-oz\/"]}]},{"@type":"ImageObject","inLanguage":"en-US","@id":"https:\/\/shirleydazacorp.com\/product\/crema-reparadora-postoperatoria-bruise-scar-cream-1-7-oz\/#primaryimage","url":"https:\/\/i0.wp.com\/shirleydazacorp.com\/wp-content\/uploads\/2025\/06\/Bruise-Scar-Cream.jpg?fit=640%2C640&ssl=1","contentUrl":"https:\/\/i0.wp.com\/shirleydazacorp.com\/wp-content\/uploads\/2025\/06\/Bruise-Scar-Cream.jpg?fit=640%2C640&ssl=1","width":640,"height":640,"caption":"Bruise Scar Cream"},{"@type":"BreadcrumbList","@id":"https:\/\/shirleydazacorp.com\/product\/crema-reparadora-postoperatoria-bruise-scar-cream-1-7-oz\/#breadcrumb","itemListElement":[{"@type":"ListItem","position":1,"name":"Home","item":"https:\/\/shirleydazacorp.com\/"},{"@type":"ListItem","position":2,"name":"Products","item":"https:\/\/shirleydazacorp.com\/shop\/"},{"@type":"ListItem","position":3,"name":"Crema Reparadora Postoperatoria Bruise Scar Cream (1.7 oz)"}]},{"@type":"WebSite","@id":"https:\/\/shirleydazacorp.com\/#website","url":"https:\/\/shirleydazacorp.com\/","name":"Shirley Daza Aesthetic Center","description":"Your beauty and wellness in expert hands.","publisher":{"@id":"https:\/\/shirleydazacorp.com\/#organization"},"potentialAction":[{"@type":"SearchAction","target":{"@type":"EntryPoint","urlTemplate":"https:\/\/shirleydazacorp.com\/?s={search_term_string}"},"query-input":{"@type":"PropertyValueSpecification","valueRequired":true,"valueName":"search_term_string"}}],"inLanguage":"en-US"},{"@type":"Organization","@id":"https:\/\/shirleydazacorp.com\/#organization","name":"Shirley Daza Aesthetic Center","url":"https:\/\/shirleydazacorp.com\/","logo":{"@type":"ImageObject","inLanguage":"en-US","@id":"https:\/\/shirleydazacorp.com\/#\/schema\/logo\/image\/","url":"https:\/\/i0.wp.com\/shirleydazacorp.com\/wp-content\/uploads\/2024\/12\/cropped-logo-shirley-daza.png?fit=401%2C250&ssl=1","contentUrl":"https:\/\/i0.wp.com\/shirleydazacorp.com\/wp-content\/uploads\/2024\/12\/cropped-logo-shirley-daza.png?fit=401%2C250&ssl=1","width":401,"height":250,"caption":"Shirley Daza Aesthetic Center"},"image":{"@id":"https:\/\/shirleydazacorp.com\/#\/schema\/logo\/image\/"},"sameAs":["https:\/\/www.facebook.com\/profile.php?id=100088348346496","https:\/\/www.instagram.com\/shirleydazacorp\/","https:\/\/www.tiktok.com\/@sd_aesthetic"]}]}},"jetpack_sharing_enabled":true,"_links":{"self":[{"href":"https:\/\/shirleydazacorp.com\/en\/wp-json\/wp\/v2\/product\/3993","targetHints":{"allow":["GET"]}}],"collection":[{"href":"https:\/\/shirleydazacorp.com\/en\/wp-json\/wp\/v2\/product"}],"about":[{"href":"https:\/\/shirleydazacorp.com\/en\/wp-json\/wp\/v2\/types\/product"}],"replies":[{"embeddable":true,"href":"https:\/\/shirleydazacorp.com\/en\/wp-json\/wp\/v2\/comments?post=3993"}],"wp:featuredmedia":[{"embeddable":true,"href":"https:\/\/shirleydazacorp.com\/en\/wp-json\/wp\/v2\/media\/4001"}],"wp:attachment":[{"href":"https:\/\/shirleydazacorp.com\/en\/wp-json\/wp\/v2\/media?parent=3993"}],"wp:term":[{"taxonomy":"product_brand","embeddable":true,"href":"https:\/\/shirleydazacorp.com\/en\/wp-json\/wp\/v2\/product_brand?post=3993"},{"taxonomy":"product_cat","embeddable":true,"href":"https:\/\/shirleydazacorp.com\/en\/wp-json\/wp\/v2\/product_cat?post=3993"},{"taxonomy":"product_tag","embeddable":true,"href":"https:\/\/shirleydazacorp.com\/en\/wp-json\/wp\/v2\/product_tag?post=3993"}],"curies":[{"name":"wp","href":"https:\/\/api.w.org\/{rel}","templated":true}]}}