{"id":4010,"date":"2025-06-05T13:58:26","date_gmt":"2025-06-05T13:58:26","guid":{"rendered":"https:\/\/shirleydazacorp.com\/?post_type=product&#038;p=4010"},"modified":"2025-06-09T20:09:20","modified_gmt":"2025-06-09T20:09:20","slug":"aceite-reductora-y-anticelulitica-de-cafe-shirley-daza-8-oz","status":"publish","type":"product","link":"https:\/\/shirleydazacorp.com\/en\/product\/aceite-reductora-y-anticelulitica-de-cafe-shirley-daza-8-oz\/","title":{"rendered":"Coffee Slimming and Anti-Cellulite Oil \u2013 Shirley Daza (8 oz)"},"content":{"rendered":"<h3 data-start=\"722\" data-end=\"769\">\ud83d\udfe9 <strong data-start=\"729\" data-end=\"767\">Benefits of Coffee Massage Oil:<\/strong><\/h3>\n<ul data-start=\"770\" data-end=\"1110\">\n<li data-start=\"770\" data-end=\"818\">\n<p data-start=\"772\" data-end=\"818\">Activates circulation and lymphatic drainage<\/p>\n<\/li>\n<li data-start=\"819\" data-end=\"865\">\n<p data-start=\"821\" data-end=\"865\">Improves skin appearance with cellulite<\/p>\n<\/li>\n<li data-start=\"866\" data-end=\"916\">\n<p data-start=\"868\" data-end=\"916\">Deep hydration without leaving greasy residue<\/p>\n<\/li>\n<li data-start=\"917\" data-end=\"959\">\n<p data-start=\"919\" data-end=\"959\">Enhances skin tone and firmness<\/p>\n<\/li>\n<li data-start=\"960\" data-end=\"1005\">\n<p data-start=\"962\" data-end=\"1005\">Relaxes muscles and reduces body tension<\/p>\n<\/li>\n<li data-start=\"1006\" data-end=\"1080\">\n<p data-start=\"1008\" data-end=\"1080\">Ideal for wood therapy, cupping, manual massages, or post-op treatments<\/p>\n<\/li>\n<li data-start=\"1081\" data-end=\"1110\">\n<p data-start=\"1083\" data-end=\"1110\">Suitable for all skin types<\/p>\n<\/li>\n<\/ul>\n<hr data-start=\"1112\" data-end=\"1115\" \/>\n<h3 data-start=\"1117\" data-end=\"1150\">\ud83e\uddea <strong data-start=\"1124\" data-end=\"1148\">How to use the oil:<\/strong><\/h3>\n<p data-start=\"1151\" data-end=\"1390\">Apply directly to the desired area and massage with firm, circular movements. Can be combined with professional techniques such as slimming massage, lymphatic drainage, vacuum therapy, or sports massage. Use daily or as per protocol.<\/p>\n<hr data-start=\"1392\" data-end=\"1395\" \/>\n<h3 data-start=\"1397\" data-end=\"1431\">\ud83c\udf3f <strong data-start=\"1404\" data-end=\"1429\">Active Ingredients:<\/strong><\/h3>\n<ul data-start=\"1432\" data-end=\"1631\">\n<li data-start=\"1432\" data-end=\"1460\">\n<p data-start=\"1434\" data-end=\"1460\">Natural coffee extract<\/p>\n<\/li>\n<li data-start=\"1461\" data-end=\"1486\">\n<p data-start=\"1463\" data-end=\"1486\">Tea tree oil<\/p>\n<\/li>\n<li data-start=\"1487\" data-end=\"1515\">\n<p data-start=\"1489\" data-end=\"1515\">Grape seed oil<\/p>\n<\/li>\n<li data-start=\"1516\" data-end=\"1541\">\n<p data-start=\"1518\" data-end=\"1541\">Aloe vera extract<\/p>\n<\/li>\n<li data-start=\"1542\" data-end=\"1563\">\n<p data-start=\"1544\" data-end=\"1563\">Lavender oil<\/p>\n<\/li>\n<li data-start=\"1564\" data-end=\"1588\">\n<p data-start=\"1566\" data-end=\"1588\">Chamomile oil<\/p>\n<\/li>\n<li data-start=\"1589\" data-end=\"1610\">\n<p data-start=\"1591\" data-end=\"1610\">Sunflower oil<\/p>\n<\/li>\n<li data-start=\"1611\" data-end=\"1631\">\n<p data-start=\"1613\" data-end=\"1631\">Sesame oil<\/p>\n<\/li>\n<\/ul>","protected":false},"excerpt":{"rendered":"<p data-start=\"278\" data-end=\"715\">The <strong data-start=\"281\" data-end=\"303\">Coffee Massage Oil<\/strong> The Coffee Massage Oil by Shirley Daza is a therapeutic blend designed for slimming, draining, and anti-cellulite massages. Formulated with natural coffee extract and essential oils, this oil stimulates microcirculation, improves skin texture, and helps effectively combat cellulite. Its light, non-greasy texture and natural aroma provide an ideal sensory experience for professional or home use.<\/p>","protected":false},"featured_media":4012,"comment_status":"open","ping_status":"closed","template":"","meta":{"nf_dc_page":"","om_disable_all_campaigns":false,"site-container-style":"default","site-container-layout":"default","site-sidebar-layout":"default","site-transparent-header":"default","disable-article-header":"default","disable-site-header":"default","disable-site-footer":"default","disable-content-area-spacing":"default"},"product_brand":[63],"product_cat":[68],"product_tag":[],"class_list":{"0":"post-4010","1":"product","2":"type-product","3":"status-publish","4":"has-post-thumbnail","6":"product_brand-shirley-daza","7":"product_cat-anticelulitico","9":"first","10":"instock","11":"taxable","12":"shipping-taxable","13":"purchasable","14":"product-type-simple"},"yoast_head":"<!-- This site is optimized with the Yoast SEO plugin v27.4 - https:\/\/yoast.com\/product\/yoast-seo-wordpress\/ -->\n<title>Aceite Reductor y Anticelul\u00edtico de caf\u00e9 - Shirley Daza (8 oz) - Shirley Daza Aesthetic Center<\/title>\n<meta name=\"description\" content=\"Aceite de masaje con extracto de caf\u00e9 para reducir celulitis, activar la circulaci\u00f3n y mejorar la textura de la piel. Ideal para tratamientos reductores.\" \/>\n<meta name=\"robots\" content=\"index, follow, max-snippet:-1, max-image-preview:large, max-video-preview:-1\" \/>\n<link rel=\"canonical\" href=\"https:\/\/shirleydazacorp.com\/en\/product\/aceite-reductora-y-anticelulitica-de-cafe-shirley-daza-8-oz\/\" \/>\n<meta property=\"og:locale\" content=\"en_US\" \/>\n<meta property=\"og:type\" content=\"article\" \/>\n<meta property=\"og:title\" content=\"Aceite Reductor y Anticelul\u00edtico de caf\u00e9 - Shirley Daza (8 oz) - Shirley Daza Aesthetic Center\" \/>\n<meta property=\"og:description\" content=\"Aceite de masaje con extracto de caf\u00e9 para reducir celulitis, activar la circulaci\u00f3n y mejorar la textura de la piel. Ideal para tratamientos reductores.\" \/>\n<meta property=\"og:url\" content=\"https:\/\/shirleydazacorp.com\/en\/product\/aceite-reductora-y-anticelulitica-de-cafe-shirley-daza-8-oz\/\" \/>\n<meta property=\"og:site_name\" content=\"Shirley Daza Aesthetic Center\" \/>\n<meta property=\"article:publisher\" content=\"https:\/\/www.facebook.com\/profile.php?id=100088348346496\" \/>\n<meta property=\"article:modified_time\" content=\"2025-06-09T20:09:20+00:00\" \/>\n<meta property=\"og:image\" content=\"https:\/\/shirleydazacorp.com\/wp-content\/uploads\/2025\/06\/Aceite-Reductora-y-Anticelulitica-de-cafe.jpg\" \/>\n\t<meta property=\"og:image:width\" content=\"640\" \/>\n\t<meta property=\"og:image:height\" content=\"640\" \/>\n\t<meta property=\"og:image:type\" content=\"image\/jpeg\" \/>\n<meta name=\"twitter:card\" content=\"summary_large_image\" \/>\n<meta name=\"twitter:label1\" content=\"Est. reading time\" \/>\n\t<meta name=\"twitter:data1\" content=\"1 minute\" \/>\n<script type=\"application\/ld+json\" class=\"yoast-schema-graph\">{\"@context\":\"https:\\\/\\\/schema.org\",\"@graph\":[{\"@type\":\"WebPage\",\"@id\":\"https:\\\/\\\/shirleydazacorp.com\\\/product\\\/aceite-reductora-y-anticelulitica-de-cafe-shirley-daza-8-oz\\\/\",\"url\":\"https:\\\/\\\/shirleydazacorp.com\\\/product\\\/aceite-reductora-y-anticelulitica-de-cafe-shirley-daza-8-oz\\\/\",\"name\":\"Aceite Reductor y Anticelul\u00edtico de caf\u00e9 - Shirley Daza (8 oz) - Shirley Daza Aesthetic Center\",\"isPartOf\":{\"@id\":\"https:\\\/\\\/shirleydazacorp.com\\\/#website\"},\"primaryImageOfPage\":{\"@id\":\"https:\\\/\\\/shirleydazacorp.com\\\/product\\\/aceite-reductora-y-anticelulitica-de-cafe-shirley-daza-8-oz\\\/#primaryimage\"},\"image\":{\"@id\":\"https:\\\/\\\/shirleydazacorp.com\\\/product\\\/aceite-reductora-y-anticelulitica-de-cafe-shirley-daza-8-oz\\\/#primaryimage\"},\"thumbnailUrl\":\"https:\\\/\\\/i0.wp.com\\\/shirleydazacorp.com\\\/wp-content\\\/uploads\\\/2025\\\/06\\\/Aceite-Reductora-y-Anticelulitica-de-cafe.jpg?fit=640%2C640&ssl=1\",\"datePublished\":\"2025-06-05T13:58:26+00:00\",\"dateModified\":\"2025-06-09T20:09:20+00:00\",\"description\":\"Aceite de masaje con extracto de caf\u00e9 para reducir celulitis, activar la circulaci\u00f3n y mejorar la textura de la piel. Ideal para tratamientos reductores.\",\"breadcrumb\":{\"@id\":\"https:\\\/\\\/shirleydazacorp.com\\\/product\\\/aceite-reductora-y-anticelulitica-de-cafe-shirley-daza-8-oz\\\/#breadcrumb\"},\"inLanguage\":\"en-US\",\"potentialAction\":[{\"@type\":\"ReadAction\",\"target\":[\"https:\\\/\\\/shirleydazacorp.com\\\/product\\\/aceite-reductora-y-anticelulitica-de-cafe-shirley-daza-8-oz\\\/\"]}]},{\"@type\":\"ImageObject\",\"inLanguage\":\"en-US\",\"@id\":\"https:\\\/\\\/shirleydazacorp.com\\\/product\\\/aceite-reductora-y-anticelulitica-de-cafe-shirley-daza-8-oz\\\/#primaryimage\",\"url\":\"https:\\\/\\\/i0.wp.com\\\/shirleydazacorp.com\\\/wp-content\\\/uploads\\\/2025\\\/06\\\/Aceite-Reductora-y-Anticelulitica-de-cafe.jpg?fit=640%2C640&ssl=1\",\"contentUrl\":\"https:\\\/\\\/i0.wp.com\\\/shirleydazacorp.com\\\/wp-content\\\/uploads\\\/2025\\\/06\\\/Aceite-Reductora-y-Anticelulitica-de-cafe.jpg?fit=640%2C640&ssl=1\",\"width\":640,\"height\":640,\"caption\":\"Aceite Reductora y Anticelul\u00edtica de caf\u00e9 2\"},{\"@type\":\"BreadcrumbList\",\"@id\":\"https:\\\/\\\/shirleydazacorp.com\\\/product\\\/aceite-reductora-y-anticelulitica-de-cafe-shirley-daza-8-oz\\\/#breadcrumb\",\"itemListElement\":[{\"@type\":\"ListItem\",\"position\":1,\"name\":\"Home\",\"item\":\"https:\\\/\\\/shirleydazacorp.com\\\/\"},{\"@type\":\"ListItem\",\"position\":2,\"name\":\"Products\",\"item\":\"https:\\\/\\\/shirleydazacorp.com\\\/shop\\\/\"},{\"@type\":\"ListItem\",\"position\":3,\"name\":\"Aceite Reductor y Anticelul\u00edtico de caf\u00e9 &#8211; Shirley Daza (8 oz)\"}]},{\"@type\":\"WebSite\",\"@id\":\"https:\\\/\\\/shirleydazacorp.com\\\/#website\",\"url\":\"https:\\\/\\\/shirleydazacorp.com\\\/\",\"name\":\"Shirley Daza Aesthetic Center\",\"description\":\"Your beauty and wellness in expert hands.\",\"publisher\":{\"@id\":\"https:\\\/\\\/shirleydazacorp.com\\\/#organization\"},\"potentialAction\":[{\"@type\":\"SearchAction\",\"target\":{\"@type\":\"EntryPoint\",\"urlTemplate\":\"https:\\\/\\\/shirleydazacorp.com\\\/?s={search_term_string}\"},\"query-input\":{\"@type\":\"PropertyValueSpecification\",\"valueRequired\":true,\"valueName\":\"search_term_string\"}}],\"inLanguage\":\"en-US\"},{\"@type\":\"Organization\",\"@id\":\"https:\\\/\\\/shirleydazacorp.com\\\/#organization\",\"name\":\"Shirley Daza Aesthetic Center\",\"url\":\"https:\\\/\\\/shirleydazacorp.com\\\/\",\"logo\":{\"@type\":\"ImageObject\",\"inLanguage\":\"en-US\",\"@id\":\"https:\\\/\\\/shirleydazacorp.com\\\/#\\\/schema\\\/logo\\\/image\\\/\",\"url\":\"https:\\\/\\\/i0.wp.com\\\/shirleydazacorp.com\\\/wp-content\\\/uploads\\\/2024\\\/12\\\/cropped-logo-shirley-daza.png?fit=401%2C250&ssl=1\",\"contentUrl\":\"https:\\\/\\\/i0.wp.com\\\/shirleydazacorp.com\\\/wp-content\\\/uploads\\\/2024\\\/12\\\/cropped-logo-shirley-daza.png?fit=401%2C250&ssl=1\",\"width\":401,\"height\":250,\"caption\":\"Shirley Daza Aesthetic Center\"},\"image\":{\"@id\":\"https:\\\/\\\/shirleydazacorp.com\\\/#\\\/schema\\\/logo\\\/image\\\/\"},\"sameAs\":[\"https:\\\/\\\/www.facebook.com\\\/profile.php?id=100088348346496\",\"https:\\\/\\\/www.instagram.com\\\/shirleydazacorp\\\/\",\"https:\\\/\\\/www.tiktok.com\\\/@sd_aesthetic\"]}]}<\/script>\n<!-- \/ Yoast SEO plugin. -->","yoast_head_json":{"title":"Aceite Reductor y Anticelul\u00edtico de caf\u00e9 - Shirley Daza (8 oz) - Shirley Daza Aesthetic Center","description":"Aceite de masaje con extracto de caf\u00e9 para reducir celulitis, activar la circulaci\u00f3n y mejorar la textura de la piel. Ideal para tratamientos reductores.","robots":{"index":"index","follow":"follow","max-snippet":"max-snippet:-1","max-image-preview":"max-image-preview:large","max-video-preview":"max-video-preview:-1"},"canonical":"https:\/\/shirleydazacorp.com\/en\/product\/aceite-reductora-y-anticelulitica-de-cafe-shirley-daza-8-oz\/","og_locale":"en_US","og_type":"article","og_title":"Aceite Reductor y Anticelul\u00edtico de caf\u00e9 - Shirley Daza (8 oz) - Shirley Daza Aesthetic Center","og_description":"Aceite de masaje con extracto de caf\u00e9 para reducir celulitis, activar la circulaci\u00f3n y mejorar la textura de la piel. Ideal para tratamientos reductores.","og_url":"https:\/\/shirleydazacorp.com\/en\/product\/aceite-reductora-y-anticelulitica-de-cafe-shirley-daza-8-oz\/","og_site_name":"Shirley Daza Aesthetic Center","article_publisher":"https:\/\/www.facebook.com\/profile.php?id=100088348346496","article_modified_time":"2025-06-09T20:09:20+00:00","og_image":[{"width":640,"height":640,"url":"https:\/\/shirleydazacorp.com\/wp-content\/uploads\/2025\/06\/Aceite-Reductora-y-Anticelulitica-de-cafe.jpg","type":"image\/jpeg"}],"twitter_card":"summary_large_image","twitter_misc":{"Est. reading time":"1 minute"},"schema":{"@context":"https:\/\/schema.org","@graph":[{"@type":"WebPage","@id":"https:\/\/shirleydazacorp.com\/product\/aceite-reductora-y-anticelulitica-de-cafe-shirley-daza-8-oz\/","url":"https:\/\/shirleydazacorp.com\/product\/aceite-reductora-y-anticelulitica-de-cafe-shirley-daza-8-oz\/","name":"Aceite Reductor y Anticelul\u00edtico de caf\u00e9 - Shirley Daza (8 oz) - Shirley Daza Aesthetic Center","isPartOf":{"@id":"https:\/\/shirleydazacorp.com\/#website"},"primaryImageOfPage":{"@id":"https:\/\/shirleydazacorp.com\/product\/aceite-reductora-y-anticelulitica-de-cafe-shirley-daza-8-oz\/#primaryimage"},"image":{"@id":"https:\/\/shirleydazacorp.com\/product\/aceite-reductora-y-anticelulitica-de-cafe-shirley-daza-8-oz\/#primaryimage"},"thumbnailUrl":"https:\/\/i0.wp.com\/shirleydazacorp.com\/wp-content\/uploads\/2025\/06\/Aceite-Reductora-y-Anticelulitica-de-cafe.jpg?fit=640%2C640&ssl=1","datePublished":"2025-06-05T13:58:26+00:00","dateModified":"2025-06-09T20:09:20+00:00","description":"Aceite de masaje con extracto de caf\u00e9 para reducir celulitis, activar la circulaci\u00f3n y mejorar la textura de la piel. Ideal para tratamientos reductores.","breadcrumb":{"@id":"https:\/\/shirleydazacorp.com\/product\/aceite-reductora-y-anticelulitica-de-cafe-shirley-daza-8-oz\/#breadcrumb"},"inLanguage":"en-US","potentialAction":[{"@type":"ReadAction","target":["https:\/\/shirleydazacorp.com\/product\/aceite-reductora-y-anticelulitica-de-cafe-shirley-daza-8-oz\/"]}]},{"@type":"ImageObject","inLanguage":"en-US","@id":"https:\/\/shirleydazacorp.com\/product\/aceite-reductora-y-anticelulitica-de-cafe-shirley-daza-8-oz\/#primaryimage","url":"https:\/\/i0.wp.com\/shirleydazacorp.com\/wp-content\/uploads\/2025\/06\/Aceite-Reductora-y-Anticelulitica-de-cafe.jpg?fit=640%2C640&ssl=1","contentUrl":"https:\/\/i0.wp.com\/shirleydazacorp.com\/wp-content\/uploads\/2025\/06\/Aceite-Reductora-y-Anticelulitica-de-cafe.jpg?fit=640%2C640&ssl=1","width":640,"height":640,"caption":"Aceite Reductora y Anticelul\u00edtica de caf\u00e9 2"},{"@type":"BreadcrumbList","@id":"https:\/\/shirleydazacorp.com\/product\/aceite-reductora-y-anticelulitica-de-cafe-shirley-daza-8-oz\/#breadcrumb","itemListElement":[{"@type":"ListItem","position":1,"name":"Home","item":"https:\/\/shirleydazacorp.com\/"},{"@type":"ListItem","position":2,"name":"Products","item":"https:\/\/shirleydazacorp.com\/shop\/"},{"@type":"ListItem","position":3,"name":"Aceite Reductor y Anticelul\u00edtico de caf\u00e9 &#8211; Shirley Daza (8 oz)"}]},{"@type":"WebSite","@id":"https:\/\/shirleydazacorp.com\/#website","url":"https:\/\/shirleydazacorp.com\/","name":"Shirley Daza Aesthetic Center","description":"Your beauty and wellness in expert hands.","publisher":{"@id":"https:\/\/shirleydazacorp.com\/#organization"},"potentialAction":[{"@type":"SearchAction","target":{"@type":"EntryPoint","urlTemplate":"https:\/\/shirleydazacorp.com\/?s={search_term_string}"},"query-input":{"@type":"PropertyValueSpecification","valueRequired":true,"valueName":"search_term_string"}}],"inLanguage":"en-US"},{"@type":"Organization","@id":"https:\/\/shirleydazacorp.com\/#organization","name":"Shirley Daza Aesthetic Center","url":"https:\/\/shirleydazacorp.com\/","logo":{"@type":"ImageObject","inLanguage":"en-US","@id":"https:\/\/shirleydazacorp.com\/#\/schema\/logo\/image\/","url":"https:\/\/i0.wp.com\/shirleydazacorp.com\/wp-content\/uploads\/2024\/12\/cropped-logo-shirley-daza.png?fit=401%2C250&ssl=1","contentUrl":"https:\/\/i0.wp.com\/shirleydazacorp.com\/wp-content\/uploads\/2024\/12\/cropped-logo-shirley-daza.png?fit=401%2C250&ssl=1","width":401,"height":250,"caption":"Shirley Daza Aesthetic Center"},"image":{"@id":"https:\/\/shirleydazacorp.com\/#\/schema\/logo\/image\/"},"sameAs":["https:\/\/www.facebook.com\/profile.php?id=100088348346496","https:\/\/www.instagram.com\/shirleydazacorp\/","https:\/\/www.tiktok.com\/@sd_aesthetic"]}]}},"jetpack_sharing_enabled":true,"_links":{"self":[{"href":"https:\/\/shirleydazacorp.com\/en\/wp-json\/wp\/v2\/product\/4010","targetHints":{"allow":["GET"]}}],"collection":[{"href":"https:\/\/shirleydazacorp.com\/en\/wp-json\/wp\/v2\/product"}],"about":[{"href":"https:\/\/shirleydazacorp.com\/en\/wp-json\/wp\/v2\/types\/product"}],"replies":[{"embeddable":true,"href":"https:\/\/shirleydazacorp.com\/en\/wp-json\/wp\/v2\/comments?post=4010"}],"wp:featuredmedia":[{"embeddable":true,"href":"https:\/\/shirleydazacorp.com\/en\/wp-json\/wp\/v2\/media\/4012"}],"wp:attachment":[{"href":"https:\/\/shirleydazacorp.com\/en\/wp-json\/wp\/v2\/media?parent=4010"}],"wp:term":[{"taxonomy":"product_brand","embeddable":true,"href":"https:\/\/shirleydazacorp.com\/en\/wp-json\/wp\/v2\/product_brand?post=4010"},{"taxonomy":"product_cat","embeddable":true,"href":"https:\/\/shirleydazacorp.com\/en\/wp-json\/wp\/v2\/product_cat?post=4010"},{"taxonomy":"product_tag","embeddable":true,"href":"https:\/\/shirleydazacorp.com\/en\/wp-json\/wp\/v2\/product_tag?post=4010"}],"curies":[{"name":"wp","href":"https:\/\/api.w.org\/{rel}","templated":true}]}}